{"id":742,"date":"2016-02-19T00:54:56","date_gmt":"2016-02-18T23:54:56","guid":{"rendered":"http:\/\/www.campingcaladostia.com\/de\/prenota-online\/"},"modified":"2025-03-04T10:31:50","modified_gmt":"2025-03-04T09:31:50","slug":"online-buchung","status":"publish","type":"page","link":"https:\/\/www.campingcaladostia.com\/de\/online-buchung\/","title":{"rendered":"Online-Buchung"},"content":{"rendered":"\n<div class=\"wp-block-group block_1\"><div class=\"wp-block-group__inner-container is-layout-constrained wp-block-group-is-layout-constrained\">\n<h1 class=\"wp-block-heading\">Online-Buchung<\/h1>\n\n\n\n<p>Buchen Sie jetzt Ihren Urlaub auf Sardinien und w\u00e4hlen Sie aus unseren verschiedenen Unterkunftstypen aus<\/p>\n\n\n\n<div id=\"prenota\" class=\"wp-block-group\"><div class=\"wp-block-group__inner-container is-layout-constrained wp-block-group-is-layout-constrained\">        <div class=\"prenota form-prenota\">\n            <div id=\"mysearchengine\" class=\"mgc-container mgc-wide\">&nbsp;<\/div>\n            <div class=\"aviso_agosto\">\n                                    Vom 1 bis 25 August werden Buchungen nur f\u00fcr mindestens 7 N\u00e4chte akzeptiert.\n                            <\/div>\n        <\/div>\n        \n<\/div><\/div>\n<\/div><\/div>\n\n\n\n<div class=\"wp-block-group block_2\"><div class=\"wp-block-group__inner-container is-layout-constrained wp-block-group-is-layout-constrained\">\n<div class=\"wp-block-columns is-layout-flex wp-container-core-columns-is-layout-9d6595d7 wp-block-columns-is-layout-flex\">\n<div class=\"wp-block-column is-layout-flow wp-block-column-is-layout-flow\" style=\"flex-basis:410px\">\n<figure class=\"wp-block-image size-full\"><img loading=\"lazy\" decoding=\"async\" width=\"1125\" height=\"956\" src=\"https:\/\/www.campingcaladostia.com\/wp-content\/uploads\/2025\/02\/case-mobili-6-2-1.jpg\" alt=\"\" class=\"wp-image-4163\"\/><\/figure>\n<\/div>\n\n\n\n<div class=\"wp-block-column is-vertically-aligned-center is-layout-flow wp-block-column-is-layout-flow\">\n<h2 class=\"wp-block-heading\">Stellpl\u00e4tze f\u00fcr Zelte<\/h2>\n\n\n\n<p><strong>Stellpl\u00e4tze f\u00fcr Zelte<\/strong> sind die L\u00f6sung f\u00fcr diejenigen, die einen Urlaub mitten in der Natur und vor allem kosteng\u00fcnstig verbringen m\u00f6chten. Ger\u00e4umig und ideal im Schatten platziert, befinden sich die Stellpl\u00e4tze in der N\u00e4he der angebotenen Diensteistungen vom <strong>Campingplatz Cala d\u2019Ostia<\/strong> und verf\u00fcgen \u00fcber elektrische Anschl\u00fcsse, sodass Sie sich nicht von der Welt abgeschnitten f\u00fchlen. Nur 50 m vom Strand entfernt, ist ein Urlaub auf dem Campingplatz Cala d\u2019Ostia ein einzigartiges Erlebnis: Im <strong>Schatten des Pinien- und Eukalyptuswaldes<\/strong> sind die Stellpl\u00e4tze f\u00fcr Zelte mit Blick auf das Meer ausgerichtet und gleichzeitig gesch\u00fctzt durch die wilden sardischen Berge.<\/p>\n\n\n\n<div class=\"wp-block-buttons is-layout-flex wp-block-buttons-is-layout-flex\">\n<div class=\"wp-block-button tariffe_button\"><a class=\"wp-block-button__link wp-element-button\" href=\"https:\/\/www.campingcaladostia.com\/de\/preisliste\/\">Preisliste<\/a><\/div>\n\n\n\n<div class=\"wp-block-button\"><a class=\"wp-block-button__link wp-element-button\" href=\"#primary\">Jetzt buchen<\/a><\/div>\n<\/div>\n<\/div>\n<\/div>\n\n\n\n<div class=\"wp-block-columns is-layout-flex wp-container-core-columns-is-layout-9d6595d7 wp-block-columns-is-layout-flex\">\n<div class=\"wp-block-column is-layout-flow wp-block-column-is-layout-flow\" style=\"flex-basis:410px\">\n<figure class=\"wp-block-image size-full\"><img loading=\"lazy\" decoding=\"async\" width=\"1125\" height=\"956\" src=\"https:\/\/www.campingcaladostia.com\/wp-content\/uploads\/2025\/02\/case-mobili-6-3-1.jpg\" alt=\"\" class=\"wp-image-4166\"\/><\/figure>\n<\/div>\n\n\n\n<div class=\"wp-block-column is-vertically-aligned-center is-layout-flow wp-block-column-is-layout-flow\">\n<h2 class=\"wp-block-heading\">Stellpl\u00e4tze f\u00fcr Wohnmobile und Wohnwagen<\/h2>\n\n\n\n<p><strong>Stellpl\u00e4tze f\u00fcr Wohnmobile und Wohnwagen<\/strong> auf dem Campingplatz Cala d\u2019Ostia bedeuten Ruhe genie\u00dfen, die nur die Natur geben kann, und Komfort, typisch f\u00fcr das Leben auf dem Campingplatz. Im Cala d\u2019Ostia sind alle Stellpl\u00e4tze f\u00fcr Wohnmobile und Wohnwagen nicht <strong>unter der direkten Sonne aufgestellt<\/strong> und mit<strong>Licht ausgestattet<\/strong>: Auf diese Weise m\u00fcssen Sie nicht auf dieses elementare Mittel, dass Sie auch zu Hause verwenden, verzichten. Die Stellpl\u00e4tze f\u00fcr Wohnmobile und Wohnwagen sind etwa <strong>50 Meter vom Meer entfernt<\/strong> und umgeben von allen notwendigen Einrichtungen, um Ihren Aufenthalt noch angenehmer zu gestalten. Und wer, obwohl er keinen Wohnwagen besitzt, den Nervenkitzel eines Urlaubs an Bord erleben m\u00f6chte, kann ganz einfach einen<strong><a href=\"https:\/\/www.campingcaladostia.com\/\/de\/das-kampieren\/wohnwagen-vermietung\/\">Wohnwagen mieten<\/a><\/strong>, sobald er den Campingplatz erreicht hat.<\/p>\n\n\n\n<div class=\"wp-block-buttons is-layout-flex wp-block-buttons-is-layout-flex\">\n<div class=\"wp-block-button tariffe_button\"><a class=\"wp-block-button__link wp-element-button\" href=\"https:\/\/www.campingcaladostia.com\/de\/preisliste\/\">Preisliste<\/a><\/div>\n\n\n\n<div class=\"wp-block-button\"><a class=\"wp-block-button__link wp-element-button\" href=\"#primary\">Jetzt buchen<\/a><\/div>\n<\/div>\n<\/div>\n<\/div>\n\n\n\n<div class=\"wp-block-columns is-layout-flex wp-container-core-columns-is-layout-9d6595d7 wp-block-columns-is-layout-flex\">\n<div class=\"wp-block-column is-layout-flow wp-block-column-is-layout-flow\" style=\"flex-basis:410px\">\n<figure class=\"wp-block-image size-full\"><img loading=\"lazy\" decoding=\"async\" width=\"1125\" height=\"956\" src=\"https:\/\/www.campingcaladostia.com\/wp-content\/uploads\/2025\/02\/case-mobili-6-4-1.jpg\" alt=\"\" class=\"wp-image-4169\"\/><\/figure>\n<\/div>\n\n\n\n<div class=\"wp-block-column is-vertically-aligned-center is-layout-flow wp-block-column-is-layout-flow\">\n<h2 class=\"wp-block-heading\">Wohnwagen Vermietung<\/h2>\n\n\n\n<p>Abenteuer und Natur mit Komfort? Die L\u00f6sung ist ein <strong>Mietwohnwagen<\/strong>. Wer keinen Wohnwagen besitzt, aber schon immer davon getr\u00e4umt hat, Ferien im Wohnwagen zu machen, sollte \u00fcber das Mieten eines Wohnwagens innerhalb des Camping Cala d\u2019Ostia nachdenken. Unsere Wohnwagen profitieren von den zentralen Dienstleistungen des Campingbereichs, einschlie\u00dflich <strong>Gas<\/strong> und <strong>Strom<\/strong>, die im Preis enthalten sind. Alle Mietwohnwagen von Cala d\u2019Ostia sind mit <strong>Bettw\u00e4sche<\/strong> ausgestattet, in K\u00fcche und Bad gibt es keine W\u00e4sche. Gem\u00fctlich und funktionell ist die <strong>Kochnische<\/strong> mit<strong>K\u00fchlschrank<\/strong> und <strong>Geschirr<\/strong>, aber auch die <strong>Veranda<\/strong>, die mit <strong>St\u00fchlen<\/strong> und einem<strong>Tisch<\/strong> ausgestattet ist, um das Mittag- und Abendessen im Schatten der Kiefern und Pinien einzunehmen.<\/p>\n\n\n\n<div class=\"wp-block-buttons is-layout-flex wp-block-buttons-is-layout-flex\">\n<div class=\"wp-block-button tariffe_button\"><a class=\"wp-block-button__link wp-element-button\" href=\"https:\/\/www.campingcaladostia.com\/de\/preisliste\/\">Preisliste<\/a><\/div>\n\n\n\n<div class=\"wp-block-button\"><a class=\"wp-block-button__link wp-element-button\" href=\"#primary\">Jetzt buchen<\/a><\/div>\n<\/div>\n<\/div>\n<\/div>\n\n\n\n<div class=\"wp-block-columns is-layout-flex wp-container-core-columns-is-layout-9d6595d7 wp-block-columns-is-layout-flex\">\n<div class=\"wp-block-column is-layout-flow wp-block-column-is-layout-flow\" style=\"flex-basis:410px\">\n<figure class=\"wp-block-image size-full\"><img loading=\"lazy\" decoding=\"async\" width=\"1125\" height=\"956\" src=\"https:\/\/www.campingcaladostia.com\/wp-content\/uploads\/2025\/02\/case-mobili-6-1-1.jpg\" alt=\"\" class=\"wp-image-4172\"\/><\/figure>\n<\/div>\n\n\n\n<div class=\"wp-block-column is-vertically-aligned-center is-layout-flow wp-block-column-is-layout-flow\">\n<h2 class=\"wp-block-heading\">Mobilheime<\/h2>\n\n\n\n<p>Mobilheime sind die ideale Wahl f\u00fcr alle, die einen Campingurlaub mit allem Komfort verbringen m\u00f6chten, ohne auf den Kontakt zur Natur zu verzichten. Sie sind modern und gut ausgestattet und bieten ger\u00e4umige Zimmer, Klimaanlage und eine voll ausgestattete K\u00fcche, die maximale Entspannung w\u00e4hrend Ihres Aufenthalts garantieren. Die Mobilheime befinden sich in der N\u00e4he der wichtigsten Einrichtungen des Campingplatzes Cala d&#8217;Ostia und bieten eine einzigartige Erfahrung inmitten der Sch\u00f6nheit des Pinien- und Eukalyptuswaldes. Nur 50 Meter vom Strand entfernt, verbinden diese Unterk\u00fcnfte den Charme des kristallklaren Meeres mit der Ruhe der wilden sardischen Berge und sorgen f\u00fcr einen unvergesslichen Urlaub.<\/p>\n\n\n\n<div class=\"wp-block-buttons is-layout-flex wp-block-buttons-is-layout-flex\">\n<div class=\"wp-block-button tariffe_button\"><a class=\"wp-block-button__link wp-element-button\" href=\"https:\/\/www.campingcaladostia.com\/de\/preisliste\/\">Preisliste<\/a><\/div>\n\n\n\n<div class=\"wp-block-button\"><a class=\"wp-block-button__link wp-element-button\" href=\"#primary\">Jetzt buchen<\/a><\/div>\n<\/div>\n<\/div>\n<\/div>\n<\/div><\/div>\n\n\n\n<div class=\"wp-block-group block_3\"><div class=\"wp-block-group__inner-container is-layout-constrained wp-block-group-is-layout-constrained\">\n<div class=\"wp-block-group call_to_action_galleria\"><div class=\"wp-block-group__inner-container is-layout-constrained wp-block-group-is-layout-constrained\">\n<figure class=\"wp-block-image size-full\"><img loading=\"lazy\" decoding=\"async\" width=\"716\" height=\"640\" src=\"https:\/\/www.campingcaladostia.com\/wp-content\/uploads\/2025\/02\/Group-2782.png\" alt=\"\" class=\"wp-image-4127\"\/><\/figure>\n\n\n\n<p>Galerie\u00a0des campingplatzes und der umgebung<\/p>\n\n\n\n<div class=\"wp-block-buttons is-layout-flex wp-block-buttons-is-layout-flex\">\n<div class=\"wp-block-button\"><a class=\"wp-block-button__link wp-element-button\" href=\"https:\/\/www.campingcaladostia.com\/de\/galerie\/\">Siehe die gallerie<\/a><\/div>\n<\/div>\n<\/div><\/div>\n<\/div><\/div>\n\n\n\n<div class=\"wp-block-group block_4\"><div class=\"wp-block-group__inner-container is-layout-constrained wp-block-group-is-layout-constrained\">\n<div class=\"wp-block-group nostri_partners\"><div class=\"wp-block-group__inner-container is-layout-constrained wp-block-group-is-layout-constrained\">\n<h2 class=\"wp-block-heading\">Unsere&nbsp;Partner<\/h2>\n\n\n\n<div class=\"wp-block-group images swiper-container\"><div class=\"wp-block-group__inner-container is-layout-constrained wp-block-group-is-layout-constrained\">\n<figure class=\"wp-block-image size-full \u00ecmage_1 swiper-slide\"><img loading=\"lazy\" decoding=\"async\" width=\"366\" height=\"316\" src=\"https:\/\/www.campingcaladostia.com\/wp-content\/uploads\/2019\/03\/logo-tripadvisor.png\" alt=\"\" class=\"wp-image-3344\"\/><\/figure>\n\n\n\n<figure class=\"wp-block-image size-full \u00ecmage_2 swiper-slide\"><img loading=\"lazy\" decoding=\"async\" width=\"366\" height=\"316\" src=\"https:\/\/www.campingcaladostia.com\/wp-content\/uploads\/2019\/03\/logo-koobcamp.png\" alt=\"\" class=\"wp-image-3341\"\/><\/figure>\n\n\n\n<figure class=\"wp-block-image size-full \u00ecmage_3 swiper-slide\"><img loading=\"lazy\" decoding=\"async\" width=\"365\" height=\"316\" src=\"https:\/\/www.campingcaladostia.com\/wp-content\/uploads\/2019\/03\/logo-grimaldi-lines.png\" alt=\"\" class=\"wp-image-3338\"\/><\/figure>\n\n\n\n<figure class=\"wp-block-image size-full \u00ecmage_4 swiper-slide\"><img loading=\"lazy\" decoding=\"async\" width=\"366\" height=\"316\" src=\"https:\/\/www.campingcaladostia.com\/wp-content\/uploads\/2019\/03\/logo-faita-federcamping-1.png\" alt=\"\" class=\"wp-image-3354\"\/><\/figure>\n\n\n\n<figure class=\"wp-block-image size-full \u00ecmage_5 swiper-slide\"><img loading=\"lazy\" decoding=\"async\" width=\"366\" height=\"316\" src=\"https:\/\/www.campingcaladostia.com\/wp-content\/uploads\/2019\/03\/logo-corsica-sardinia-ferries.png\" alt=\"\" class=\"wp-image-3332\"\/><\/figure>\n\n\n\n<figure class=\"wp-block-image size-full \u00ecmage_6 swiper-slide\"><img loading=\"lazy\" decoding=\"async\" width=\"366\" height=\"316\" src=\"https:\/\/www.campingcaladostia.com\/wp-content\/uploads\/2019\/03\/logo-camperisti-sardi.png\" alt=\"\" class=\"wp-image-3329\"\/><\/figure>\n\n\n\n<figure class=\"wp-block-image size-full \u00ecmage_7 swiper-slide\"><img loading=\"lazy\" decoding=\"async\" width=\"366\" height=\"316\" src=\"https:\/\/www.campingcaladostia.com\/wp-content\/uploads\/2019\/03\/logo-booking-com.png\" alt=\"\" class=\"wp-image-3326\"\/><\/figure>\n<\/div><\/div>\n<\/div><\/div>\n<\/div><\/div>\n","protected":false},"excerpt":{"rendered":"<p>Online-Buchung Buchen Sie jetzt Ihren Urlaub auf Sardinien und w\u00e4hlen Sie aus unseren verschiedenen Unterkunftstypen aus Stellpl\u00e4tze f\u00fcr Zelte Stellpl\u00e4tze f\u00fcr Zelte sind die L\u00f6sung f\u00fcr diejenigen, die einen Urlaub mitten in der Natur und vor allem kosteng\u00fcnstig verbringen m\u00f6chten. Ger\u00e4umig und ideal im Schatten platziert, befinden sich die Stellpl\u00e4tze in der N\u00e4he der angebotenen [&hellip;]<\/p>\n","protected":false},"author":1,"featured_media":0,"parent":0,"menu_order":0,"comment_status":"closed","ping_status":"closed","template":"fullwith-without-title.php","meta":{"footnotes":""},"class_list":["post-742","page","type-page","status-publish","hentry"],"yoast_head":"<!-- This site is optimized with the Yoast SEO plugin v27.1.1 - https:\/\/yoast.com\/product\/yoast-seo-wordpress\/ -->\n<title>Online buchung - Camping Cala d&#039;Ostia<\/title>\n<meta name=\"description\" content=\"Buchen Sie jetzt Ihren Urlaub auf Sardinien und w\u00e4hlen Sie aus unseren verschiedenen Unterkunftstypen aus!\" \/>\n<meta name=\"robots\" content=\"index, follow, max-snippet:-1, max-image-preview:large, max-video-preview:-1\" \/>\n<link rel=\"canonical\" href=\"https:\/\/www.campingcaladostia.com\/de\/online-buchung\/\" \/>\n<meta property=\"og:locale\" content=\"de_DE\" \/>\n<meta property=\"og:type\" content=\"article\" \/>\n<meta property=\"og:title\" content=\"Online buchung - Camping Cala d&#039;Ostia\" \/>\n<meta property=\"og:description\" content=\"Buchen Sie jetzt Ihren Urlaub auf Sardinien und w\u00e4hlen Sie aus unseren verschiedenen Unterkunftstypen aus!\" \/>\n<meta property=\"og:url\" content=\"https:\/\/www.campingcaladostia.com\/de\/online-buchung\/\" \/>\n<meta property=\"og:site_name\" content=\"Camping Cala d&#039;Ostia\" \/>\n<meta property=\"article:modified_time\" content=\"2025-03-04T09:31:50+00:00\" \/>\n<meta property=\"og:image\" content=\"https:\/\/www.campingcaladostia.com\/wp-content\/uploads\/2025\/02\/case-mobili-6-2-1.jpg\" \/>\n<meta name=\"twitter:card\" content=\"summary_large_image\" \/>\n<meta name=\"twitter:label1\" content=\"Gesch\u00e4tzte Lesezeit\" \/>\n\t<meta name=\"twitter:data1\" content=\"10\u00a0Minuten\" \/>\n<script type=\"application\/ld+json\" class=\"yoast-schema-graph\">{\"@context\":\"https:\/\/schema.org\",\"@graph\":[{\"@type\":\"WebPage\",\"@id\":\"https:\/\/www.campingcaladostia.com\/de\/online-buchung\/\",\"url\":\"https:\/\/www.campingcaladostia.com\/de\/online-buchung\/\",\"name\":\"Online buchung - Camping Cala d'Ostia\",\"isPartOf\":{\"@id\":\"https:\/\/www.campingcaladostia.com\/de\/#website\"},\"primaryImageOfPage\":{\"@id\":\"https:\/\/www.campingcaladostia.com\/de\/online-buchung\/#primaryimage\"},\"image\":{\"@id\":\"https:\/\/www.campingcaladostia.com\/de\/online-buchung\/#primaryimage\"},\"thumbnailUrl\":\"https:\/\/www.campingcaladostia.com\/wp-content\/uploads\/2025\/02\/case-mobili-6-2-1.jpg\",\"datePublished\":\"2016-02-18T23:54:56+00:00\",\"dateModified\":\"2025-03-04T09:31:50+00:00\",\"description\":\"Buchen Sie jetzt Ihren Urlaub auf Sardinien und w\u00e4hlen Sie aus unseren verschiedenen Unterkunftstypen aus!\",\"breadcrumb\":{\"@id\":\"https:\/\/www.campingcaladostia.com\/de\/online-buchung\/#breadcrumb\"},\"inLanguage\":\"de\",\"potentialAction\":[{\"@type\":\"ReadAction\",\"target\":[\"https:\/\/www.campingcaladostia.com\/de\/online-buchung\/\"]}]},{\"@type\":\"ImageObject\",\"inLanguage\":\"de\",\"@id\":\"https:\/\/www.campingcaladostia.com\/de\/online-buchung\/#primaryimage\",\"url\":\"https:\/\/www.campingcaladostia.com\/wp-content\/uploads\/2025\/02\/case-mobili-6-2-1.jpg\",\"contentUrl\":\"https:\/\/www.campingcaladostia.com\/wp-content\/uploads\/2025\/02\/case-mobili-6-2-1.jpg\"},{\"@type\":\"BreadcrumbList\",\"@id\":\"https:\/\/www.campingcaladostia.com\/de\/online-buchung\/#breadcrumb\",\"itemListElement\":[{\"@type\":\"ListItem\",\"position\":1,\"name\":\"Home\",\"item\":\"https:\/\/www.campingcaladostia.com\/de\/\"},{\"@type\":\"ListItem\",\"position\":2,\"name\":\"Online-Buchung\"}]},{\"@type\":\"WebSite\",\"@id\":\"https:\/\/www.campingcaladostia.com\/de\/#website\",\"url\":\"https:\/\/www.campingcaladostia.com\/de\/\",\"name\":\"Camping Cala d&#039;Ostia\",\"description\":\"Campeggio Sardegna sul mare a Pula\",\"potentialAction\":[{\"@type\":\"SearchAction\",\"target\":{\"@type\":\"EntryPoint\",\"urlTemplate\":\"https:\/\/www.campingcaladostia.com\/de\/?s={search_term_string}\"},\"query-input\":{\"@type\":\"PropertyValueSpecification\",\"valueRequired\":true,\"valueName\":\"search_term_string\"}}],\"inLanguage\":\"de\"}]}<\/script>\n<!-- \/ Yoast SEO plugin. -->","yoast_head_json":{"title":"Online buchung - Camping Cala d'Ostia","description":"Buchen Sie jetzt Ihren Urlaub auf Sardinien und w\u00e4hlen Sie aus unseren verschiedenen Unterkunftstypen aus!","robots":{"index":"index","follow":"follow","max-snippet":"max-snippet:-1","max-image-preview":"max-image-preview:large","max-video-preview":"max-video-preview:-1"},"canonical":"https:\/\/www.campingcaladostia.com\/de\/online-buchung\/","og_locale":"de_DE","og_type":"article","og_title":"Online buchung - Camping Cala d'Ostia","og_description":"Buchen Sie jetzt Ihren Urlaub auf Sardinien und w\u00e4hlen Sie aus unseren verschiedenen Unterkunftstypen aus!","og_url":"https:\/\/www.campingcaladostia.com\/de\/online-buchung\/","og_site_name":"Camping Cala d&#039;Ostia","article_modified_time":"2025-03-04T09:31:50+00:00","og_image":[{"url":"https:\/\/www.campingcaladostia.com\/wp-content\/uploads\/2025\/02\/case-mobili-6-2-1.jpg","type":"","width":"","height":""}],"twitter_card":"summary_large_image","twitter_misc":{"Gesch\u00e4tzte Lesezeit":"10\u00a0Minuten"},"schema":{"@context":"https:\/\/schema.org","@graph":[{"@type":"WebPage","@id":"https:\/\/www.campingcaladostia.com\/de\/online-buchung\/","url":"https:\/\/www.campingcaladostia.com\/de\/online-buchung\/","name":"Online buchung - Camping Cala d'Ostia","isPartOf":{"@id":"https:\/\/www.campingcaladostia.com\/de\/#website"},"primaryImageOfPage":{"@id":"https:\/\/www.campingcaladostia.com\/de\/online-buchung\/#primaryimage"},"image":{"@id":"https:\/\/www.campingcaladostia.com\/de\/online-buchung\/#primaryimage"},"thumbnailUrl":"https:\/\/www.campingcaladostia.com\/wp-content\/uploads\/2025\/02\/case-mobili-6-2-1.jpg","datePublished":"2016-02-18T23:54:56+00:00","dateModified":"2025-03-04T09:31:50+00:00","description":"Buchen Sie jetzt Ihren Urlaub auf Sardinien und w\u00e4hlen Sie aus unseren verschiedenen Unterkunftstypen aus!","breadcrumb":{"@id":"https:\/\/www.campingcaladostia.com\/de\/online-buchung\/#breadcrumb"},"inLanguage":"de","potentialAction":[{"@type":"ReadAction","target":["https:\/\/www.campingcaladostia.com\/de\/online-buchung\/"]}]},{"@type":"ImageObject","inLanguage":"de","@id":"https:\/\/www.campingcaladostia.com\/de\/online-buchung\/#primaryimage","url":"https:\/\/www.campingcaladostia.com\/wp-content\/uploads\/2025\/02\/case-mobili-6-2-1.jpg","contentUrl":"https:\/\/www.campingcaladostia.com\/wp-content\/uploads\/2025\/02\/case-mobili-6-2-1.jpg"},{"@type":"BreadcrumbList","@id":"https:\/\/www.campingcaladostia.com\/de\/online-buchung\/#breadcrumb","itemListElement":[{"@type":"ListItem","position":1,"name":"Home","item":"https:\/\/www.campingcaladostia.com\/de\/"},{"@type":"ListItem","position":2,"name":"Online-Buchung"}]},{"@type":"WebSite","@id":"https:\/\/www.campingcaladostia.com\/de\/#website","url":"https:\/\/www.campingcaladostia.com\/de\/","name":"Camping Cala d&#039;Ostia","description":"Campeggio Sardegna sul mare a Pula","potentialAction":[{"@type":"SearchAction","target":{"@type":"EntryPoint","urlTemplate":"https:\/\/www.campingcaladostia.com\/de\/?s={search_term_string}"},"query-input":{"@type":"PropertyValueSpecification","valueRequired":true,"valueName":"search_term_string"}}],"inLanguage":"de"}]}},"_links":{"self":[{"href":"https:\/\/www.campingcaladostia.com\/de\/wp-json\/wp\/v2\/pages\/742","targetHints":{"allow":["GET"]}}],"collection":[{"href":"https:\/\/www.campingcaladostia.com\/de\/wp-json\/wp\/v2\/pages"}],"about":[{"href":"https:\/\/www.campingcaladostia.com\/de\/wp-json\/wp\/v2\/types\/page"}],"author":[{"embeddable":true,"href":"https:\/\/www.campingcaladostia.com\/de\/wp-json\/wp\/v2\/users\/1"}],"replies":[{"embeddable":true,"href":"https:\/\/www.campingcaladostia.com\/de\/wp-json\/wp\/v2\/comments?post=742"}],"version-history":[{"count":24,"href":"https:\/\/www.campingcaladostia.com\/de\/wp-json\/wp\/v2\/pages\/742\/revisions"}],"predecessor-version":[{"id":5305,"href":"https:\/\/www.campingcaladostia.com\/de\/wp-json\/wp\/v2\/pages\/742\/revisions\/5305"}],"wp:attachment":[{"href":"https:\/\/www.campingcaladostia.com\/de\/wp-json\/wp\/v2\/media?parent=742"}],"curies":[{"name":"wp","href":"https:\/\/api.w.org\/{rel}","templated":true}]}}