{"id":532,"date":"2016-02-19T00:58:29","date_gmt":"2016-02-18T23:58:29","guid":{"rendered":"http:\/\/www.campingcaladostia.com\/de\/piazzole-tende\/"},"modified":"2025-03-06T23:54:00","modified_gmt":"2025-03-06T22:54:00","slug":"stellplaetze-fuer-zelte","status":"publish","type":"page","link":"https:\/\/www.campingcaladostia.com\/de\/unterkuenfte\/stellplaetze-fuer-zelte\/","title":{"rendered":"Stellpl\u00e4tze f\u00fcr Zelte"},"content":{"rendered":"\n<div class=\"wp-block-group block_1\"><div class=\"wp-block-group__inner-container is-layout-constrained wp-block-group-is-layout-constrained\">\n<div class=\"wp-block-cover is-light\"><span aria-hidden=\"true\" class=\"wp-block-cover__background has-background-dim-0 has-background-dim\"><\/span><img loading=\"lazy\" decoding=\"async\" width=\"1920\" height=\"983\" class=\"wp-block-cover__image-background wp-image-5384\" alt=\"\" src=\"https:\/\/www.campingcaladostia.com\/wp-content\/uploads\/2025\/03\/piazzole-tende-campeggio-sardegna.jpg\" data-object-fit=\"cover\"\/><div class=\"wp-block-cover__inner-container is-layout-constrained wp-block-cover-is-layout-constrained\">\n<h1 class=\"wp-block-heading has-text-align-center has-large-font-size\">Stellpl\u00e4tze f\u00fcr Zelte<\/h1>\n<\/div><\/div>\n\n\n        <div class=\"prenota form-prenota\">\n            <div id=\"mysearchengine\" class=\"mgc-container mgc-wide\">&nbsp;<\/div>\n            <div class=\"aviso_agosto\">\n                                    Vom 1 bis 25 August werden Buchungen nur f\u00fcr mindestens 7 N\u00e4chte akzeptiert.\n                            <\/div>\n        <\/div>\n        \n<\/div><\/div>\n\n\n\n<div class=\"wp-block-group block_2\"><div class=\"wp-block-group__inner-container is-layout-constrained wp-block-group-is-layout-constrained\">\n<div class=\"wp-block-columns is-layout-flex wp-container-core-columns-is-layout-9d6595d7 wp-block-columns-is-layout-flex\">\n<div class=\"wp-block-column left is-layout-flow wp-block-column-is-layout-flow\">\n<h2 class=\"wp-block-heading\">Zeltpl\u00e4tze: die ideale Wahl f\u00fcr einen Urlaub in der Natur mit Komfort und Einsparungen.<\/h2>\n<\/div>\n\n\n\n<div class=\"wp-block-column right is-layout-flow wp-block-column-is-layout-flow\">\n<p><strong>Stellpl\u00e4tze f\u00fcr Zelte<\/strong> sind die L\u00f6sung f\u00fcr diejenigen, die einen Urlaub mitten in der Natur und vor allem kosteng\u00fcnstig verbringen m\u00f6chten. Ger\u00e4umig und ideal im Schatten platziert, befinden sich die Stellpl\u00e4tze in der N\u00e4he der angebotenen Diensteistungen vom <strong>Campingplatz Cala d\u2019Ostia<\/strong> und verf\u00fcgen \u00fcber elektrische Anschl\u00fcsse, sodass Sie sich nicht von der Welt abgeschnitten f\u00fchlen.<\/p>\n\n\n\n<p>Nur 50 m vom Strand entfernt, ist ein Urlaub auf dem Campingplatz Cala d\u2019Ostia ein einzigartiges Erlebnis: Im <strong>Schatten des Pinien- und Eukalyptuswaldes<\/strong> sind die Stellpl\u00e4tze f\u00fcr Zelte mit Blick auf das Meer ausgerichtet und gleichzeitig gesch\u00fctzt durch die wilden sardischen Berge.<\/p>\n\n\n\n<div class=\"wp-block-group\"><div class=\"wp-block-group__inner-container is-layout-constrained wp-block-group-is-layout-constrained\">\n<figure class=\"wp-block-image size-full\"><img loading=\"lazy\" decoding=\"async\" width=\"33\" height=\"35\" src=\"https:\/\/www.campingcaladostia.com\/wp-content\/uploads\/2025\/02\/icona-servizi-igienici.png\" alt=\"\" class=\"wp-image-4420\"\/><\/figure>\n\n\n\n<figure class=\"wp-block-image size-full\"><img loading=\"lazy\" decoding=\"async\" width=\"32\" height=\"36\" src=\"https:\/\/www.campingcaladostia.com\/wp-content\/uploads\/2025\/02\/icona-lavandini.png\" alt=\"\" class=\"wp-image-4423\"\/><\/figure>\n\n\n\n<figure class=\"wp-block-image size-full\"><img loading=\"lazy\" decoding=\"async\" width=\"31\" height=\"36\" src=\"https:\/\/www.campingcaladostia.com\/wp-content\/uploads\/2025\/02\/icona-doccia.png\" alt=\"\" class=\"wp-image-4426\"\/><\/figure>\n\n\n\n<figure class=\"wp-block-image size-full\"><img loading=\"lazy\" decoding=\"async\" width=\"30\" height=\"36\" src=\"https:\/\/www.campingcaladostia.com\/wp-content\/uploads\/2025\/02\/icona-corrente-elettrica.png\" alt=\"\" class=\"wp-image-4429\"\/><\/figure>\n\n\n\n<figure class=\"wp-block-image size-full\"><img loading=\"lazy\" decoding=\"async\" width=\"30\" height=\"36\" src=\"https:\/\/www.campingcaladostia.com\/wp-content\/uploads\/2025\/02\/icona-lavatrice.png\" alt=\"\" class=\"wp-image-4432\"\/><\/figure>\n\n\n\n<figure class=\"wp-block-image size-full\"><img loading=\"lazy\" decoding=\"async\" width=\"35\" height=\"36\" src=\"https:\/\/www.campingcaladostia.com\/wp-content\/uploads\/2025\/02\/icona-parking.png\" alt=\"\" class=\"wp-image-4435\"\/><\/figure>\n\n\n\n<figure class=\"wp-block-image size-full\"><img loading=\"lazy\" decoding=\"async\" width=\"32\" height=\"32\" src=\"https:\/\/www.campingcaladostia.com\/wp-content\/uploads\/2025\/02\/icona-ricevimento.png\" alt=\"\" class=\"wp-image-4438\"\/><\/figure>\n\n\n\n<figure class=\"wp-block-image size-full\"><img loading=\"lazy\" decoding=\"async\" width=\"36\" height=\"27\" src=\"https:\/\/www.campingcaladostia.com\/wp-content\/uploads\/2025\/02\/icona-internet-wifi.png\" alt=\"\" class=\"wp-image-4441\"\/><\/figure>\n\n\n\n<figure class=\"wp-block-image size-full\"><img loading=\"lazy\" decoding=\"async\" width=\"26\" height=\"36\" src=\"https:\/\/www.campingcaladostia.com\/wp-content\/uploads\/2025\/02\/icona-bar.png\" alt=\"\" class=\"wp-image-4444\"\/><\/figure>\n\n\n\n<figure class=\"wp-block-image size-full\"><img loading=\"lazy\" decoding=\"async\" width=\"34\" height=\"36\" src=\"https:\/\/www.campingcaladostia.com\/wp-content\/uploads\/2025\/02\/icona-pizzeria.png\" alt=\"\" class=\"wp-image-4447\"\/><\/figure>\n\n\n\n<figure class=\"wp-block-image size-full\"><img loading=\"lazy\" decoding=\"async\" width=\"36\" height=\"32\" src=\"https:\/\/www.campingcaladostia.com\/wp-content\/uploads\/2025\/02\/icona-market.png\" alt=\"\" class=\"wp-image-4450\"\/><\/figure>\n\n\n\n<figure class=\"wp-block-image size-full\"><img loading=\"lazy\" decoding=\"async\" width=\"35\" height=\"35\" src=\"https:\/\/www.campingcaladostia.com\/wp-content\/uploads\/2025\/02\/icona-barbecue.png\" alt=\"\" class=\"wp-image-4453\"\/><\/figure>\n\n\n\n<figure class=\"wp-block-image size-full\"><img loading=\"lazy\" decoding=\"async\" width=\"47\" height=\"35\" src=\"https:\/\/www.campingcaladostia.com\/wp-content\/uploads\/2025\/02\/icona-parco-giochi-bambini.png\" alt=\"\" class=\"wp-image-4456\"\/><\/figure>\n\n\n\n<figure class=\"wp-block-image size-full\"><img loading=\"lazy\" decoding=\"async\" width=\"32\" height=\"36\" src=\"https:\/\/www.campingcaladostia.com\/wp-content\/uploads\/2025\/02\/icona-servizio-baby-sitter.png\" alt=\"\" class=\"wp-image-4459\"\/><\/figure>\n\n\n\n<figure class=\"wp-block-image size-full\"><img loading=\"lazy\" decoding=\"async\" width=\"43\" height=\"26\" src=\"https:\/\/www.campingcaladostia.com\/wp-content\/uploads\/2025\/02\/icona-noleggio-bici.png\" alt=\"\" class=\"wp-image-4462\"\/><\/figure>\n<\/div><\/div>\n\n\n\n<div class=\"wp-block-buttons is-layout-flex wp-block-buttons-is-layout-flex\">\n<div class=\"wp-block-button tariffe_button\"><a class=\"wp-block-button__link wp-element-button\" href=\"https:\/\/www.campingcaladostia.com\/de\/preisliste\/\">Preisliste<\/a><\/div>\n\n\n\n<div class=\"wp-block-button\"><a class=\"wp-block-button__link wp-element-button\" href=\"https:\/\/www.campingcaladostia.com\/de\/online-buchung\/\">Jetzt buchen<\/a><\/div>\n<\/div>\n<\/div>\n<\/div>\n<\/div><\/div>\n\n\n\n<div class=\"wp-block-group block_4\"><div class=\"wp-block-group__inner-container is-layout-constrained wp-block-group-is-layout-constrained\">\n<div class=\"wp-block-group\"><div class=\"wp-block-group__inner-container is-layout-constrained wp-block-group-is-layout-constrained\">\n<h2 class=\"wp-block-heading\">Andere Unterk\u00fcnfte<\/h2>\n<\/div><\/div>\n\n\n\n<div class=\"wp-block-group slider_accommodation swiper-container\"><div class=\"wp-block-group__inner-container is-layout-constrained wp-block-group-is-layout-constrained\">\n<div class=\"wp-block-group slide swiper-slide link_tent_pitches\"><div class=\"wp-block-group__inner-container is-layout-constrained wp-block-group-is-layout-constrained\">\n<figure class=\"wp-block-image size-full image\"><a href=\"https:\/\/www.campingcaladostia.com\/de\/unterkuenfte\/stellplaetze-fuer-zelte\/\"><img loading=\"lazy\" decoding=\"async\" width=\"1125\" height=\"956\" src=\"https:\/\/www.campingcaladostia.com\/wp-content\/uploads\/2025\/02\/case-mobili-6-2-1.jpg\" alt=\"\" class=\"wp-image-4163\"\/><\/a><\/figure>\n\n\n\n<h3 class=\"wp-block-heading\"><a href=\"https:\/\/www.campingcaladostia.com\/de\/unterkuenfte\/stellplaetze-fuer-zelte\/\">Stellpl\u00e4tze <br>f\u00fcr Zelte<\/a><\/h3>\n\n\n\n<figure class=\"wp-block-image size-full arrow\"><a href=\"https:\/\/www.campingcaladostia.com\/de\/unterkuenfte\/stellplaetze-fuer-zelte\/\"><img decoding=\"async\" src=\"https:\/\/www.campingcaladostia.com\/wp-content\/uploads\/2025\/02\/yellow-arrow-4.svg\" alt=\"\" class=\"wp-image-4338\"\/><\/a><\/figure>\n<\/div><\/div>\n\n\n\n<div class=\"wp-block-group slide swiper-slide link_camper_van_and_caravan_pitches\"><div class=\"wp-block-group__inner-container is-layout-constrained wp-block-group-is-layout-constrained\">\n<figure class=\"wp-block-image size-full image\"><a href=\"https:\/\/www.campingcaladostia.com\/de\/campingplatz\/stellplaetze-fuer-wohnmobile-und-wohnwagen\/\"><img loading=\"lazy\" decoding=\"async\" width=\"1125\" height=\"956\" src=\"https:\/\/www.campingcaladostia.com\/wp-content\/uploads\/2025\/02\/case-mobili-6-3-1.jpg\" alt=\"\" class=\"wp-image-4166\"\/><\/a><\/figure>\n\n\n\n<h3 class=\"wp-block-heading\"><a href=\"https:\/\/www.campingcaladostia.com\/de\/campingplatz\/stellplaetze-fuer-wohnmobile-und-wohnwagen\/\">Stellpl\u00e4tze <br>f\u00fcr Wohnmobile <br>und Wohnwagen<\/a><\/h3>\n\n\n\n<figure class=\"wp-block-image size-full arrow\"><a href=\"https:\/\/www.campingcaladostia.com\/de\/campingplatz\/stellplaetze-fuer-wohnmobile-und-wohnwagen\/\"><img decoding=\"async\" src=\"https:\/\/www.campingcaladostia.com\/wp-content\/uploads\/2025\/02\/yellow-arrow-5.svg\" alt=\"\" class=\"wp-image-4341\"\/><\/a><\/figure>\n<\/div><\/div>\n\n\n\n<div class=\"wp-block-group slide swiper-slide link_caravan_rentals\"><div class=\"wp-block-group__inner-container is-layout-constrained wp-block-group-is-layout-constrained\">\n<figure class=\"wp-block-image size-full image\"><a href=\"https:\/\/www.campingcaladostia.com\/de\/unterkuenfte\/wohnwagen-vermietung\/\"><img loading=\"lazy\" decoding=\"async\" width=\"1125\" height=\"956\" src=\"https:\/\/www.campingcaladostia.com\/wp-content\/uploads\/2025\/02\/case-mobili-6-4-1.jpg\" alt=\"\" class=\"wp-image-4169\"\/><\/a><\/figure>\n\n\n\n<h3 class=\"wp-block-heading\"><a href=\"https:\/\/www.campingcaladostia.com\/de\/unterkuenfte\/wohnwagen-vermietung\/\">Wohnwagen <br>Vermietung<\/a><\/h3>\n\n\n\n<figure class=\"wp-block-image size-full arrow\"><a href=\"https:\/\/www.campingcaladostia.com\/de\/unterkuenfte\/wohnwagen-vermietung\/\"><img decoding=\"async\" src=\"https:\/\/www.campingcaladostia.com\/wp-content\/uploads\/2025\/02\/yellow-arrow-6.svg\" alt=\"\" class=\"wp-image-4344\"\/><\/a><\/figure>\n<\/div><\/div>\n\n\n\n<div class=\"wp-block-group slide swiper-slide link_mobile_homes\"><div class=\"wp-block-group__inner-container is-layout-constrained wp-block-group-is-layout-constrained\">\n<figure class=\"wp-block-image size-full image\"><img loading=\"lazy\" decoding=\"async\" width=\"1125\" height=\"956\" src=\"https:\/\/www.campingcaladostia.com\/wp-content\/uploads\/2025\/02\/case-mobili-4.jpg\" alt=\"\" class=\"wp-image-5547\"\/><\/figure>\n\n\n\n<h3 class=\"wp-block-heading\"><a href=\"https:\/\/www.campingcaladostia.com\/de\/unterkuenfte\/mobilheime\/\">Mobilheime<\/a><\/h3>\n\n\n\n<figure class=\"wp-block-image size-full arrow\"><a href=\"https:\/\/www.campingcaladostia.com\/de\/unterkuenfte\/mobilheime\/\"><img decoding=\"async\" src=\"https:\/\/www.campingcaladostia.com\/wp-content\/uploads\/2025\/02\/yellow-arrow-7.svg\" alt=\"\" class=\"wp-image-4347\"\/><\/a><\/figure>\n<\/div><\/div>\n<\/div><\/div>\n<\/div><\/div>\n\n\n\n<div class=\"wp-block-group block_5\"><div class=\"wp-block-group__inner-container is-layout-constrained wp-block-group-is-layout-constrained\">\n<div class=\"wp-block-group call_to_action_galleria\"><div class=\"wp-block-group__inner-container is-layout-constrained wp-block-group-is-layout-constrained\">\n<figure class=\"wp-block-image size-full\"><img loading=\"lazy\" decoding=\"async\" width=\"716\" height=\"640\" src=\"https:\/\/www.campingcaladostia.com\/wp-content\/uploads\/2025\/02\/Group-2782.png\" alt=\"\" class=\"wp-image-4127\"\/><\/figure>\n\n\n\n<p>Galerie\u00a0des campingplatzes und der umgebung<\/p>\n\n\n\n<div class=\"wp-block-buttons is-layout-flex wp-block-buttons-is-layout-flex\">\n<div class=\"wp-block-button\"><a class=\"wp-block-button__link wp-element-button\" href=\"https:\/\/www.campingcaladostia.com\/de\/galerie\/\">Siehe die gallerie<\/a><\/div>\n<\/div>\n<\/div><\/div>\n<\/div><\/div>\n\n\n\n<div class=\"wp-block-group block_6\"><div class=\"wp-block-group__inner-container is-layout-constrained wp-block-group-is-layout-constrained\">\n<div class=\"wp-block-group nostri_partners\"><div class=\"wp-block-group__inner-container is-layout-constrained wp-block-group-is-layout-constrained\">\n<h2 class=\"wp-block-heading\">Unsere&nbsp;Partner<\/h2>\n\n\n\n<div class=\"wp-block-group images swiper-container\"><div class=\"wp-block-group__inner-container is-layout-constrained wp-block-group-is-layout-constrained\">\n<figure class=\"wp-block-image size-full \u00ecmage_1 swiper-slide\"><img loading=\"lazy\" decoding=\"async\" width=\"366\" height=\"316\" src=\"https:\/\/www.campingcaladostia.com\/wp-content\/uploads\/2019\/03\/logo-tripadvisor.png\" alt=\"\" class=\"wp-image-3344\"\/><\/figure>\n\n\n\n<figure class=\"wp-block-image size-full \u00ecmage_2 swiper-slide\"><img loading=\"lazy\" decoding=\"async\" width=\"366\" height=\"316\" src=\"https:\/\/www.campingcaladostia.com\/wp-content\/uploads\/2019\/03\/logo-koobcamp.png\" alt=\"\" class=\"wp-image-3341\"\/><\/figure>\n\n\n\n<figure class=\"wp-block-image size-full \u00ecmage_3 swiper-slide\"><img loading=\"lazy\" decoding=\"async\" width=\"365\" height=\"316\" src=\"https:\/\/www.campingcaladostia.com\/wp-content\/uploads\/2019\/03\/logo-grimaldi-lines.png\" alt=\"\" class=\"wp-image-3338\"\/><\/figure>\n\n\n\n<figure class=\"wp-block-image size-full \u00ecmage_4 swiper-slide\"><img loading=\"lazy\" decoding=\"async\" width=\"366\" height=\"316\" src=\"https:\/\/www.campingcaladostia.com\/wp-content\/uploads\/2019\/03\/logo-faita-federcamping-1.png\" alt=\"\" class=\"wp-image-3354\"\/><\/figure>\n\n\n\n<figure class=\"wp-block-image size-full \u00ecmage_5 swiper-slide\"><img loading=\"lazy\" decoding=\"async\" width=\"366\" height=\"316\" src=\"https:\/\/www.campingcaladostia.com\/wp-content\/uploads\/2019\/03\/logo-corsica-sardinia-ferries.png\" alt=\"\" class=\"wp-image-3332\"\/><\/figure>\n\n\n\n<figure class=\"wp-block-image size-full \u00ecmage_6 swiper-slide\"><img loading=\"lazy\" decoding=\"async\" width=\"366\" height=\"316\" src=\"https:\/\/www.campingcaladostia.com\/wp-content\/uploads\/2019\/03\/logo-camperisti-sardi.png\" alt=\"\" class=\"wp-image-3329\"\/><\/figure>\n\n\n\n<figure class=\"wp-block-image size-full \u00ecmage_7 swiper-slide\"><img loading=\"lazy\" decoding=\"async\" width=\"366\" height=\"316\" src=\"https:\/\/www.campingcaladostia.com\/wp-content\/uploads\/2019\/03\/logo-booking-com.png\" alt=\"\" class=\"wp-image-3326\"\/><\/figure>\n<\/div><\/div>\n<\/div><\/div>\n<\/div><\/div>\n","protected":false},"excerpt":{"rendered":"<p>Zeltpl\u00e4tze: die ideale Wahl f\u00fcr einen Urlaub in der Natur mit Komfort und Einsparungen. Stellpl\u00e4tze f\u00fcr Zelte sind die L\u00f6sung f\u00fcr diejenigen, die einen Urlaub mitten in der Natur und vor allem kosteng\u00fcnstig verbringen m\u00f6chten. Ger\u00e4umig und ideal im Schatten platziert, befinden sich die Stellpl\u00e4tze in der N\u00e4he der angebotenen Diensteistungen vom Campingplatz Cala d\u2019Ostia [&hellip;]<\/p>\n","protected":false},"author":1,"featured_media":0,"parent":4900,"menu_order":0,"comment_status":"closed","ping_status":"closed","template":"fullwith-without-title.php","meta":{"footnotes":""},"class_list":["post-532","page","type-page","status-publish","hentry"],"yoast_head":"<!-- This site is optimized with the Yoast SEO plugin v27.1.1 - https:\/\/yoast.com\/product\/yoast-seo-wordpress\/ -->\n<title>Stellplatze fuer zelte - Camping Cala d&#039;Ostia<\/title>\n<meta name=\"description\" content=\"Stellpl\u00e4tze f\u00fcr Zelte sind die L\u00f6sung f\u00fcr diejenigen, die einen Urlaub mitten in der Natur und vor allem kosteng\u00fcnstig verbringen m\u00f6chten.\" \/>\n<meta name=\"robots\" content=\"index, follow, max-snippet:-1, max-image-preview:large, max-video-preview:-1\" \/>\n<link rel=\"canonical\" href=\"https:\/\/www.campingcaladostia.com\/de\/unterkuenfte\/stellplaetze-fuer-zelte\/\" \/>\n<meta property=\"og:locale\" content=\"de_DE\" \/>\n<meta property=\"og:type\" content=\"article\" \/>\n<meta property=\"og:title\" content=\"Stellplatze fuer zelte - Camping Cala d&#039;Ostia\" \/>\n<meta property=\"og:description\" content=\"Stellpl\u00e4tze f\u00fcr Zelte sind die L\u00f6sung f\u00fcr diejenigen, die einen Urlaub mitten in der Natur und vor allem kosteng\u00fcnstig verbringen m\u00f6chten.\" \/>\n<meta property=\"og:url\" content=\"https:\/\/www.campingcaladostia.com\/de\/unterkuenfte\/stellplaetze-fuer-zelte\/\" \/>\n<meta property=\"og:site_name\" content=\"Camping Cala d&#039;Ostia\" \/>\n<meta property=\"article:modified_time\" content=\"2025-03-06T22:54:00+00:00\" \/>\n<meta property=\"og:image\" content=\"https:\/\/www.campingcaladostia.com\/wp-content\/uploads\/2025\/03\/piazzole-tende-campeggio-sardegna.jpg\" \/>\n\t<meta property=\"og:image:width\" content=\"1920\" \/>\n\t<meta property=\"og:image:height\" content=\"983\" \/>\n\t<meta property=\"og:image:type\" content=\"image\/jpeg\" \/>\n<meta name=\"twitter:card\" content=\"summary_large_image\" \/>\n<meta name=\"twitter:label1\" content=\"Gesch\u00e4tzte Lesezeit\" \/>\n\t<meta name=\"twitter:data1\" content=\"16\u00a0Minuten\" \/>\n<script type=\"application\/ld+json\" class=\"yoast-schema-graph\">{\"@context\":\"https:\/\/schema.org\",\"@graph\":[{\"@type\":\"WebPage\",\"@id\":\"https:\/\/www.campingcaladostia.com\/de\/unterkuenfte\/stellplaetze-fuer-zelte\/\",\"url\":\"https:\/\/www.campingcaladostia.com\/de\/unterkuenfte\/stellplaetze-fuer-zelte\/\",\"name\":\"Stellplatze fuer zelte - Camping Cala d'Ostia\",\"isPartOf\":{\"@id\":\"https:\/\/www.campingcaladostia.com\/de\/#website\"},\"primaryImageOfPage\":{\"@id\":\"https:\/\/www.campingcaladostia.com\/de\/unterkuenfte\/stellplaetze-fuer-zelte\/#primaryimage\"},\"image\":{\"@id\":\"https:\/\/www.campingcaladostia.com\/de\/unterkuenfte\/stellplaetze-fuer-zelte\/#primaryimage\"},\"thumbnailUrl\":\"https:\/\/www.campingcaladostia.com\/wp-content\/uploads\/2025\/03\/piazzole-tende-campeggio-sardegna.jpg\",\"datePublished\":\"2016-02-18T23:58:29+00:00\",\"dateModified\":\"2025-03-06T22:54:00+00:00\",\"description\":\"Stellpl\u00e4tze f\u00fcr Zelte sind die L\u00f6sung f\u00fcr diejenigen, die einen Urlaub mitten in der Natur und vor allem kosteng\u00fcnstig verbringen m\u00f6chten.\",\"breadcrumb\":{\"@id\":\"https:\/\/www.campingcaladostia.com\/de\/unterkuenfte\/stellplaetze-fuer-zelte\/#breadcrumb\"},\"inLanguage\":\"de\",\"potentialAction\":[{\"@type\":\"ReadAction\",\"target\":[\"https:\/\/www.campingcaladostia.com\/de\/unterkuenfte\/stellplaetze-fuer-zelte\/\"]}]},{\"@type\":\"ImageObject\",\"inLanguage\":\"de\",\"@id\":\"https:\/\/www.campingcaladostia.com\/de\/unterkuenfte\/stellplaetze-fuer-zelte\/#primaryimage\",\"url\":\"https:\/\/www.campingcaladostia.com\/wp-content\/uploads\/2025\/03\/piazzole-tende-campeggio-sardegna.jpg\",\"contentUrl\":\"https:\/\/www.campingcaladostia.com\/wp-content\/uploads\/2025\/03\/piazzole-tende-campeggio-sardegna.jpg\"},{\"@type\":\"BreadcrumbList\",\"@id\":\"https:\/\/www.campingcaladostia.com\/de\/unterkuenfte\/stellplaetze-fuer-zelte\/#breadcrumb\",\"itemListElement\":[{\"@type\":\"ListItem\",\"position\":1,\"name\":\"Home\",\"item\":\"https:\/\/www.campingcaladostia.com\/de\/\"},{\"@type\":\"ListItem\",\"position\":2,\"name\":\"Unterk\u00fcnfte\",\"item\":\"https:\/\/www.campingcaladostia.com\/de\/unterkuenfte\/\"},{\"@type\":\"ListItem\",\"position\":3,\"name\":\"Stellpl\u00e4tze f\u00fcr Zelte\"}]},{\"@type\":\"WebSite\",\"@id\":\"https:\/\/www.campingcaladostia.com\/de\/#website\",\"url\":\"https:\/\/www.campingcaladostia.com\/de\/\",\"name\":\"Camping Cala d&#039;Ostia\",\"description\":\"Campeggio Sardegna sul mare a Pula\",\"potentialAction\":[{\"@type\":\"SearchAction\",\"target\":{\"@type\":\"EntryPoint\",\"urlTemplate\":\"https:\/\/www.campingcaladostia.com\/de\/?s={search_term_string}\"},\"query-input\":{\"@type\":\"PropertyValueSpecification\",\"valueRequired\":true,\"valueName\":\"search_term_string\"}}],\"inLanguage\":\"de\"}]}<\/script>\n<!-- \/ Yoast SEO plugin. -->","yoast_head_json":{"title":"Stellplatze fuer zelte - Camping Cala d'Ostia","description":"Stellpl\u00e4tze f\u00fcr Zelte sind die L\u00f6sung f\u00fcr diejenigen, die einen Urlaub mitten in der Natur und vor allem kosteng\u00fcnstig verbringen m\u00f6chten.","robots":{"index":"index","follow":"follow","max-snippet":"max-snippet:-1","max-image-preview":"max-image-preview:large","max-video-preview":"max-video-preview:-1"},"canonical":"https:\/\/www.campingcaladostia.com\/de\/unterkuenfte\/stellplaetze-fuer-zelte\/","og_locale":"de_DE","og_type":"article","og_title":"Stellplatze fuer zelte - Camping Cala d'Ostia","og_description":"Stellpl\u00e4tze f\u00fcr Zelte sind die L\u00f6sung f\u00fcr diejenigen, die einen Urlaub mitten in der Natur und vor allem kosteng\u00fcnstig verbringen m\u00f6chten.","og_url":"https:\/\/www.campingcaladostia.com\/de\/unterkuenfte\/stellplaetze-fuer-zelte\/","og_site_name":"Camping Cala d&#039;Ostia","article_modified_time":"2025-03-06T22:54:00+00:00","og_image":[{"width":1920,"height":983,"url":"https:\/\/www.campingcaladostia.com\/wp-content\/uploads\/2025\/03\/piazzole-tende-campeggio-sardegna.jpg","type":"image\/jpeg"}],"twitter_card":"summary_large_image","twitter_misc":{"Gesch\u00e4tzte Lesezeit":"16\u00a0Minuten"},"schema":{"@context":"https:\/\/schema.org","@graph":[{"@type":"WebPage","@id":"https:\/\/www.campingcaladostia.com\/de\/unterkuenfte\/stellplaetze-fuer-zelte\/","url":"https:\/\/www.campingcaladostia.com\/de\/unterkuenfte\/stellplaetze-fuer-zelte\/","name":"Stellplatze fuer zelte - Camping Cala d'Ostia","isPartOf":{"@id":"https:\/\/www.campingcaladostia.com\/de\/#website"},"primaryImageOfPage":{"@id":"https:\/\/www.campingcaladostia.com\/de\/unterkuenfte\/stellplaetze-fuer-zelte\/#primaryimage"},"image":{"@id":"https:\/\/www.campingcaladostia.com\/de\/unterkuenfte\/stellplaetze-fuer-zelte\/#primaryimage"},"thumbnailUrl":"https:\/\/www.campingcaladostia.com\/wp-content\/uploads\/2025\/03\/piazzole-tende-campeggio-sardegna.jpg","datePublished":"2016-02-18T23:58:29+00:00","dateModified":"2025-03-06T22:54:00+00:00","description":"Stellpl\u00e4tze f\u00fcr Zelte sind die L\u00f6sung f\u00fcr diejenigen, die einen Urlaub mitten in der Natur und vor allem kosteng\u00fcnstig verbringen m\u00f6chten.","breadcrumb":{"@id":"https:\/\/www.campingcaladostia.com\/de\/unterkuenfte\/stellplaetze-fuer-zelte\/#breadcrumb"},"inLanguage":"de","potentialAction":[{"@type":"ReadAction","target":["https:\/\/www.campingcaladostia.com\/de\/unterkuenfte\/stellplaetze-fuer-zelte\/"]}]},{"@type":"ImageObject","inLanguage":"de","@id":"https:\/\/www.campingcaladostia.com\/de\/unterkuenfte\/stellplaetze-fuer-zelte\/#primaryimage","url":"https:\/\/www.campingcaladostia.com\/wp-content\/uploads\/2025\/03\/piazzole-tende-campeggio-sardegna.jpg","contentUrl":"https:\/\/www.campingcaladostia.com\/wp-content\/uploads\/2025\/03\/piazzole-tende-campeggio-sardegna.jpg"},{"@type":"BreadcrumbList","@id":"https:\/\/www.campingcaladostia.com\/de\/unterkuenfte\/stellplaetze-fuer-zelte\/#breadcrumb","itemListElement":[{"@type":"ListItem","position":1,"name":"Home","item":"https:\/\/www.campingcaladostia.com\/de\/"},{"@type":"ListItem","position":2,"name":"Unterk\u00fcnfte","item":"https:\/\/www.campingcaladostia.com\/de\/unterkuenfte\/"},{"@type":"ListItem","position":3,"name":"Stellpl\u00e4tze f\u00fcr Zelte"}]},{"@type":"WebSite","@id":"https:\/\/www.campingcaladostia.com\/de\/#website","url":"https:\/\/www.campingcaladostia.com\/de\/","name":"Camping Cala d&#039;Ostia","description":"Campeggio Sardegna sul mare a Pula","potentialAction":[{"@type":"SearchAction","target":{"@type":"EntryPoint","urlTemplate":"https:\/\/www.campingcaladostia.com\/de\/?s={search_term_string}"},"query-input":{"@type":"PropertyValueSpecification","valueRequired":true,"valueName":"search_term_string"}}],"inLanguage":"de"}]}},"_links":{"self":[{"href":"https:\/\/www.campingcaladostia.com\/de\/wp-json\/wp\/v2\/pages\/532","targetHints":{"allow":["GET"]}}],"collection":[{"href":"https:\/\/www.campingcaladostia.com\/de\/wp-json\/wp\/v2\/pages"}],"about":[{"href":"https:\/\/www.campingcaladostia.com\/de\/wp-json\/wp\/v2\/types\/page"}],"author":[{"embeddable":true,"href":"https:\/\/www.campingcaladostia.com\/de\/wp-json\/wp\/v2\/users\/1"}],"replies":[{"embeddable":true,"href":"https:\/\/www.campingcaladostia.com\/de\/wp-json\/wp\/v2\/comments?post=532"}],"version-history":[{"count":36,"href":"https:\/\/www.campingcaladostia.com\/de\/wp-json\/wp\/v2\/pages\/532\/revisions"}],"predecessor-version":[{"id":5450,"href":"https:\/\/www.campingcaladostia.com\/de\/wp-json\/wp\/v2\/pages\/532\/revisions\/5450"}],"up":[{"embeddable":true,"href":"https:\/\/www.campingcaladostia.com\/de\/wp-json\/wp\/v2\/pages\/4900"}],"wp:attachment":[{"href":"https:\/\/www.campingcaladostia.com\/de\/wp-json\/wp\/v2\/media?parent=532"}],"curies":[{"name":"wp","href":"https:\/\/api.w.org\/{rel}","templated":true}]}}