{"id":4828,"date":"2025-02-22T15:47:44","date_gmt":"2025-02-22T14:47:44","guid":{"rendered":"https:\/\/campingcaladostia.eribertocaria.com\/tariffe\/"},"modified":"2025-12-02T15:33:25","modified_gmt":"2025-12-02T14:33:25","slug":"preisliste","status":"publish","type":"page","link":"https:\/\/www.campingcaladostia.com\/de\/preisliste\/","title":{"rendered":"Preisliste f\u00fcr 2026"},"content":{"rendered":"\n<div class=\"wp-block-group block_1\"><div class=\"wp-block-group__inner-container is-layout-constrained wp-block-group-is-layout-constrained\">\n<h1 class=\"wp-block-heading\">Preisliste f\u00fcr 2026<\/h1>\n\n\n\n<div class=\"wp-block-columns is-layout-flex wp-container-core-columns-is-layout-9d6595d7 wp-block-columns-is-layout-flex\">\n<div class=\"wp-block-column is-layout-flow wp-block-column-is-layout-flow\">\n<h2 class=\"wp-block-heading\">Zeltpl\u00e4tze sowie Stellpl\u00e4tze f\u00fcr Wohnwagen und Wohnmobile<\/h2>\n\n\n\n<figure class=\"wp-block-table\"><table class=\"has-fixed-layout\"><tbody><tr><th>\nZeitraum\/Typ\n<\/th><th><div class=\"tipo-stagione\">Nebensaison<\/div> <p>Von Januar bis Juni und von September bis Dezember<\/p><\/th><th>\n<div class=\"tipo-stagione\">Mittlere Saison<\/div>\n<p>Juli<\/p>\n<\/th><th><div class=\"tipo-stagione\">Hauptsaison<\/div> <p>Vom 1\/8 bis 9\/8 und<br>von 21\/8 bis 31\/8 <\/p><\/th><th><div class=\"tipo-stagione\">Die h\u00f6chste Station<\/div> <p>Vom 10\/8 bis 20\/8<\/p><\/th><\/tr><tr><th><\/th><th>Kosten pro Tag<\/th><th>Kosten pro Tag<\/th><th>Kosten pro Tag<\/th><th>Kosten pro Tag<\/th><\/tr><tr><td>Erwachsene<\/td><td>13,00 \u20ac<\/td><td>15,00 \u20ac<\/td><td>20,00 \u20ac<\/td><td>22,00 \u20ac<\/td><\/tr><tr><td>Kinder vom 3.-10. Lebensjahr<\/td><td>7,00 \u20ac<\/td><td>8,00 \u20ac<\/td><td>9,00 \u20ac<\/td><td>10,00 \u20ac<\/td><\/tr><tr><td>T\u00e4gliche G\u00e4ste<\/td><td>8,00 \u20ac<\/td><td>9,00 \u20ac<\/td><td>13,00 \u20ac<\/td><td>14,00 \u20ac<\/td><\/tr><tr><td>Hunde<\/td><td>5,00 \u20ac<\/td><td>5,00 \u20ac<\/td><td>5,00 \u20ac<\/td><td>5,00 \u20ac<\/td><\/tr><tr><td>Barca<\/td><td>6,00 \u20ac<\/td><td>6,00 \u20ac<\/td><td>6,00 \u20ac<\/td><td>6,00 \u20ac<\/td><\/tr><tr><td>Zweites Auto<\/td><td>6,00 \u20ac<\/td><td>6,00 \u20ac<\/td><td>6,00 \u20ac<\/td><td>6,00 \u20ac<\/td><\/tr><tr><td>Zweites Motorrad<\/td><td>2,00 \u20ac<\/td><td>2,00 \u20ac<\/td><td>2,00 \u20ac<\/td><td>2,00 \u20ac<\/td><\/tr><tr><td>Lichtanschluss<\/td><td>3,00 \u20ac<\/td><td>3,00 \u20ac<\/td><td>3,00 \u20ac<\/td><td>3,00 \u20ac<\/td><\/tr><tr><td>Muenze fuer warme Dusche<\/td><td>1 \u20ac<\/td><td>1 \u20ac<\/td><td>1 \u20ac<\/td><td>1 \u20ac<\/td><\/tr><tr><td>Muenze fuer Waschmaschine<\/td><td>6,00 \u20ac<\/td><td>6,00 \u20ac<\/td><td>6,00 \u20ac<\/td><td>6,00 \u20ac<\/td><\/tr><tr><td>Camper Service<\/td><td>20,00 \u20ac<\/td><td>20,00 \u20ac<\/td><td>20,00 \u20ac<\/td><td>20,00 \u20ac<\/td><\/tr><\/tbody><\/table><\/figure>\n<\/div>\n\n\n\n<div class=\"wp-block-column is-layout-flow wp-block-column-is-layout-flow\">\n<h2 class=\"wp-block-heading\">Wohnwagenanmietung<\/h2>\n\n\n\n<figure class=\"wp-block-table\"><table class=\"has-fixed-layout\"><tbody><tr><th>\nZeitraum\/Anzahl der Personen\n<\/th><th><div class=\"tipo-stagione\">Nebensaison<\/div> <p>Von April bis Juni und von September bis Oktober<\/p><\/th><th>\n<div class=\"tipo-stagione\">Mittlere Saison<\/div>\n<p>Juli<\/p>\n<\/th><th><div class=\"tipo-stagione\">Hauptsaison<\/div> <p>Von 1\/8 bis 9\/8 und 21\/8 bis 31\/8<\/p><\/th><th><div class=\"tipo-stagione\">Die h\u00f6chste Station<\/div> <p>Von 10\/8 bis 20\/8<\/p><\/th><\/tr><tr><th><\/th><th>Kosten pro Tag<\/th><th>Kosten pro Tag<\/th><th>Kosten pro Tag<\/th><th>Kosten pro Tag<\/th><\/tr><tr><td>Wohnwagen mit<br> 2 Schlafplaetzen<\/td><td>50,00 \u20ac<\/td><td>55,00 \u20ac<\/td><td>70,00 \u20ac<\/td><td>90,00 \u20ac<\/td><\/tr><tr><td>Wohnwagen mit<br> 3 Schlafplaetzen<\/td><td>60,00 \u20ac<\/td><td>65,00 \u20ac<\/td><td>80,00 \u20ac<\/td><td>95,00 \u20ac<\/td><\/tr><tr><td>Wohnwagen mit<br> 4 Schlafplaetzen<\/td><td>65,00 \u20ac<\/td><td>75,00 \u20ac<\/td><td>90,00 \u20ac<\/td><td>100,00 \u20ac<\/td><\/tr><tr><td>Wohnwagen mit<br> 5 Schlafplaetzen<\/td><td>75,00 \u20ac<\/td><td>85,00 \u20ac<\/td><td>95,00 \u20ac<\/td><td>105,00 \u20ac<\/td><\/tr><\/tbody><\/table><\/figure>\n\n\n\n<h2 class=\"wp-block-heading\">Mobilheime<\/h2>\n\n\n\n<figure class=\"wp-block-table\"><table class=\"has-fixed-layout\"><tbody><tr><th>\nZeitraum\/Anzahl der Personen\n<\/th><th><div class=\"tipo-stagione\">Nebensaison<\/div> <p>Von April bis Juni und von September bis Oktober<\/p><\/th><th>\n<div class=\"tipo-stagione\">Mittlere Saison<\/div>\n<p>Juli<\/p>\n<\/th><th><div class=\"tipo-stagione\">Hauptsaison<\/div> <p>August<\/p><\/th><\/tr><tr><th><\/th><th>Kosten pro Tag<\/th><th>Kosten pro Tag<\/th><th>Kosten pro Tag<\/th><\/tr><tr><td>2 Personen<\/td><td>70,00 \u20ac<\/td><td>90,00 \u20ac<\/td><td>130,00 \u20ac<\/td><\/tr><tr><td>3 Personen<\/td><td>80,00 \u20ac<\/td><td>105,00 \u20ac<\/td><td>145,00 \u20ac<\/td><\/tr><tr><td>4 Personen<\/td><td>90,00 \u20ac<\/td><td>115,00 \u20ac<\/td><td>155,00 \u20ac<\/td><\/tr><tr><td>4+1 Personen (4 Erwachsene + 1 Kind)<\/td><td>95,00 \u20ac<\/td><td>120,00 \u20ac<\/td><td>165,00 \u20ac<\/td><\/tr><\/tbody><\/table><\/figure>\n<\/div>\n<\/div>\n<\/div><\/div>\n\n\n\n<div class=\"wp-block-group block_2\"><div class=\"wp-block-group__inner-container is-layout-constrained wp-block-group-is-layout-constrained\">\n<h2 class=\"wp-block-heading\">Reservierung<\/h2>\n\n\n\n<div class=\"wp-block-columns is-layout-flex wp-container-core-columns-is-layout-9d6595d7 wp-block-columns-is-layout-flex\">\n<div class=\"wp-block-column is-layout-flow wp-block-column-is-layout-flow\">\n<p>Reservierungen koennen per <strong>Telefon<\/strong> oder auch <a href=\"https:\/\/www.campingcaladostia.com\/de\/kontakt\/\">e-mail <\/a>erfolgen, \u00fcbermittlung per <a href=\"https:\/\/www.campingcaladostia.com\/de\/kontakt\/\">Kontaktformular<\/a> oder direkt zur <a href=\"https:\/\/www.campingcaladostia.com\/de\/online-buchung\/\">Online-Buchung<\/a> auf unserer Webseite.&nbsp;Die Reservierung gilt als best\u00e4tigt, wenn die <strong>Anzahlung in H\u00f6he von 30%<\/strong> vor Ablauf der kostenlosen Stornierungsfrist geleistet wurde, bzw. der vollst\u00e4ndige Restbetrag, wenn die Reservierung nach Ablauf der kostenlosen Stornierungsfrist erfolgt. Bitte geben Sie bei der Reservierung Ihren Nachnamen, Namen, Personenanzahl, Ankunfts- und Abreisedatum und eine Telefonnummer an. Sobald wir die Anzahlung erhalten, bekommen Sie eine Reservierungsbestaetigung.<\/p>\n\n\n\n<p>Die <strong>mietwohnwagen<\/strong> und <strong>mobilheime<\/strong> sind ausgestattet mit bettinhalt und bettwaesche, zweiflmmen gasherd, kuehlschrank, pfannen, teller, glaeser und besteck. Badetuecher koennen gemietet werden. Aussenzelt mit tisch und stuehlen. Strom und gasverbrauch sind inklusive im preis.Keine sanitaeren anlagen im innern der wohnwagen.<\/p>\n\n\n\n<p>Die Besetzung der Wohnheime sind mindestens f\u00fcr 2 Personen und h\u00f6chstens f\u00fcr 4 Erwachsene +1 Kind. Mindestaufenthalt 2 N\u00e4chte-Vorsaison und 14 N\u00e4chte in der Hauptsaison. Die Mietwohnwagen&nbsp;und&nbsp;Mobilheime&nbsp;sind ausgestattet mit Bettinhalt und Bettw\u00e4sche. Zweiflmmengasherd, K\u00fchlschrank, Pfannen, Teller, Gl\u00e4ser und Besteck. Badetuecher koennen gemietet werden. Aussenzelt mit Tisch und St\u00fchlen. Strom und gasverbrauch sind inklusive im preis.Keine Sanit\u00e4ranlagen im Innern der Wohnwagen.<\/p>\n\n\n\n<p>Weitere Informationen finden Sie bei unseren <a href=\"https:\/\/www.campingcaladostia.com\/de\/bedingungen\/\">Fristen und Konditionen.<\/a><\/p>\n<\/div>\n\n\n\n<div class=\"wp-block-column is-layout-flow wp-block-column-is-layout-flow\">\n<h3 class=\"wp-block-heading\">Letzte Wohnwagenreinigung und Mobilheime<\/h3>\n\n\n\n<p>Die kosten fuer die endreinigung betragen <strong>20,00 \u20ac<\/strong>, mit Hund <strong>30,00 \u20ac<\/strong>.<\/p>\n\n\n\n<h3 class=\"wp-block-heading\">Zahlungsart<\/h3>\n\n\n\n<div class=\"wp-block-columns is-layout-flex wp-container-core-columns-is-layout-9d6595d7 wp-block-columns-is-layout-flex\">\n<div class=\"wp-block-column is-layout-flow wp-block-column-is-layout-flow\">\n<p><strong>Bank\u00fcberweisung<\/strong><br>Banca Intesa \u2013 Ag. Pula<br><strong>IBAN<\/strong>&nbsp; IT19W0306943941097797990183<br><strong>BIC<\/strong>&nbsp;&nbsp;BCITITMM<\/p>\n<\/div>\n\n\n\n<div class=\"wp-block-column is-layout-flow wp-block-column-is-layout-flow\">\n<p><strong><strong>Kreditkartre<\/strong><\/strong><\/p>\n\n\n\n<figure class=\"wp-block-image size-full\"><img loading=\"lazy\" decoding=\"async\" width=\"564\" height=\"50\" src=\"https:\/\/www.campingcaladostia.com\/wp-content\/uploads\/2019\/01\/loghi-carte-credito.png\" alt=\"\" class=\"wp-image-3098\"\/><\/figure>\n<\/div>\n<\/div>\n\n\n\n<p>Kurtaxe vom 1 April bis 31 Oktober <strong>0,80 \u20ac pro Nacht<\/strong>, vom 1 November bis 31 M\u00e4rz <strong>0,40 \u20ac pro Nacht<\/strong>. Kinder bis 12 Jahre sind davon ausgenommen.<\/p>\n\n\n\n<p><strong>Vom 1 bis 25 August<\/strong> werden Buchungen nur f\u00fcr mindestens <strong>7 N\u00e4chte akzeptiert.<\/strong><\/p>\n<\/div>\n<\/div>\n<\/div><\/div>\n\n\n\n<div class=\"wp-block-group block_3\"><div class=\"wp-block-group__inner-container is-layout-constrained wp-block-group-is-layout-constrained\">\n<h2 class=\"wp-block-heading\">Berechnen sie den preis fuer ihren urlaub und buchen sie online.<\/h2>\n\n\n\n<div class=\"wp-block-buttons is-layout-flex wp-block-buttons-is-layout-flex\">\n<div class=\"wp-block-button\"><a class=\"wp-block-button__link wp-element-button\" href=\"https:\/\/www.campingcaladostia.com\/de\/online-buchung\/\">Jetzt buchen<\/a><\/div>\n<\/div>\n<\/div><\/div>\n\n\n\n<p><\/p>\n","protected":false},"excerpt":{"rendered":"<p>Preisliste f\u00fcr 2026 Zeltpl\u00e4tze sowie Stellpl\u00e4tze f\u00fcr Wohnwagen und Wohnmobile Zeitraum\/Typ Nebensaison Von Januar bis Juni und von September bis Dezember Mittlere Saison Juli Hauptsaison Vom 1\/8 bis 9\/8 undvon 21\/8 bis 31\/8 Die h\u00f6chste Station Vom 10\/8 bis 20\/8 Kosten pro Tag Kosten pro Tag Kosten pro Tag Kosten pro Tag Erwachsene 13,00 \u20ac [&hellip;]<\/p>\n","protected":false},"author":1,"featured_media":0,"parent":0,"menu_order":0,"comment_status":"closed","ping_status":"closed","template":"fullwith-without-title.php","meta":{"footnotes":""},"class_list":["post-4828","page","type-page","status-publish","hentry"],"yoast_head":"<!-- This site is optimized with the Yoast SEO plugin v27.1.1 - https:\/\/yoast.com\/product\/yoast-seo-wordpress\/ -->\n<title>Preisliste f\u00fcr 2026 - Camping Cala d&#039;Ostia<\/title>\n<meta name=\"robots\" content=\"index, follow, max-snippet:-1, max-image-preview:large, max-video-preview:-1\" \/>\n<link rel=\"canonical\" href=\"https:\/\/www.campingcaladostia.com\/de\/preisliste\/\" \/>\n<meta property=\"og:locale\" content=\"de_DE\" \/>\n<meta property=\"og:type\" content=\"article\" \/>\n<meta property=\"og:title\" content=\"Preisliste f\u00fcr 2026 - Camping Cala d&#039;Ostia\" \/>\n<meta property=\"og:description\" content=\"Preisliste f\u00fcr 2026 Zeltpl\u00e4tze sowie Stellpl\u00e4tze f\u00fcr Wohnwagen und Wohnmobile Zeitraum\/Typ Nebensaison Von Januar bis Juni und von September bis Dezember Mittlere Saison Juli Hauptsaison Vom 1\/8 bis 9\/8 undvon 21\/8 bis 31\/8 Die h\u00f6chste Station Vom 10\/8 bis 20\/8 Kosten pro Tag Kosten pro Tag Kosten pro Tag Kosten pro Tag Erwachsene 13,00 \u20ac [&hellip;]\" \/>\n<meta property=\"og:url\" content=\"https:\/\/www.campingcaladostia.com\/de\/preisliste\/\" \/>\n<meta property=\"og:site_name\" content=\"Camping Cala d&#039;Ostia\" \/>\n<meta property=\"article:modified_time\" content=\"2025-12-02T14:33:25+00:00\" \/>\n<meta property=\"og:image\" content=\"https:\/\/www.campingcaladostia.com\/wp-content\/uploads\/2019\/01\/loghi-carte-credito.png\" \/>\n\t<meta property=\"og:image:width\" content=\"564\" \/>\n\t<meta property=\"og:image:height\" content=\"50\" \/>\n\t<meta property=\"og:image:type\" content=\"image\/png\" \/>\n<meta name=\"twitter:card\" content=\"summary_large_image\" \/>\n<meta name=\"twitter:label1\" content=\"Gesch\u00e4tzte Lesezeit\" \/>\n\t<meta name=\"twitter:data1\" content=\"4\u00a0Minuten\" \/>\n<script type=\"application\/ld+json\" class=\"yoast-schema-graph\">{\"@context\":\"https:\/\/schema.org\",\"@graph\":[{\"@type\":\"WebPage\",\"@id\":\"https:\/\/www.campingcaladostia.com\/de\/preisliste\/\",\"url\":\"https:\/\/www.campingcaladostia.com\/de\/preisliste\/\",\"name\":\"Preisliste f\u00fcr 2026 - Camping Cala d&#039;Ostia\",\"isPartOf\":{\"@id\":\"https:\/\/www.campingcaladostia.com\/de\/#website\"},\"primaryImageOfPage\":{\"@id\":\"https:\/\/www.campingcaladostia.com\/de\/preisliste\/#primaryimage\"},\"image\":{\"@id\":\"https:\/\/www.campingcaladostia.com\/de\/preisliste\/#primaryimage\"},\"thumbnailUrl\":\"https:\/\/www.campingcaladostia.com\/wp-content\/uploads\/2019\/01\/loghi-carte-credito.png\",\"datePublished\":\"2025-02-22T14:47:44+00:00\",\"dateModified\":\"2025-12-02T14:33:25+00:00\",\"breadcrumb\":{\"@id\":\"https:\/\/www.campingcaladostia.com\/de\/preisliste\/#breadcrumb\"},\"inLanguage\":\"de\",\"potentialAction\":[{\"@type\":\"ReadAction\",\"target\":[\"https:\/\/www.campingcaladostia.com\/de\/preisliste\/\"]}]},{\"@type\":\"ImageObject\",\"inLanguage\":\"de\",\"@id\":\"https:\/\/www.campingcaladostia.com\/de\/preisliste\/#primaryimage\",\"url\":\"https:\/\/www.campingcaladostia.com\/wp-content\/uploads\/2019\/01\/loghi-carte-credito.png\",\"contentUrl\":\"https:\/\/www.campingcaladostia.com\/wp-content\/uploads\/2019\/01\/loghi-carte-credito.png\"},{\"@type\":\"BreadcrumbList\",\"@id\":\"https:\/\/www.campingcaladostia.com\/de\/preisliste\/#breadcrumb\",\"itemListElement\":[{\"@type\":\"ListItem\",\"position\":1,\"name\":\"Home\",\"item\":\"https:\/\/www.campingcaladostia.com\/de\/\"},{\"@type\":\"ListItem\",\"position\":2,\"name\":\"Preisliste f\u00fcr 2026\"}]},{\"@type\":\"WebSite\",\"@id\":\"https:\/\/www.campingcaladostia.com\/de\/#website\",\"url\":\"https:\/\/www.campingcaladostia.com\/de\/\",\"name\":\"Camping Cala d&#039;Ostia\",\"description\":\"Campeggio Sardegna sul mare a Pula\",\"potentialAction\":[{\"@type\":\"SearchAction\",\"target\":{\"@type\":\"EntryPoint\",\"urlTemplate\":\"https:\/\/www.campingcaladostia.com\/de\/?s={search_term_string}\"},\"query-input\":{\"@type\":\"PropertyValueSpecification\",\"valueRequired\":true,\"valueName\":\"search_term_string\"}}],\"inLanguage\":\"de\"}]}<\/script>\n<!-- \/ Yoast SEO plugin. -->","yoast_head_json":{"title":"Preisliste f\u00fcr 2026 - Camping Cala d&#039;Ostia","robots":{"index":"index","follow":"follow","max-snippet":"max-snippet:-1","max-image-preview":"max-image-preview:large","max-video-preview":"max-video-preview:-1"},"canonical":"https:\/\/www.campingcaladostia.com\/de\/preisliste\/","og_locale":"de_DE","og_type":"article","og_title":"Preisliste f\u00fcr 2026 - Camping Cala d&#039;Ostia","og_description":"Preisliste f\u00fcr 2026 Zeltpl\u00e4tze sowie Stellpl\u00e4tze f\u00fcr Wohnwagen und Wohnmobile Zeitraum\/Typ Nebensaison Von Januar bis Juni und von September bis Dezember Mittlere Saison Juli Hauptsaison Vom 1\/8 bis 9\/8 undvon 21\/8 bis 31\/8 Die h\u00f6chste Station Vom 10\/8 bis 20\/8 Kosten pro Tag Kosten pro Tag Kosten pro Tag Kosten pro Tag Erwachsene 13,00 \u20ac [&hellip;]","og_url":"https:\/\/www.campingcaladostia.com\/de\/preisliste\/","og_site_name":"Camping Cala d&#039;Ostia","article_modified_time":"2025-12-02T14:33:25+00:00","og_image":[{"width":564,"height":50,"url":"https:\/\/www.campingcaladostia.com\/wp-content\/uploads\/2019\/01\/loghi-carte-credito.png","type":"image\/png"}],"twitter_card":"summary_large_image","twitter_misc":{"Gesch\u00e4tzte Lesezeit":"4\u00a0Minuten"},"schema":{"@context":"https:\/\/schema.org","@graph":[{"@type":"WebPage","@id":"https:\/\/www.campingcaladostia.com\/de\/preisliste\/","url":"https:\/\/www.campingcaladostia.com\/de\/preisliste\/","name":"Preisliste f\u00fcr 2026 - Camping Cala d&#039;Ostia","isPartOf":{"@id":"https:\/\/www.campingcaladostia.com\/de\/#website"},"primaryImageOfPage":{"@id":"https:\/\/www.campingcaladostia.com\/de\/preisliste\/#primaryimage"},"image":{"@id":"https:\/\/www.campingcaladostia.com\/de\/preisliste\/#primaryimage"},"thumbnailUrl":"https:\/\/www.campingcaladostia.com\/wp-content\/uploads\/2019\/01\/loghi-carte-credito.png","datePublished":"2025-02-22T14:47:44+00:00","dateModified":"2025-12-02T14:33:25+00:00","breadcrumb":{"@id":"https:\/\/www.campingcaladostia.com\/de\/preisliste\/#breadcrumb"},"inLanguage":"de","potentialAction":[{"@type":"ReadAction","target":["https:\/\/www.campingcaladostia.com\/de\/preisliste\/"]}]},{"@type":"ImageObject","inLanguage":"de","@id":"https:\/\/www.campingcaladostia.com\/de\/preisliste\/#primaryimage","url":"https:\/\/www.campingcaladostia.com\/wp-content\/uploads\/2019\/01\/loghi-carte-credito.png","contentUrl":"https:\/\/www.campingcaladostia.com\/wp-content\/uploads\/2019\/01\/loghi-carte-credito.png"},{"@type":"BreadcrumbList","@id":"https:\/\/www.campingcaladostia.com\/de\/preisliste\/#breadcrumb","itemListElement":[{"@type":"ListItem","position":1,"name":"Home","item":"https:\/\/www.campingcaladostia.com\/de\/"},{"@type":"ListItem","position":2,"name":"Preisliste f\u00fcr 2026"}]},{"@type":"WebSite","@id":"https:\/\/www.campingcaladostia.com\/de\/#website","url":"https:\/\/www.campingcaladostia.com\/de\/","name":"Camping Cala d&#039;Ostia","description":"Campeggio Sardegna sul mare a Pula","potentialAction":[{"@type":"SearchAction","target":{"@type":"EntryPoint","urlTemplate":"https:\/\/www.campingcaladostia.com\/de\/?s={search_term_string}"},"query-input":{"@type":"PropertyValueSpecification","valueRequired":true,"valueName":"search_term_string"}}],"inLanguage":"de"}]}},"_links":{"self":[{"href":"https:\/\/www.campingcaladostia.com\/de\/wp-json\/wp\/v2\/pages\/4828","targetHints":{"allow":["GET"]}}],"collection":[{"href":"https:\/\/www.campingcaladostia.com\/de\/wp-json\/wp\/v2\/pages"}],"about":[{"href":"https:\/\/www.campingcaladostia.com\/de\/wp-json\/wp\/v2\/types\/page"}],"author":[{"embeddable":true,"href":"https:\/\/www.campingcaladostia.com\/de\/wp-json\/wp\/v2\/users\/1"}],"replies":[{"embeddable":true,"href":"https:\/\/www.campingcaladostia.com\/de\/wp-json\/wp\/v2\/comments?post=4828"}],"version-history":[{"count":14,"href":"https:\/\/www.campingcaladostia.com\/de\/wp-json\/wp\/v2\/pages\/4828\/revisions"}],"predecessor-version":[{"id":5753,"href":"https:\/\/www.campingcaladostia.com\/de\/wp-json\/wp\/v2\/pages\/4828\/revisions\/5753"}],"wp:attachment":[{"href":"https:\/\/www.campingcaladostia.com\/de\/wp-json\/wp\/v2\/media?parent=4828"}],"curies":[{"name":"wp","href":"https:\/\/api.w.org\/{rel}","templated":true}]}}