{"id":4755,"date":"2025-02-21T12:34:04","date_gmt":"2025-02-21T11:34:04","guid":{"rendered":"https:\/\/campingcaladostia.eribertocaria.com\/services\/chiosco-in-spiaggia\/"},"modified":"2025-07-15T19:25:47","modified_gmt":"2025-07-15T17:25:47","slug":"strandbar","status":"publish","type":"page","link":"https:\/\/www.campingcaladostia.com\/de\/einrichtungen\/strandbar\/","title":{"rendered":"Strandbar"},"content":{"rendered":"\n<div class=\"wp-block-group block_1\"><div class=\"wp-block-group__inner-container is-layout-constrained wp-block-group-is-layout-constrained\">\n<div class=\"wp-block-cover is-light\"><img loading=\"lazy\" decoding=\"async\" width=\"1920\" height=\"1280\" class=\"wp-block-cover__image-background wp-image-4750\" alt=\"\" src=\"https:\/\/www.campingcaladostia.com\/wp-content\/uploads\/2025\/02\/chiosco-in-spiaggia.jpg\" data-object-fit=\"cover\"\/><span aria-hidden=\"true\" class=\"wp-block-cover__background has-background-dim-0 has-background-dim\"><\/span><div class=\"wp-block-cover__inner-container is-layout-constrained wp-block-cover-is-layout-constrained\">\n<h1 class=\"wp-block-heading has-text-align-center has-large-font-size\">Strandbar<\/h1>\n<\/div><\/div>\n\n\n        <div class=\"prenota form-prenota\">\n            <div id=\"mysearchengine\" class=\"mgc-container mgc-wide\">&nbsp;<\/div>\n            <div class=\"aviso_agosto\">\n                                    Vom 1 bis 25 August werden Buchungen nur f\u00fcr mindestens 7 N\u00e4chte akzeptiert.\n                            <\/div>\n        <\/div>\n        \n<\/div><\/div>\n\n\n\n<div class=\"wp-block-group block_2\"><div class=\"wp-block-group__inner-container is-layout-constrained wp-block-group-is-layout-constrained\">\n<div class=\"wp-block-columns is-layout-flex wp-container-core-columns-is-layout-9d6595d7 wp-block-columns-is-layout-flex\">\n<div class=\"wp-block-column right is-layout-flow wp-block-column-is-layout-flow\">\n<h2 class=\"wp-block-heading\">Strandbar: der perfekte Ort, um erfrischende Getr\u00e4nke und Aperitifs am Meer zu genie\u00dfen.<\/h2>\n<\/div>\n\n\n\n<div class=\"wp-block-column left is-layout-flow wp-block-column-is-layout-flow\">\n<p>Die <strong>Strandbar<\/strong> des Campingplatzes Cala d&#8217;Ostia am sch\u00f6nen <strong>Flamingo-Strand<\/strong>, nur 800 m von unserem Campingplatz entfernt, ist der ideale Ort zum Entspannen und Abk\u00fchlen an hei\u00dfen Sommertagen. In ruhiger Atmosph\u00e4re und umgeben von Natur bietet sie eine gro\u00dfe Auswahl an <strong>k\u00fchlen Getr\u00e4nken, Cocktails, Eis und Snacks<\/strong>, ideal f\u00fcr eine erholsame Pause nach dem Schwimmen oder einem Spaziergang am Strand.<\/p>\n\n\n\n<p>Gleich hinter der Bar befindet sich ein <strong>bezaubernder Teich, der von Flamingos<\/strong> bev\u00f6lkert ist und den G\u00e4sten des Campingplatzes ein einzigartiges Schauspiel bietet. Hier k\u00f6nnen Sie in gem\u00fctlicher und entspannter Atmosph\u00e4re <strong>k\u00f6stliche Aperitifs<\/strong> genie\u00dfen und dabei den atemberaubenden Blick auf das Meer bewundern.<\/p>\n<\/div>\n<\/div>\n<\/div><\/div>\n\n\n\n<div class=\"wp-block-group block_4\"><div class=\"wp-block-group__inner-container is-layout-constrained wp-block-group-is-layout-constrained\">\n<div class=\"wp-block-group call_to_action_galleria\"><div class=\"wp-block-group__inner-container is-layout-constrained wp-block-group-is-layout-constrained\">\n<figure class=\"wp-block-image size-full\"><img loading=\"lazy\" decoding=\"async\" width=\"716\" height=\"640\" src=\"https:\/\/www.campingcaladostia.com\/wp-content\/uploads\/2025\/02\/Group-2782.png\" alt=\"\" class=\"wp-image-4127\"\/><\/figure>\n\n\n\n<p>Galerie\u00a0des campingplatzes und der umgebung<\/p>\n\n\n\n<div class=\"wp-block-buttons is-layout-flex wp-block-buttons-is-layout-flex\">\n<div class=\"wp-block-button\"><a class=\"wp-block-button__link wp-element-button\" href=\"https:\/\/www.campingcaladostia.com\/de\/galerie\/\">Siehe die gallerie<\/a><\/div>\n<\/div>\n<\/div><\/div>\n<\/div><\/div>\n\n\n\n<div class=\"wp-block-group block_5\"><div class=\"wp-block-group__inner-container is-layout-constrained wp-block-group-is-layout-constrained\">\n<div class=\"wp-block-group nostri_partners\"><div class=\"wp-block-group__inner-container is-layout-constrained wp-block-group-is-layout-constrained\">\n<h2 class=\"wp-block-heading\">Unsere&nbsp;Partner<\/h2>\n\n\n\n<div class=\"wp-block-group images swiper-container\"><div class=\"wp-block-group__inner-container is-layout-constrained wp-block-group-is-layout-constrained\">\n<figure class=\"wp-block-image size-full \u00ecmage_1 swiper-slide\"><img loading=\"lazy\" decoding=\"async\" width=\"366\" height=\"316\" src=\"https:\/\/www.campingcaladostia.com\/wp-content\/uploads\/2019\/03\/logo-tripadvisor.png\" alt=\"\" class=\"wp-image-3344\"\/><\/figure>\n\n\n\n<figure class=\"wp-block-image size-full \u00ecmage_2 swiper-slide\"><img loading=\"lazy\" decoding=\"async\" width=\"366\" height=\"316\" src=\"https:\/\/www.campingcaladostia.com\/wp-content\/uploads\/2019\/03\/logo-koobcamp.png\" alt=\"\" class=\"wp-image-3341\"\/><\/figure>\n\n\n\n<figure class=\"wp-block-image size-full \u00ecmage_3 swiper-slide\"><img loading=\"lazy\" decoding=\"async\" width=\"365\" height=\"316\" src=\"https:\/\/www.campingcaladostia.com\/wp-content\/uploads\/2019\/03\/logo-grimaldi-lines.png\" alt=\"\" class=\"wp-image-3338\"\/><\/figure>\n\n\n\n<figure class=\"wp-block-image size-full \u00ecmage_4 swiper-slide\"><img loading=\"lazy\" decoding=\"async\" width=\"366\" height=\"316\" src=\"https:\/\/www.campingcaladostia.com\/wp-content\/uploads\/2019\/03\/logo-faita-federcamping-1.png\" alt=\"\" class=\"wp-image-3354\"\/><\/figure>\n\n\n\n<figure class=\"wp-block-image size-full \u00ecmage_5 swiper-slide\"><img loading=\"lazy\" decoding=\"async\" width=\"366\" height=\"316\" src=\"https:\/\/www.campingcaladostia.com\/wp-content\/uploads\/2019\/03\/logo-corsica-sardinia-ferries.png\" alt=\"\" class=\"wp-image-3332\"\/><\/figure>\n\n\n\n<figure class=\"wp-block-image size-full \u00ecmage_6 swiper-slide\"><img loading=\"lazy\" decoding=\"async\" width=\"366\" height=\"316\" src=\"https:\/\/www.campingcaladostia.com\/wp-content\/uploads\/2019\/03\/logo-camperisti-sardi.png\" alt=\"\" class=\"wp-image-3329\"\/><\/figure>\n\n\n\n<figure class=\"wp-block-image size-full \u00ecmage_7 swiper-slide\"><img loading=\"lazy\" decoding=\"async\" width=\"366\" height=\"316\" src=\"https:\/\/www.campingcaladostia.com\/wp-content\/uploads\/2019\/03\/logo-booking-com.png\" alt=\"\" class=\"wp-image-3326\"\/><\/figure>\n<\/div><\/div>\n<\/div><\/div>\n<\/div><\/div>\n","protected":false},"excerpt":{"rendered":"<p>Strandbar: der perfekte Ort, um erfrischende Getr\u00e4nke und Aperitifs am Meer zu genie\u00dfen. Die Strandbar des Campingplatzes Cala d&#8217;Ostia am sch\u00f6nen Flamingo-Strand, nur 800 m von unserem Campingplatz entfernt, ist der ideale Ort zum Entspannen und Abk\u00fchlen an hei\u00dfen Sommertagen. In ruhiger Atmosph\u00e4re und umgeben von Natur bietet sie eine gro\u00dfe Auswahl an k\u00fchlen Getr\u00e4nken, [&hellip;]<\/p>\n","protected":false},"author":1,"featured_media":0,"parent":1067,"menu_order":0,"comment_status":"closed","ping_status":"closed","template":"fullwith-without-title.php","meta":{"footnotes":""},"class_list":["post-4755","page","type-page","status-publish","hentry"],"yoast_head":"<!-- This site is optimized with the Yoast SEO plugin v27.1.1 - https:\/\/yoast.com\/product\/yoast-seo-wordpress\/ -->\n<title>Strandbar - Camping Cala d&#039;Ostia<\/title>\n<meta name=\"robots\" content=\"index, follow, max-snippet:-1, max-image-preview:large, max-video-preview:-1\" \/>\n<link rel=\"canonical\" href=\"https:\/\/www.campingcaladostia.com\/de\/einrichtungen\/strandbar\/\" \/>\n<meta property=\"og:locale\" content=\"de_DE\" \/>\n<meta property=\"og:type\" content=\"article\" \/>\n<meta property=\"og:title\" content=\"Strandbar - Camping Cala d&#039;Ostia\" \/>\n<meta property=\"og:description\" content=\"Strandbar: der perfekte Ort, um erfrischende Getr\u00e4nke und Aperitifs am Meer zu genie\u00dfen. Die Strandbar des Campingplatzes Cala d&#8217;Ostia am sch\u00f6nen Flamingo-Strand, nur 800 m von unserem Campingplatz entfernt, ist der ideale Ort zum Entspannen und Abk\u00fchlen an hei\u00dfen Sommertagen. In ruhiger Atmosph\u00e4re und umgeben von Natur bietet sie eine gro\u00dfe Auswahl an k\u00fchlen Getr\u00e4nken, [&hellip;]\" \/>\n<meta property=\"og:url\" content=\"https:\/\/www.campingcaladostia.com\/de\/einrichtungen\/strandbar\/\" \/>\n<meta property=\"og:site_name\" content=\"Camping Cala d&#039;Ostia\" \/>\n<meta property=\"article:modified_time\" content=\"2025-07-15T17:25:47+00:00\" \/>\n<meta property=\"og:image\" content=\"https:\/\/www.campingcaladostia.com\/wp-content\/uploads\/2025\/02\/chiosco-in-spiaggia.jpg\" \/>\n\t<meta property=\"og:image:width\" content=\"1920\" \/>\n\t<meta property=\"og:image:height\" content=\"1280\" \/>\n\t<meta property=\"og:image:type\" content=\"image\/jpeg\" \/>\n<meta name=\"twitter:card\" content=\"summary_large_image\" \/>\n<meta name=\"twitter:label1\" content=\"Gesch\u00e4tzte Lesezeit\" \/>\n\t<meta name=\"twitter:data1\" content=\"3\u00a0Minuten\" \/>\n<script type=\"application\/ld+json\" class=\"yoast-schema-graph\">{\"@context\":\"https:\/\/schema.org\",\"@graph\":[{\"@type\":\"WebPage\",\"@id\":\"https:\/\/www.campingcaladostia.com\/de\/einrichtungen\/strandbar\/\",\"url\":\"https:\/\/www.campingcaladostia.com\/de\/einrichtungen\/strandbar\/\",\"name\":\"Strandbar - Camping Cala d&#039;Ostia\",\"isPartOf\":{\"@id\":\"https:\/\/www.campingcaladostia.com\/de\/#website\"},\"primaryImageOfPage\":{\"@id\":\"https:\/\/www.campingcaladostia.com\/de\/einrichtungen\/strandbar\/#primaryimage\"},\"image\":{\"@id\":\"https:\/\/www.campingcaladostia.com\/de\/einrichtungen\/strandbar\/#primaryimage\"},\"thumbnailUrl\":\"https:\/\/www.campingcaladostia.com\/wp-content\/uploads\/2025\/02\/chiosco-in-spiaggia.jpg\",\"datePublished\":\"2025-02-21T11:34:04+00:00\",\"dateModified\":\"2025-07-15T17:25:47+00:00\",\"breadcrumb\":{\"@id\":\"https:\/\/www.campingcaladostia.com\/de\/einrichtungen\/strandbar\/#breadcrumb\"},\"inLanguage\":\"de\",\"potentialAction\":[{\"@type\":\"ReadAction\",\"target\":[\"https:\/\/www.campingcaladostia.com\/de\/einrichtungen\/strandbar\/\"]}]},{\"@type\":\"ImageObject\",\"inLanguage\":\"de\",\"@id\":\"https:\/\/www.campingcaladostia.com\/de\/einrichtungen\/strandbar\/#primaryimage\",\"url\":\"https:\/\/www.campingcaladostia.com\/wp-content\/uploads\/2025\/02\/chiosco-in-spiaggia.jpg\",\"contentUrl\":\"https:\/\/www.campingcaladostia.com\/wp-content\/uploads\/2025\/02\/chiosco-in-spiaggia.jpg\"},{\"@type\":\"BreadcrumbList\",\"@id\":\"https:\/\/www.campingcaladostia.com\/de\/einrichtungen\/strandbar\/#breadcrumb\",\"itemListElement\":[{\"@type\":\"ListItem\",\"position\":1,\"name\":\"Home\",\"item\":\"https:\/\/www.campingcaladostia.com\/de\/\"},{\"@type\":\"ListItem\",\"position\":2,\"name\":\"Einrichtungen\",\"item\":\"https:\/\/www.campingcaladostia.com\/de\/einrichtungen\/\"},{\"@type\":\"ListItem\",\"position\":3,\"name\":\"Strandbar\"}]},{\"@type\":\"WebSite\",\"@id\":\"https:\/\/www.campingcaladostia.com\/de\/#website\",\"url\":\"https:\/\/www.campingcaladostia.com\/de\/\",\"name\":\"Camping Cala d&#039;Ostia\",\"description\":\"Campeggio Sardegna sul mare a Pula\",\"potentialAction\":[{\"@type\":\"SearchAction\",\"target\":{\"@type\":\"EntryPoint\",\"urlTemplate\":\"https:\/\/www.campingcaladostia.com\/de\/?s={search_term_string}\"},\"query-input\":{\"@type\":\"PropertyValueSpecification\",\"valueRequired\":true,\"valueName\":\"search_term_string\"}}],\"inLanguage\":\"de\"}]}<\/script>\n<!-- \/ Yoast SEO plugin. -->","yoast_head_json":{"title":"Strandbar - Camping Cala d&#039;Ostia","robots":{"index":"index","follow":"follow","max-snippet":"max-snippet:-1","max-image-preview":"max-image-preview:large","max-video-preview":"max-video-preview:-1"},"canonical":"https:\/\/www.campingcaladostia.com\/de\/einrichtungen\/strandbar\/","og_locale":"de_DE","og_type":"article","og_title":"Strandbar - Camping Cala d&#039;Ostia","og_description":"Strandbar: der perfekte Ort, um erfrischende Getr\u00e4nke und Aperitifs am Meer zu genie\u00dfen. Die Strandbar des Campingplatzes Cala d&#8217;Ostia am sch\u00f6nen Flamingo-Strand, nur 800 m von unserem Campingplatz entfernt, ist der ideale Ort zum Entspannen und Abk\u00fchlen an hei\u00dfen Sommertagen. In ruhiger Atmosph\u00e4re und umgeben von Natur bietet sie eine gro\u00dfe Auswahl an k\u00fchlen Getr\u00e4nken, [&hellip;]","og_url":"https:\/\/www.campingcaladostia.com\/de\/einrichtungen\/strandbar\/","og_site_name":"Camping Cala d&#039;Ostia","article_modified_time":"2025-07-15T17:25:47+00:00","og_image":[{"width":1920,"height":1280,"url":"https:\/\/www.campingcaladostia.com\/wp-content\/uploads\/2025\/02\/chiosco-in-spiaggia.jpg","type":"image\/jpeg"}],"twitter_card":"summary_large_image","twitter_misc":{"Gesch\u00e4tzte Lesezeit":"3\u00a0Minuten"},"schema":{"@context":"https:\/\/schema.org","@graph":[{"@type":"WebPage","@id":"https:\/\/www.campingcaladostia.com\/de\/einrichtungen\/strandbar\/","url":"https:\/\/www.campingcaladostia.com\/de\/einrichtungen\/strandbar\/","name":"Strandbar - Camping Cala d&#039;Ostia","isPartOf":{"@id":"https:\/\/www.campingcaladostia.com\/de\/#website"},"primaryImageOfPage":{"@id":"https:\/\/www.campingcaladostia.com\/de\/einrichtungen\/strandbar\/#primaryimage"},"image":{"@id":"https:\/\/www.campingcaladostia.com\/de\/einrichtungen\/strandbar\/#primaryimage"},"thumbnailUrl":"https:\/\/www.campingcaladostia.com\/wp-content\/uploads\/2025\/02\/chiosco-in-spiaggia.jpg","datePublished":"2025-02-21T11:34:04+00:00","dateModified":"2025-07-15T17:25:47+00:00","breadcrumb":{"@id":"https:\/\/www.campingcaladostia.com\/de\/einrichtungen\/strandbar\/#breadcrumb"},"inLanguage":"de","potentialAction":[{"@type":"ReadAction","target":["https:\/\/www.campingcaladostia.com\/de\/einrichtungen\/strandbar\/"]}]},{"@type":"ImageObject","inLanguage":"de","@id":"https:\/\/www.campingcaladostia.com\/de\/einrichtungen\/strandbar\/#primaryimage","url":"https:\/\/www.campingcaladostia.com\/wp-content\/uploads\/2025\/02\/chiosco-in-spiaggia.jpg","contentUrl":"https:\/\/www.campingcaladostia.com\/wp-content\/uploads\/2025\/02\/chiosco-in-spiaggia.jpg"},{"@type":"BreadcrumbList","@id":"https:\/\/www.campingcaladostia.com\/de\/einrichtungen\/strandbar\/#breadcrumb","itemListElement":[{"@type":"ListItem","position":1,"name":"Home","item":"https:\/\/www.campingcaladostia.com\/de\/"},{"@type":"ListItem","position":2,"name":"Einrichtungen","item":"https:\/\/www.campingcaladostia.com\/de\/einrichtungen\/"},{"@type":"ListItem","position":3,"name":"Strandbar"}]},{"@type":"WebSite","@id":"https:\/\/www.campingcaladostia.com\/de\/#website","url":"https:\/\/www.campingcaladostia.com\/de\/","name":"Camping Cala d&#039;Ostia","description":"Campeggio Sardegna sul mare a Pula","potentialAction":[{"@type":"SearchAction","target":{"@type":"EntryPoint","urlTemplate":"https:\/\/www.campingcaladostia.com\/de\/?s={search_term_string}"},"query-input":{"@type":"PropertyValueSpecification","valueRequired":true,"valueName":"search_term_string"}}],"inLanguage":"de"}]}},"_links":{"self":[{"href":"https:\/\/www.campingcaladostia.com\/de\/wp-json\/wp\/v2\/pages\/4755","targetHints":{"allow":["GET"]}}],"collection":[{"href":"https:\/\/www.campingcaladostia.com\/de\/wp-json\/wp\/v2\/pages"}],"about":[{"href":"https:\/\/www.campingcaladostia.com\/de\/wp-json\/wp\/v2\/types\/page"}],"author":[{"embeddable":true,"href":"https:\/\/www.campingcaladostia.com\/de\/wp-json\/wp\/v2\/users\/1"}],"replies":[{"embeddable":true,"href":"https:\/\/www.campingcaladostia.com\/de\/wp-json\/wp\/v2\/comments?post=4755"}],"version-history":[{"count":4,"href":"https:\/\/www.campingcaladostia.com\/de\/wp-json\/wp\/v2\/pages\/4755\/revisions"}],"predecessor-version":[{"id":5556,"href":"https:\/\/www.campingcaladostia.com\/de\/wp-json\/wp\/v2\/pages\/4755\/revisions\/5556"}],"up":[{"embeddable":true,"href":"https:\/\/www.campingcaladostia.com\/de\/wp-json\/wp\/v2\/pages\/1067"}],"wp:attachment":[{"href":"https:\/\/www.campingcaladostia.com\/de\/wp-json\/wp\/v2\/media?parent=4755"}],"curies":[{"name":"wp","href":"https:\/\/api.w.org\/{rel}","templated":true}]}}