{"id":1078,"date":"2016-02-25T10:28:48","date_gmt":"2016-02-25T09:28:48","guid":{"rendered":"http:\/\/www.campingcaladostia.com\/de\/servizi\/attivita-e-noleggio\/"},"modified":"2025-06-11T00:06:18","modified_gmt":"2025-06-10T22:06:18","slug":"aktivitaten-und-gerateverleih","status":"publish","type":"page","link":"https:\/\/www.campingcaladostia.com\/de\/einrichtungen\/aktivitaten-und-gerateverleih\/","title":{"rendered":"Aktivit\u00e4ten und Ger\u00e4teverleih"},"content":{"rendered":"\n<div class=\"wp-block-group block_1\"><div class=\"wp-block-group__inner-container is-layout-constrained wp-block-group-is-layout-constrained\">\n<div class=\"wp-block-cover is-light\"><img loading=\"lazy\" decoding=\"async\" width=\"1920\" height=\"1200\" class=\"wp-block-cover__image-background wp-image-1291\" alt=\"\" src=\"https:\/\/www.campingcaladostia.com\/wp-content\/uploads\/2016\/04\/attivita-e-noleggio-1920.jpg\" data-object-fit=\"cover\"\/><span aria-hidden=\"true\" class=\"wp-block-cover__background has-background-dim-0 has-background-dim\"><\/span><div class=\"wp-block-cover__inner-container is-layout-constrained wp-block-cover-is-layout-constrained\">\n<h1 class=\"wp-block-heading has-text-align-center has-large-font-size\">Aktivit\u00e4ten und ger\u00e4teverleih<\/h1>\n<\/div><\/div>\n\n\n        <div class=\"prenota form-prenota\">\n            <div id=\"mysearchengine\" class=\"mgc-container mgc-wide\">&nbsp;<\/div>\n            <div class=\"aviso_agosto\">\n                                    Vom 1 bis 25 August werden Buchungen nur f\u00fcr mindestens 7 N\u00e4chte akzeptiert.\n                            <\/div>\n        <\/div>\n        \n<\/div><\/div>\n\n\n\n<div class=\"wp-block-group block_2\"><div class=\"wp-block-group__inner-container is-layout-constrained wp-block-group-is-layout-constrained\">\n<div class=\"wp-block-columns is-layout-flex wp-container-core-columns-is-layout-9d6595d7 wp-block-columns-is-layout-flex\">\n<div class=\"wp-block-column right is-layout-flow wp-block-column-is-layout-flow\">\n<h2 class=\"wp-block-heading\">Wassersport, Ausfl\u00fcge und Outdoor-Abenteuer f\u00fcr ein unvergessliches Erlebnis auf Sardinien.<\/h2>\n<\/div>\n\n\n\n<div class=\"wp-block-column left is-layout-flow wp-block-column-is-layout-flow\">\n<p>Sportler haben hier die Qual der Wahl: <strong>Surfen<\/strong>, <strong>Windsurfen<\/strong> und <strong>Kitesurfen<\/strong> geh\u00f6ren zu den beliebtesten Aktivit\u00e4ten in dieser Ecke S\u00fcd-Sardiniens, wo man sich stets auf den Wind verlassen kann.<\/p>\n\n\n\n<p>Au\u00dferdem l\u00e4sst es sich hier wunderbar <strong>mountainbiken<\/strong>, <strong>wandern<\/strong> und <strong>reiten<\/strong>. Ganz in der N\u00e4he kann man <strong>Kanus<\/strong>, <strong>Schlauchboote<\/strong> und <strong>Jet-Skis mieten<\/strong>.<\/p>\n<\/div>\n<\/div>\n<\/div><\/div>\n\n\n\n<div class=\"wp-block-group block_4\"><div class=\"wp-block-group__inner-container is-layout-constrained wp-block-group-is-layout-constrained\">\n<div class=\"wp-block-group call_to_action_galleria\"><div class=\"wp-block-group__inner-container is-layout-constrained wp-block-group-is-layout-constrained\">\n<figure class=\"wp-block-image size-full\"><img loading=\"lazy\" decoding=\"async\" width=\"716\" height=\"640\" src=\"https:\/\/www.campingcaladostia.com\/wp-content\/uploads\/2025\/02\/Group-2782.png\" alt=\"\" class=\"wp-image-4127\"\/><\/figure>\n\n\n\n<p>Galerie\u00a0des campingplatzes und der umgebung<\/p>\n\n\n\n<div class=\"wp-block-buttons is-layout-flex wp-block-buttons-is-layout-flex\">\n<div class=\"wp-block-button\"><a class=\"wp-block-button__link wp-element-button\" href=\"https:\/\/www.campingcaladostia.com\/de\/galerie\/\">Siehe die gallerie<\/a><\/div>\n<\/div>\n<\/div><\/div>\n<\/div><\/div>\n\n\n\n<div class=\"wp-block-group block_5\"><div class=\"wp-block-group__inner-container is-layout-constrained wp-block-group-is-layout-constrained\">\n<div class=\"wp-block-group nostri_partners\"><div class=\"wp-block-group__inner-container is-layout-constrained wp-block-group-is-layout-constrained\">\n<h2 class=\"wp-block-heading\">Unsere&nbsp;Partner<\/h2>\n\n\n\n<div class=\"wp-block-group images swiper-container\"><div class=\"wp-block-group__inner-container is-layout-constrained wp-block-group-is-layout-constrained\">\n<figure class=\"wp-block-image size-full \u00ecmage_1 swiper-slide\"><img loading=\"lazy\" decoding=\"async\" width=\"366\" height=\"316\" src=\"https:\/\/www.campingcaladostia.com\/wp-content\/uploads\/2019\/03\/logo-tripadvisor.png\" alt=\"\" class=\"wp-image-3344\"\/><\/figure>\n\n\n\n<figure class=\"wp-block-image size-full \u00ecmage_2 swiper-slide\"><img loading=\"lazy\" decoding=\"async\" width=\"366\" height=\"316\" src=\"https:\/\/www.campingcaladostia.com\/wp-content\/uploads\/2019\/03\/logo-koobcamp.png\" alt=\"\" class=\"wp-image-3341\"\/><\/figure>\n\n\n\n<figure class=\"wp-block-image size-full \u00ecmage_3 swiper-slide\"><img loading=\"lazy\" decoding=\"async\" width=\"365\" height=\"316\" src=\"https:\/\/www.campingcaladostia.com\/wp-content\/uploads\/2019\/03\/logo-grimaldi-lines.png\" alt=\"\" class=\"wp-image-3338\"\/><\/figure>\n\n\n\n<figure class=\"wp-block-image size-full \u00ecmage_4 swiper-slide\"><img loading=\"lazy\" decoding=\"async\" width=\"366\" height=\"316\" src=\"https:\/\/www.campingcaladostia.com\/wp-content\/uploads\/2019\/03\/logo-faita-federcamping-1.png\" alt=\"\" class=\"wp-image-3354\"\/><\/figure>\n\n\n\n<figure class=\"wp-block-image size-full \u00ecmage_5 swiper-slide\"><img loading=\"lazy\" decoding=\"async\" width=\"366\" height=\"316\" src=\"https:\/\/www.campingcaladostia.com\/wp-content\/uploads\/2019\/03\/logo-corsica-sardinia-ferries.png\" alt=\"\" class=\"wp-image-3332\"\/><\/figure>\n\n\n\n<figure class=\"wp-block-image size-full \u00ecmage_6 swiper-slide\"><img loading=\"lazy\" decoding=\"async\" width=\"366\" height=\"316\" src=\"https:\/\/www.campingcaladostia.com\/wp-content\/uploads\/2019\/03\/logo-camperisti-sardi.png\" alt=\"\" class=\"wp-image-3329\"\/><\/figure>\n\n\n\n<figure class=\"wp-block-image size-full \u00ecmage_7 swiper-slide\"><img loading=\"lazy\" decoding=\"async\" width=\"366\" height=\"316\" src=\"https:\/\/www.campingcaladostia.com\/wp-content\/uploads\/2019\/03\/logo-booking-com.png\" alt=\"\" class=\"wp-image-3326\"\/><\/figure>\n<\/div><\/div>\n<\/div><\/div>\n<\/div><\/div>\n","protected":false},"excerpt":{"rendered":"<p>Gli sportivi avranno l&#8217;imbarazzo della scelta: surf, windsurf e kitesurf sono tra le attivit\u00e0 pi\u00f9 gettonate&#8230;<\/p>\n","protected":false},"author":1,"featured_media":1293,"parent":1067,"menu_order":6,"comment_status":"closed","ping_status":"closed","template":"fullwith-without-title.php","meta":{"footnotes":""},"class_list":["post-1078","page","type-page","status-publish","has-post-thumbnail","hentry"],"yoast_head":"<!-- This site is optimized with the Yoast SEO plugin v27.1.1 - https:\/\/yoast.com\/product\/yoast-seo-wordpress\/ -->\n<title>Aktivit\u00e4ten und Ger\u00e4teverleih - Camping Cala d&#039;Ostia<\/title>\n<meta name=\"description\" content=\"Sportler haben hier die Qual der Wahl: Surfen, Windsurfen und Kitesurfen geh\u00f6ren zu den beliebtesten Aktivit\u00e4ten in dieser Ecke S\u00fcd-Sardiniens\" \/>\n<meta name=\"robots\" content=\"index, follow, max-snippet:-1, max-image-preview:large, max-video-preview:-1\" \/>\n<link rel=\"canonical\" href=\"https:\/\/www.campingcaladostia.com\/de\/einrichtungen\/aktivitaten-und-gerateverleih\/\" \/>\n<meta property=\"og:locale\" content=\"de_DE\" \/>\n<meta property=\"og:type\" content=\"article\" \/>\n<meta property=\"og:title\" content=\"Aktivit\u00e4ten und Ger\u00e4teverleih - Camping Cala d&#039;Ostia\" \/>\n<meta property=\"og:description\" content=\"Sportler haben hier die Qual der Wahl: Surfen, Windsurfen und Kitesurfen geh\u00f6ren zu den beliebtesten Aktivit\u00e4ten in dieser Ecke S\u00fcd-Sardiniens\" \/>\n<meta property=\"og:url\" content=\"https:\/\/www.campingcaladostia.com\/de\/einrichtungen\/aktivitaten-und-gerateverleih\/\" \/>\n<meta property=\"og:site_name\" content=\"Camping Cala d&#039;Ostia\" \/>\n<meta property=\"article:modified_time\" content=\"2025-06-10T22:06:18+00:00\" \/>\n<meta property=\"og:image\" content=\"https:\/\/www.campingcaladostia.com\/wp-content\/uploads\/2016\/04\/attivita-e-noleggio-1920.jpg\" \/>\n\t<meta property=\"og:image:width\" content=\"1920\" \/>\n\t<meta property=\"og:image:height\" content=\"1200\" \/>\n\t<meta property=\"og:image:type\" content=\"image\/jpeg\" \/>\n<meta name=\"twitter:card\" content=\"summary_large_image\" \/>\n<meta name=\"twitter:label1\" content=\"Gesch\u00e4tzte Lesezeit\" \/>\n\t<meta name=\"twitter:data1\" content=\"2\u00a0Minuten\" \/>\n<script type=\"application\/ld+json\" class=\"yoast-schema-graph\">{\"@context\":\"https:\/\/schema.org\",\"@graph\":[{\"@type\":\"WebPage\",\"@id\":\"https:\/\/www.campingcaladostia.com\/de\/einrichtungen\/aktivitaten-und-gerateverleih\/\",\"url\":\"https:\/\/www.campingcaladostia.com\/de\/einrichtungen\/aktivitaten-und-gerateverleih\/\",\"name\":\"Aktivit\u00e4ten und Ger\u00e4teverleih - Camping Cala d'Ostia\",\"isPartOf\":{\"@id\":\"https:\/\/www.campingcaladostia.com\/de\/#website\"},\"primaryImageOfPage\":{\"@id\":\"https:\/\/www.campingcaladostia.com\/de\/einrichtungen\/aktivitaten-und-gerateverleih\/#primaryimage\"},\"image\":{\"@id\":\"https:\/\/www.campingcaladostia.com\/de\/einrichtungen\/aktivitaten-und-gerateverleih\/#primaryimage\"},\"thumbnailUrl\":\"https:\/\/www.campingcaladostia.com\/wp-content\/uploads\/2016\/04\/attivita-e-noleggio-1920.jpg\",\"datePublished\":\"2016-02-25T09:28:48+00:00\",\"dateModified\":\"2025-06-10T22:06:18+00:00\",\"description\":\"Sportler haben hier die Qual der Wahl: Surfen, Windsurfen und Kitesurfen geh\u00f6ren zu den beliebtesten Aktivit\u00e4ten in dieser Ecke S\u00fcd-Sardiniens\",\"breadcrumb\":{\"@id\":\"https:\/\/www.campingcaladostia.com\/de\/einrichtungen\/aktivitaten-und-gerateverleih\/#breadcrumb\"},\"inLanguage\":\"de\",\"potentialAction\":[{\"@type\":\"ReadAction\",\"target\":[\"https:\/\/www.campingcaladostia.com\/de\/einrichtungen\/aktivitaten-und-gerateverleih\/\"]}]},{\"@type\":\"ImageObject\",\"inLanguage\":\"de\",\"@id\":\"https:\/\/www.campingcaladostia.com\/de\/einrichtungen\/aktivitaten-und-gerateverleih\/#primaryimage\",\"url\":\"https:\/\/www.campingcaladostia.com\/wp-content\/uploads\/2016\/04\/attivita-e-noleggio-1920.jpg\",\"contentUrl\":\"https:\/\/www.campingcaladostia.com\/wp-content\/uploads\/2016\/04\/attivita-e-noleggio-1920.jpg\",\"width\":1920,\"height\":1200},{\"@type\":\"BreadcrumbList\",\"@id\":\"https:\/\/www.campingcaladostia.com\/de\/einrichtungen\/aktivitaten-und-gerateverleih\/#breadcrumb\",\"itemListElement\":[{\"@type\":\"ListItem\",\"position\":1,\"name\":\"Home\",\"item\":\"https:\/\/www.campingcaladostia.com\/de\/\"},{\"@type\":\"ListItem\",\"position\":2,\"name\":\"Einrichtungen\",\"item\":\"https:\/\/www.campingcaladostia.com\/de\/einrichtungen\/\"},{\"@type\":\"ListItem\",\"position\":3,\"name\":\"Aktivit\u00e4ten und Ger\u00e4teverleih\"}]},{\"@type\":\"WebSite\",\"@id\":\"https:\/\/www.campingcaladostia.com\/de\/#website\",\"url\":\"https:\/\/www.campingcaladostia.com\/de\/\",\"name\":\"Camping Cala d&#039;Ostia\",\"description\":\"Campeggio Sardegna sul mare a Pula\",\"potentialAction\":[{\"@type\":\"SearchAction\",\"target\":{\"@type\":\"EntryPoint\",\"urlTemplate\":\"https:\/\/www.campingcaladostia.com\/de\/?s={search_term_string}\"},\"query-input\":{\"@type\":\"PropertyValueSpecification\",\"valueRequired\":true,\"valueName\":\"search_term_string\"}}],\"inLanguage\":\"de\"}]}<\/script>\n<!-- \/ Yoast SEO plugin. -->","yoast_head_json":{"title":"Aktivit\u00e4ten und Ger\u00e4teverleih - Camping Cala d'Ostia","description":"Sportler haben hier die Qual der Wahl: Surfen, Windsurfen und Kitesurfen geh\u00f6ren zu den beliebtesten Aktivit\u00e4ten in dieser Ecke S\u00fcd-Sardiniens","robots":{"index":"index","follow":"follow","max-snippet":"max-snippet:-1","max-image-preview":"max-image-preview:large","max-video-preview":"max-video-preview:-1"},"canonical":"https:\/\/www.campingcaladostia.com\/de\/einrichtungen\/aktivitaten-und-gerateverleih\/","og_locale":"de_DE","og_type":"article","og_title":"Aktivit\u00e4ten und Ger\u00e4teverleih - Camping Cala d'Ostia","og_description":"Sportler haben hier die Qual der Wahl: Surfen, Windsurfen und Kitesurfen geh\u00f6ren zu den beliebtesten Aktivit\u00e4ten in dieser Ecke S\u00fcd-Sardiniens","og_url":"https:\/\/www.campingcaladostia.com\/de\/einrichtungen\/aktivitaten-und-gerateverleih\/","og_site_name":"Camping Cala d&#039;Ostia","article_modified_time":"2025-06-10T22:06:18+00:00","og_image":[{"width":1920,"height":1200,"url":"https:\/\/www.campingcaladostia.com\/wp-content\/uploads\/2016\/04\/attivita-e-noleggio-1920.jpg","type":"image\/jpeg"}],"twitter_card":"summary_large_image","twitter_misc":{"Gesch\u00e4tzte Lesezeit":"2\u00a0Minuten"},"schema":{"@context":"https:\/\/schema.org","@graph":[{"@type":"WebPage","@id":"https:\/\/www.campingcaladostia.com\/de\/einrichtungen\/aktivitaten-und-gerateverleih\/","url":"https:\/\/www.campingcaladostia.com\/de\/einrichtungen\/aktivitaten-und-gerateverleih\/","name":"Aktivit\u00e4ten und Ger\u00e4teverleih - Camping Cala d'Ostia","isPartOf":{"@id":"https:\/\/www.campingcaladostia.com\/de\/#website"},"primaryImageOfPage":{"@id":"https:\/\/www.campingcaladostia.com\/de\/einrichtungen\/aktivitaten-und-gerateverleih\/#primaryimage"},"image":{"@id":"https:\/\/www.campingcaladostia.com\/de\/einrichtungen\/aktivitaten-und-gerateverleih\/#primaryimage"},"thumbnailUrl":"https:\/\/www.campingcaladostia.com\/wp-content\/uploads\/2016\/04\/attivita-e-noleggio-1920.jpg","datePublished":"2016-02-25T09:28:48+00:00","dateModified":"2025-06-10T22:06:18+00:00","description":"Sportler haben hier die Qual der Wahl: Surfen, Windsurfen und Kitesurfen geh\u00f6ren zu den beliebtesten Aktivit\u00e4ten in dieser Ecke S\u00fcd-Sardiniens","breadcrumb":{"@id":"https:\/\/www.campingcaladostia.com\/de\/einrichtungen\/aktivitaten-und-gerateverleih\/#breadcrumb"},"inLanguage":"de","potentialAction":[{"@type":"ReadAction","target":["https:\/\/www.campingcaladostia.com\/de\/einrichtungen\/aktivitaten-und-gerateverleih\/"]}]},{"@type":"ImageObject","inLanguage":"de","@id":"https:\/\/www.campingcaladostia.com\/de\/einrichtungen\/aktivitaten-und-gerateverleih\/#primaryimage","url":"https:\/\/www.campingcaladostia.com\/wp-content\/uploads\/2016\/04\/attivita-e-noleggio-1920.jpg","contentUrl":"https:\/\/www.campingcaladostia.com\/wp-content\/uploads\/2016\/04\/attivita-e-noleggio-1920.jpg","width":1920,"height":1200},{"@type":"BreadcrumbList","@id":"https:\/\/www.campingcaladostia.com\/de\/einrichtungen\/aktivitaten-und-gerateverleih\/#breadcrumb","itemListElement":[{"@type":"ListItem","position":1,"name":"Home","item":"https:\/\/www.campingcaladostia.com\/de\/"},{"@type":"ListItem","position":2,"name":"Einrichtungen","item":"https:\/\/www.campingcaladostia.com\/de\/einrichtungen\/"},{"@type":"ListItem","position":3,"name":"Aktivit\u00e4ten und Ger\u00e4teverleih"}]},{"@type":"WebSite","@id":"https:\/\/www.campingcaladostia.com\/de\/#website","url":"https:\/\/www.campingcaladostia.com\/de\/","name":"Camping Cala d&#039;Ostia","description":"Campeggio Sardegna sul mare a Pula","potentialAction":[{"@type":"SearchAction","target":{"@type":"EntryPoint","urlTemplate":"https:\/\/www.campingcaladostia.com\/de\/?s={search_term_string}"},"query-input":{"@type":"PropertyValueSpecification","valueRequired":true,"valueName":"search_term_string"}}],"inLanguage":"de"}]}},"_links":{"self":[{"href":"https:\/\/www.campingcaladostia.com\/de\/wp-json\/wp\/v2\/pages\/1078","targetHints":{"allow":["GET"]}}],"collection":[{"href":"https:\/\/www.campingcaladostia.com\/de\/wp-json\/wp\/v2\/pages"}],"about":[{"href":"https:\/\/www.campingcaladostia.com\/de\/wp-json\/wp\/v2\/types\/page"}],"author":[{"embeddable":true,"href":"https:\/\/www.campingcaladostia.com\/de\/wp-json\/wp\/v2\/users\/1"}],"replies":[{"embeddable":true,"href":"https:\/\/www.campingcaladostia.com\/de\/wp-json\/wp\/v2\/comments?post=1078"}],"version-history":[{"count":10,"href":"https:\/\/www.campingcaladostia.com\/de\/wp-json\/wp\/v2\/pages\/1078\/revisions"}],"predecessor-version":[{"id":5512,"href":"https:\/\/www.campingcaladostia.com\/de\/wp-json\/wp\/v2\/pages\/1078\/revisions\/5512"}],"up":[{"embeddable":true,"href":"https:\/\/www.campingcaladostia.com\/de\/wp-json\/wp\/v2\/pages\/1067"}],"wp:featuredmedia":[{"embeddable":true,"href":"https:\/\/www.campingcaladostia.com\/de\/wp-json\/wp\/v2\/media\/1293"}],"wp:attachment":[{"href":"https:\/\/www.campingcaladostia.com\/de\/wp-json\/wp\/v2\/media?parent=1078"}],"curies":[{"name":"wp","href":"https:\/\/api.w.org\/{rel}","templated":true}]}}