{"id":1067,"date":"2016-02-19T00:54:17","date_gmt":"2016-02-18T23:54:17","guid":{"rendered":"http:\/\/www.campingcaladostia.com\/de\/servizi\/"},"modified":"2025-06-10T23:53:47","modified_gmt":"2025-06-10T21:53:47","slug":"einrichtungen","status":"publish","type":"page","link":"https:\/\/www.campingcaladostia.com\/de\/einrichtungen\/","title":{"rendered":"Einrichtungen"},"content":{"rendered":"\n<div class=\"wp-block-group block_1\"><div class=\"wp-block-group__inner-container is-layout-constrained wp-block-group-is-layout-constrained\">\n<div class=\"wp-block-cover\"><img loading=\"lazy\" decoding=\"async\" width=\"1920\" height=\"984\" class=\"wp-block-cover__image-background wp-image-4225\" alt=\"\" src=\"https:\/\/www.campingcaladostia.com\/wp-content\/uploads\/2025\/02\/servizi.jpg\" data-object-fit=\"cover\"\/><span aria-hidden=\"true\" class=\"wp-block-cover__background has-background-dim-0 has-background-dim\"><\/span><div class=\"wp-block-cover__inner-container is-layout-constrained wp-block-cover-is-layout-constrained\">\n<h1 class=\"wp-block-heading has-text-align-center has-large-font-size\">Einrichtungen<\/h1>\n<\/div><\/div>\n\n\n        <div class=\"prenota form-prenota\">\n            <div id=\"mysearchengine\" class=\"mgc-container mgc-wide\">&nbsp;<\/div>\n            <div class=\"aviso_agosto\">\n                                    Vom 1 bis 25 August werden Buchungen nur f\u00fcr mindestens 7 N\u00e4chte akzeptiert.\n                            <\/div>\n        <\/div>\n        \n<\/div><\/div>\n\n\n\n<div class=\"wp-block-group block_2\"><div class=\"wp-block-group__inner-container is-layout-constrained wp-block-group-is-layout-constrained\">\n<div class=\"wp-block-columns is-layout-flex wp-container-core-columns-is-layout-9d6595d7 wp-block-columns-is-layout-flex\">\n<div class=\"wp-block-column is-layout-flow wp-block-column-is-layout-flow\">\n<h2 class=\"wp-block-heading\">In Cala d&#8217;Ostia finden Sie alles, was Sie f\u00fcr einen entspannten, unterhaltsamen und komfortablen Urlaub brauchen.<\/h2>\n<\/div>\n\n\n\n<div class=\"wp-block-column is-layout-flow wp-block-column-is-layout-flow\">\n<p>In Cala d&#8217;Ostia stehen allen G\u00e4sten eine Rezeption und sanit\u00e4re Einrichtungen zur Verf\u00fcgung. Unverzichtbare Dienstleistungen auf dem Campingplatz sind der Minimarkt und eine Bar\/Theke, die daf\u00fcr sorgen, dass alle G\u00e4ste alles finden, was sie f\u00fcr ihren Urlaub brauchen, ohne umziehen zu m\u00fcssen. Keine Ausnahme bildet die Pizzeria, in der man einen fr\u00f6hlichen Abend mit Freunden verbringen kann.<\/p>\n\n\n\n<p>Aber Cala d&#8217;Ostia hat noch mehr zu bieten: Zu den Einrichtungen des Campingplatzes geh\u00f6ren auch ein Fu\u00dfballplatz, Grillpl\u00e4tze, ein Spielplatz, Babysitter, ein Mountainbike-Verleih und alles, was man braucht, um Spa\u00df in Freiheit zu haben.<\/p>\n\n\n\n<p>Der Campingplatz befindet sich in einer privilegierten Lage, umgeben von Natur und in der N\u00e4he des Meeres, und bietet die M\u00f6glichkeit f\u00fcr atemberaubende Ausfl\u00fcge und entspannende Tage. Er ist der ideale Ort f\u00fcr Familien, Paare und Gruppen von Freunden, die ein unvergessliches Erlebnis suchen\u2026<\/p>\n<\/div>\n<\/div>\n<\/div><\/div>\n\n\n\n<div class=\"wp-block-group block_3\"><div class=\"wp-block-group__inner-container is-layout-constrained wp-block-group-is-layout-constrained\">\n<div class=\"wp-block-group slider_services\"><div class=\"wp-block-group__inner-container is-layout-constrained wp-block-group-is-layout-constrained\">\n<div class=\"wp-block-group slider swiper-container\"><div class=\"wp-block-group__inner-container is-layout-constrained wp-block-group-is-layout-constrained\">\n<div class=\"wp-block-group slide swiper-slide\"><div class=\"wp-block-group__inner-container is-layout-constrained wp-block-group-is-layout-constrained\">\n<figure class=\"wp-block-image size-full\"><a href=\"https:\/\/www.campingcaladostia.com\/de\/services\/rezeption\/\"><img loading=\"lazy\" decoding=\"async\" width=\"846\" height=\"838\" src=\"https:\/\/www.campingcaladostia.com\/wp-content\/uploads\/2025\/02\/87ac8b2d-b18b-42e5-a0eb-feebd5eafd4d1-7-1.jpg\" alt=\"\" class=\"wp-image-4360\"\/><\/a><\/figure>\n\n\n\n<h3 class=\"wp-block-heading\"><a href=\"https:\/\/www.campingcaladostia.com\/de\/services\/rezeption\/\" data-type=\"page\" data-id=\"126\">Rezeption<\/a><\/h3>\n<\/div><\/div>\n\n\n\n<div class=\"wp-block-group slide swiper-slide\"><div class=\"wp-block-group__inner-container is-layout-constrained wp-block-group-is-layout-constrained\">\n<figure class=\"wp-block-image size-full\"><a href=\"https:\/\/www.campingcaladostia.com\/de\/services\/mini-markt\/\"><img loading=\"lazy\" decoding=\"async\" width=\"732\" height=\"708\" src=\"https:\/\/www.campingcaladostia.com\/wp-content\/uploads\/2025\/02\/mini-market-1.jpg\" alt=\"\" class=\"wp-image-4357\"\/><\/a><\/figure>\n\n\n\n<h3 class=\"wp-block-heading\"><a href=\"https:\/\/www.campingcaladostia.com\/de\/services\/mini-markt\/\" data-type=\"page\" data-id=\"132\">Mini-Markt<\/a><\/h3>\n<\/div><\/div>\n\n\n\n<div class=\"wp-block-group slide swiper-slide\"><div class=\"wp-block-group__inner-container is-layout-constrained wp-block-group-is-layout-constrained\">\n<figure class=\"wp-block-image size-full\"><a href=\"https:\/\/www.campingcaladostia.com\/de\/services\/bar-tabakgeschaft\/\"><img loading=\"lazy\" decoding=\"async\" width=\"732\" height=\"708\" src=\"https:\/\/www.campingcaladostia.com\/wp-content\/uploads\/2025\/02\/interno-bar-camping-sardegna-pula-1.jpg\" alt=\"\" class=\"wp-image-4366\"\/><\/a><\/figure>\n\n\n\n<h3 class=\"wp-block-heading\"><a data-type=\"page\" data-id=\"128\" href=\"https:\/\/www.campingcaladostia.com\/de\/services\/bar-tabakgeschaft\/\">Bar Tabakgesch\u00e4ft<\/a><\/h3>\n<\/div><\/div>\n\n\n\n<div class=\"wp-block-group slide swiper-slide\"><div class=\"wp-block-group__inner-container is-layout-constrained wp-block-group-is-layout-constrained\">\n<figure class=\"wp-block-image size-full\"><a href=\"https:\/\/www.campingcaladostia.com\/de\/services\/strandbar\/\"><img loading=\"lazy\" decoding=\"async\" width=\"846\" height=\"838\" src=\"https:\/\/www.campingcaladostia.com\/wp-content\/uploads\/2025\/02\/87ac8b2d-b18b-42e5-a0eb-feebd5eafd4d1-11.jpg\" alt=\"\" class=\"wp-image-4103\"\/><\/a><\/figure>\n\n\n\n<h3 class=\"wp-block-heading\"><a href=\"https:\/\/www.campingcaladostia.com\/de\/services\/strandbar\/\">Strandbar<\/a><\/h3>\n<\/div><\/div>\n\n\n\n<div class=\"wp-block-group slide swiper-slide\"><div class=\"wp-block-group__inner-container is-layout-constrained wp-block-group-is-layout-constrained\">\n<figure class=\"wp-block-image size-full\"><a href=\"https:\/\/www.campingcaladostia.com\/de\/services\/pizzeria\/\"><img loading=\"lazy\" decoding=\"async\" width=\"732\" height=\"708\" src=\"https:\/\/www.campingcaladostia.com\/wp-content\/uploads\/2025\/02\/pizzeria-2-1.jpg\" alt=\"\" class=\"wp-image-4389\"\/><\/a><\/figure>\n\n\n\n<h3 class=\"wp-block-heading\"><a href=\"https:\/\/www.campingcaladostia.com\/de\/services\/pizzeria\/\" data-type=\"page\" data-id=\"130\">Pizzeria<\/a><\/h3>\n<\/div><\/div>\n\n\n\n<div class=\"wp-block-group slide swiper-slide\"><div class=\"wp-block-group__inner-container is-layout-constrained wp-block-group-is-layout-constrained\">\n<figure class=\"wp-block-image size-full\"><a href=\"https:\/\/www.campingcaladostia.com\/de\/services\/aktivitaten-und-gerateverleih\/\"><img loading=\"lazy\" decoding=\"async\" width=\"846\" height=\"838\" src=\"https:\/\/www.campingcaladostia.com\/wp-content\/uploads\/2025\/02\/87ac8b2d-b18b-42e5-a0eb-feebd5eafd4d1-5.jpg\" alt=\"\" class=\"wp-image-4096\"\/><\/a><\/figure>\n\n\n\n<h3 class=\"wp-block-heading\"><a href=\"https:\/\/www.campingcaladostia.com\/de\/services\/aktivitaten-und-gerateverleih\/\">Aktivit\u00e4ten und Ger\u00e4teverleih<\/a><\/h3>\n<\/div><\/div>\n\n\n\n<div class=\"wp-block-group slide swiper-slide\"><div class=\"wp-block-group__inner-container is-layout-constrained wp-block-group-is-layout-constrained\">\n<figure class=\"wp-block-image size-full\"><a href=\"https:\/\/www.campingcaladostia.com\/de\/services\/sanitare-anlagen\/\"><img loading=\"lazy\" decoding=\"async\" width=\"732\" height=\"708\" src=\"https:\/\/www.campingcaladostia.com\/wp-content\/uploads\/2025\/02\/servizi-igienici-campeggio-sardegna.jpg\" alt=\"\" class=\"wp-image-5043\"\/><\/a><\/figure>\n\n\n\n<h3 class=\"wp-block-heading\"><a href=\"https:\/\/www.campingcaladostia.com\/de\/services\/sanitare-anlagen\/\" data-type=\"page\" data-id=\"10\">Sanit\u00e4re Anlagen<\/a><\/h3>\n<\/div><\/div>\n\n\n\n<div class=\"wp-block-group slide swiper-slide\"><div class=\"wp-block-group__inner-container is-layout-constrained wp-block-group-is-layout-constrained\">\n<figure class=\"wp-block-image size-full\"><a href=\"https:\/\/www.campingcaladostia.com\/de\/services\/andere-services\/\"><img loading=\"lazy\" decoding=\"async\" width=\"732\" height=\"708\" src=\"https:\/\/www.campingcaladostia.com\/wp-content\/uploads\/2025\/02\/lavatrice.jpg\" alt=\"\" class=\"wp-image-4477\"\/><\/a><\/figure>\n\n\n\n<h3 class=\"wp-block-heading\"><a href=\"https:\/\/www.campingcaladostia.com\/de\/services\/andere-services\/\" data-type=\"page\" data-id=\"136\">Andere Services<\/a><\/h3>\n<\/div><\/div>\n<\/div><\/div>\n\n\n\n<div class=\"wp-block-buttons is-layout-flex wp-block-buttons-is-layout-flex\">\n<div class=\"wp-block-button\"><a class=\"wp-block-button__link wp-element-button\" href=\"https:\/\/www.campingcaladostia.com\/de\/services\/\">Alle Dienstleistungen entdecken<\/a><\/div>\n<\/div>\n<\/div><\/div>\n<\/div><\/div>\n\n\n\n<div class=\"wp-block-group block_4\"><div class=\"wp-block-group__inner-container is-layout-constrained wp-block-group-is-layout-constrained\">\n<div class=\"wp-block-group call_to_action_galleria\"><div class=\"wp-block-group__inner-container is-layout-constrained wp-block-group-is-layout-constrained\">\n<figure class=\"wp-block-image size-full\"><img loading=\"lazy\" decoding=\"async\" width=\"716\" height=\"640\" src=\"https:\/\/www.campingcaladostia.com\/wp-content\/uploads\/2025\/02\/Group-2782.png\" alt=\"\" class=\"wp-image-4127\"\/><\/figure>\n\n\n\n<p>Galerie\u00a0des campingplatzes und der umgebung<\/p>\n\n\n\n<div class=\"wp-block-buttons is-layout-flex wp-block-buttons-is-layout-flex\">\n<div class=\"wp-block-button\"><a class=\"wp-block-button__link wp-element-button\" href=\"https:\/\/www.campingcaladostia.com\/de\/galerie\/\">Siehe die gallerie<\/a><\/div>\n<\/div>\n<\/div><\/div>\n<\/div><\/div>\n\n\n\n<div class=\"wp-block-group block_5\"><div class=\"wp-block-group__inner-container is-layout-constrained wp-block-group-is-layout-constrained\">\n<div class=\"wp-block-group nostri_partners\"><div class=\"wp-block-group__inner-container is-layout-constrained wp-block-group-is-layout-constrained\">\n<h2 class=\"wp-block-heading\">Unsere&nbsp;Partner<\/h2>\n\n\n\n<div class=\"wp-block-group images swiper-container\"><div class=\"wp-block-group__inner-container is-layout-constrained wp-block-group-is-layout-constrained\">\n<figure class=\"wp-block-image size-full \u00ecmage_1 swiper-slide\"><img loading=\"lazy\" decoding=\"async\" width=\"366\" height=\"316\" src=\"https:\/\/www.campingcaladostia.com\/wp-content\/uploads\/2019\/03\/logo-tripadvisor.png\" alt=\"\" class=\"wp-image-3344\"\/><\/figure>\n\n\n\n<figure class=\"wp-block-image size-full \u00ecmage_2 swiper-slide\"><img loading=\"lazy\" decoding=\"async\" width=\"366\" height=\"316\" src=\"https:\/\/www.campingcaladostia.com\/wp-content\/uploads\/2019\/03\/logo-koobcamp.png\" alt=\"\" class=\"wp-image-3341\"\/><\/figure>\n\n\n\n<figure class=\"wp-block-image size-full \u00ecmage_3 swiper-slide\"><img loading=\"lazy\" decoding=\"async\" width=\"365\" height=\"316\" src=\"https:\/\/www.campingcaladostia.com\/wp-content\/uploads\/2019\/03\/logo-grimaldi-lines.png\" alt=\"\" class=\"wp-image-3338\"\/><\/figure>\n\n\n\n<figure class=\"wp-block-image size-full \u00ecmage_4 swiper-slide\"><img loading=\"lazy\" decoding=\"async\" width=\"366\" height=\"316\" src=\"https:\/\/www.campingcaladostia.com\/wp-content\/uploads\/2019\/03\/logo-faita-federcamping-1.png\" alt=\"\" class=\"wp-image-3354\"\/><\/figure>\n\n\n\n<figure class=\"wp-block-image size-full \u00ecmage_5 swiper-slide\"><img loading=\"lazy\" decoding=\"async\" width=\"366\" height=\"316\" src=\"https:\/\/www.campingcaladostia.com\/wp-content\/uploads\/2019\/03\/logo-corsica-sardinia-ferries.png\" alt=\"\" class=\"wp-image-3332\"\/><\/figure>\n\n\n\n<figure class=\"wp-block-image size-full \u00ecmage_6 swiper-slide\"><img loading=\"lazy\" decoding=\"async\" width=\"366\" height=\"316\" src=\"https:\/\/www.campingcaladostia.com\/wp-content\/uploads\/2019\/03\/logo-camperisti-sardi.png\" alt=\"\" class=\"wp-image-3329\"\/><\/figure>\n\n\n\n<figure class=\"wp-block-image size-full \u00ecmage_7 swiper-slide\"><img loading=\"lazy\" decoding=\"async\" width=\"366\" height=\"316\" src=\"https:\/\/www.campingcaladostia.com\/wp-content\/uploads\/2019\/03\/logo-booking-com.png\" alt=\"\" class=\"wp-image-3326\"\/><\/figure>\n<\/div><\/div>\n<\/div><\/div>\n<\/div><\/div>\n","protected":false},"excerpt":{"rendered":"<p>In Cala d&#8217;Ostia finden Sie alles, was Sie f\u00fcr einen entspannten, unterhaltsamen und komfortablen Urlaub brauchen. In Cala d&#8217;Ostia stehen allen G\u00e4sten eine Rezeption und sanit\u00e4re Einrichtungen zur Verf\u00fcgung. Unverzichtbare Dienstleistungen auf dem Campingplatz sind der Minimarkt und eine Bar\/Theke, die daf\u00fcr sorgen, dass alle G\u00e4ste alles finden, was sie f\u00fcr ihren Urlaub brauchen, ohne [&hellip;]<\/p>\n","protected":false},"author":1,"featured_media":0,"parent":0,"menu_order":0,"comment_status":"closed","ping_status":"closed","template":"fullwith-without-title.php","meta":{"footnotes":""},"class_list":["post-1067","page","type-page","status-publish","hentry"],"yoast_head":"<!-- This site is optimized with the Yoast SEO plugin v27.1.1 - https:\/\/yoast.com\/product\/yoast-seo-wordpress\/ -->\n<title>Einrichtungen - Camping Cala d&#039;Ostia<\/title>\n<meta name=\"description\" content=\"Allen G\u00e4sten des Campingplatzes Cala d\u2019Ostia stehen die Rezeption sowie die sanit\u00e4ren Anlagen zur Verf\u00fcgung.\" \/>\n<meta name=\"robots\" content=\"index, follow, max-snippet:-1, max-image-preview:large, max-video-preview:-1\" \/>\n<link rel=\"canonical\" href=\"https:\/\/www.campingcaladostia.com\/de\/einrichtungen\/\" \/>\n<meta property=\"og:locale\" content=\"de_DE\" \/>\n<meta property=\"og:type\" content=\"article\" \/>\n<meta property=\"og:title\" content=\"Einrichtungen - Camping Cala d&#039;Ostia\" \/>\n<meta property=\"og:description\" content=\"Allen G\u00e4sten des Campingplatzes Cala d\u2019Ostia stehen die Rezeption sowie die sanit\u00e4ren Anlagen zur Verf\u00fcgung.\" \/>\n<meta property=\"og:url\" content=\"https:\/\/www.campingcaladostia.com\/de\/einrichtungen\/\" \/>\n<meta property=\"og:site_name\" content=\"Camping Cala d&#039;Ostia\" \/>\n<meta property=\"article:modified_time\" content=\"2025-06-10T21:53:47+00:00\" \/>\n<meta property=\"og:image\" content=\"https:\/\/www.campingcaladostia.com\/wp-content\/uploads\/2025\/02\/servizi.jpg\" \/>\n\t<meta property=\"og:image:width\" content=\"1920\" \/>\n\t<meta property=\"og:image:height\" content=\"984\" \/>\n\t<meta property=\"og:image:type\" content=\"image\/jpeg\" \/>\n<meta name=\"twitter:card\" content=\"summary_large_image\" \/>\n<meta name=\"twitter:label1\" content=\"Gesch\u00e4tzte Lesezeit\" \/>\n\t<meta name=\"twitter:data1\" content=\"5\u00a0Minuten\" \/>\n<script type=\"application\/ld+json\" class=\"yoast-schema-graph\">{\"@context\":\"https:\/\/schema.org\",\"@graph\":[{\"@type\":\"WebPage\",\"@id\":\"https:\/\/www.campingcaladostia.com\/de\/einrichtungen\/\",\"url\":\"https:\/\/www.campingcaladostia.com\/de\/einrichtungen\/\",\"name\":\"Einrichtungen - Camping Cala d'Ostia\",\"isPartOf\":{\"@id\":\"https:\/\/www.campingcaladostia.com\/de\/#website\"},\"primaryImageOfPage\":{\"@id\":\"https:\/\/www.campingcaladostia.com\/de\/einrichtungen\/#primaryimage\"},\"image\":{\"@id\":\"https:\/\/www.campingcaladostia.com\/de\/einrichtungen\/#primaryimage\"},\"thumbnailUrl\":\"https:\/\/www.campingcaladostia.com\/wp-content\/uploads\/2025\/02\/servizi.jpg\",\"datePublished\":\"2016-02-18T23:54:17+00:00\",\"dateModified\":\"2025-06-10T21:53:47+00:00\",\"description\":\"Allen G\u00e4sten des Campingplatzes Cala d\u2019Ostia stehen die Rezeption sowie die sanit\u00e4ren Anlagen zur Verf\u00fcgung.\",\"breadcrumb\":{\"@id\":\"https:\/\/www.campingcaladostia.com\/de\/einrichtungen\/#breadcrumb\"},\"inLanguage\":\"de\",\"potentialAction\":[{\"@type\":\"ReadAction\",\"target\":[\"https:\/\/www.campingcaladostia.com\/de\/einrichtungen\/\"]}]},{\"@type\":\"ImageObject\",\"inLanguage\":\"de\",\"@id\":\"https:\/\/www.campingcaladostia.com\/de\/einrichtungen\/#primaryimage\",\"url\":\"https:\/\/www.campingcaladostia.com\/wp-content\/uploads\/2025\/02\/servizi.jpg\",\"contentUrl\":\"https:\/\/www.campingcaladostia.com\/wp-content\/uploads\/2025\/02\/servizi.jpg\"},{\"@type\":\"BreadcrumbList\",\"@id\":\"https:\/\/www.campingcaladostia.com\/de\/einrichtungen\/#breadcrumb\",\"itemListElement\":[{\"@type\":\"ListItem\",\"position\":1,\"name\":\"Home\",\"item\":\"https:\/\/www.campingcaladostia.com\/de\/\"},{\"@type\":\"ListItem\",\"position\":2,\"name\":\"Einrichtungen\"}]},{\"@type\":\"WebSite\",\"@id\":\"https:\/\/www.campingcaladostia.com\/de\/#website\",\"url\":\"https:\/\/www.campingcaladostia.com\/de\/\",\"name\":\"Camping Cala d&#039;Ostia\",\"description\":\"Campeggio Sardegna sul mare a Pula\",\"potentialAction\":[{\"@type\":\"SearchAction\",\"target\":{\"@type\":\"EntryPoint\",\"urlTemplate\":\"https:\/\/www.campingcaladostia.com\/de\/?s={search_term_string}\"},\"query-input\":{\"@type\":\"PropertyValueSpecification\",\"valueRequired\":true,\"valueName\":\"search_term_string\"}}],\"inLanguage\":\"de\"}]}<\/script>\n<!-- \/ Yoast SEO plugin. -->","yoast_head_json":{"title":"Einrichtungen - Camping Cala d'Ostia","description":"Allen G\u00e4sten des Campingplatzes Cala d\u2019Ostia stehen die Rezeption sowie die sanit\u00e4ren Anlagen zur Verf\u00fcgung.","robots":{"index":"index","follow":"follow","max-snippet":"max-snippet:-1","max-image-preview":"max-image-preview:large","max-video-preview":"max-video-preview:-1"},"canonical":"https:\/\/www.campingcaladostia.com\/de\/einrichtungen\/","og_locale":"de_DE","og_type":"article","og_title":"Einrichtungen - Camping Cala d'Ostia","og_description":"Allen G\u00e4sten des Campingplatzes Cala d\u2019Ostia stehen die Rezeption sowie die sanit\u00e4ren Anlagen zur Verf\u00fcgung.","og_url":"https:\/\/www.campingcaladostia.com\/de\/einrichtungen\/","og_site_name":"Camping Cala d&#039;Ostia","article_modified_time":"2025-06-10T21:53:47+00:00","og_image":[{"width":1920,"height":984,"url":"https:\/\/www.campingcaladostia.com\/wp-content\/uploads\/2025\/02\/servizi.jpg","type":"image\/jpeg"}],"twitter_card":"summary_large_image","twitter_misc":{"Gesch\u00e4tzte Lesezeit":"5\u00a0Minuten"},"schema":{"@context":"https:\/\/schema.org","@graph":[{"@type":"WebPage","@id":"https:\/\/www.campingcaladostia.com\/de\/einrichtungen\/","url":"https:\/\/www.campingcaladostia.com\/de\/einrichtungen\/","name":"Einrichtungen - Camping Cala d'Ostia","isPartOf":{"@id":"https:\/\/www.campingcaladostia.com\/de\/#website"},"primaryImageOfPage":{"@id":"https:\/\/www.campingcaladostia.com\/de\/einrichtungen\/#primaryimage"},"image":{"@id":"https:\/\/www.campingcaladostia.com\/de\/einrichtungen\/#primaryimage"},"thumbnailUrl":"https:\/\/www.campingcaladostia.com\/wp-content\/uploads\/2025\/02\/servizi.jpg","datePublished":"2016-02-18T23:54:17+00:00","dateModified":"2025-06-10T21:53:47+00:00","description":"Allen G\u00e4sten des Campingplatzes Cala d\u2019Ostia stehen die Rezeption sowie die sanit\u00e4ren Anlagen zur Verf\u00fcgung.","breadcrumb":{"@id":"https:\/\/www.campingcaladostia.com\/de\/einrichtungen\/#breadcrumb"},"inLanguage":"de","potentialAction":[{"@type":"ReadAction","target":["https:\/\/www.campingcaladostia.com\/de\/einrichtungen\/"]}]},{"@type":"ImageObject","inLanguage":"de","@id":"https:\/\/www.campingcaladostia.com\/de\/einrichtungen\/#primaryimage","url":"https:\/\/www.campingcaladostia.com\/wp-content\/uploads\/2025\/02\/servizi.jpg","contentUrl":"https:\/\/www.campingcaladostia.com\/wp-content\/uploads\/2025\/02\/servizi.jpg"},{"@type":"BreadcrumbList","@id":"https:\/\/www.campingcaladostia.com\/de\/einrichtungen\/#breadcrumb","itemListElement":[{"@type":"ListItem","position":1,"name":"Home","item":"https:\/\/www.campingcaladostia.com\/de\/"},{"@type":"ListItem","position":2,"name":"Einrichtungen"}]},{"@type":"WebSite","@id":"https:\/\/www.campingcaladostia.com\/de\/#website","url":"https:\/\/www.campingcaladostia.com\/de\/","name":"Camping Cala d&#039;Ostia","description":"Campeggio Sardegna sul mare a Pula","potentialAction":[{"@type":"SearchAction","target":{"@type":"EntryPoint","urlTemplate":"https:\/\/www.campingcaladostia.com\/de\/?s={search_term_string}"},"query-input":{"@type":"PropertyValueSpecification","valueRequired":true,"valueName":"search_term_string"}}],"inLanguage":"de"}]}},"_links":{"self":[{"href":"https:\/\/www.campingcaladostia.com\/de\/wp-json\/wp\/v2\/pages\/1067","targetHints":{"allow":["GET"]}}],"collection":[{"href":"https:\/\/www.campingcaladostia.com\/de\/wp-json\/wp\/v2\/pages"}],"about":[{"href":"https:\/\/www.campingcaladostia.com\/de\/wp-json\/wp\/v2\/types\/page"}],"author":[{"embeddable":true,"href":"https:\/\/www.campingcaladostia.com\/de\/wp-json\/wp\/v2\/users\/1"}],"replies":[{"embeddable":true,"href":"https:\/\/www.campingcaladostia.com\/de\/wp-json\/wp\/v2\/comments?post=1067"}],"version-history":[{"count":17,"href":"https:\/\/www.campingcaladostia.com\/de\/wp-json\/wp\/v2\/pages\/1067\/revisions"}],"predecessor-version":[{"id":5509,"href":"https:\/\/www.campingcaladostia.com\/de\/wp-json\/wp\/v2\/pages\/1067\/revisions\/5509"}],"wp:attachment":[{"href":"https:\/\/www.campingcaladostia.com\/de\/wp-json\/wp\/v2\/media?parent=1067"}],"curies":[{"name":"wp","href":"https:\/\/api.w.org\/{rel}","templated":true}]}}