{"id":1045,"date":"2016-02-25T10:28:59","date_gmt":"2016-02-25T09:28:59","guid":{"rendered":"http:\/\/www.campingcaladostia.com\/de\/servizi-igienici\/"},"modified":"2025-07-22T19:01:42","modified_gmt":"2025-07-22T17:01:42","slug":"sanitare-anlagen","status":"publish","type":"page","link":"https:\/\/www.campingcaladostia.com\/de\/einrichtungen\/sanitare-anlagen\/","title":{"rendered":"Sanit\u00e4re Anlagen"},"content":{"rendered":"\n<div class=\"wp-block-group block_1\"><div class=\"wp-block-group__inner-container is-layout-constrained wp-block-group-is-layout-constrained\">\n<div class=\"wp-block-cover is-light\"><img loading=\"lazy\" decoding=\"async\" width=\"1920\" height=\"1280\" class=\"wp-block-cover__image-background wp-image-4372\" alt=\"\" src=\"https:\/\/www.campingcaladostia.com\/wp-content\/uploads\/2025\/02\/servizi-igienici-1-1920.jpg\" data-object-fit=\"cover\"\/><span aria-hidden=\"true\" class=\"wp-block-cover__background has-background-dim-0 has-background-dim\"><\/span><div class=\"wp-block-cover__inner-container is-layout-constrained wp-block-cover-is-layout-constrained\">\n<h1 class=\"wp-block-heading has-text-align-center has-large-font-size\">Sanit\u00e4re Anlagen<\/h1>\n<\/div><\/div>\n\n\n        <div class=\"prenota form-prenota\">\n            <div id=\"mysearchengine\" class=\"mgc-container mgc-wide\">&nbsp;<\/div>\n            <div class=\"aviso_agosto\">\n                                    Vom 1 bis 25 August werden Buchungen nur f\u00fcr mindestens 7 N\u00e4chte akzeptiert.\n                            <\/div>\n        <\/div>\n        \n<\/div><\/div>\n\n\n\n<div class=\"wp-block-group block_2\"><div class=\"wp-block-group__inner-container is-layout-constrained wp-block-group-is-layout-constrained\">\n<div class=\"wp-block-columns is-layout-flex wp-container-core-columns-is-layout-9d6595d7 wp-block-columns-is-layout-flex\">\n<div class=\"wp-block-column right is-layout-flow wp-block-column-is-layout-flow\">\n<h2 class=\"wp-block-heading\">Zug\u00e4ngliche Toiletten mit Warmwasserduschen, Behindertentoiletten und R\u00e4ume zum Geschirrsp\u00fclen und W\u00e4schewaschen.<\/h2>\n<\/div>\n\n\n\n<div class=\"wp-block-column left is-layout-flow wp-block-column-is-layout-flow\">\n<p>Die <strong>sanit\u00e4ren Anlagen<\/strong> sind \u00fcberall auf dem Campingplatz verstreut und in drei Bl\u00f6cke aufgeteilt. Somit sind sie von allen Bereichen aus sehr gut zu erreichen \u2013 von den Stell- und Zeltpl\u00e4tzen aus genauso wie vom Parkplatz und vom Strand. Sie sind mit Waschbecken, Sitztoiletten und Stehtoiletten ausgestattet, aber auch mit behindertengerechten Toiletten. Au\u00dferdem gibt es hier M\u00fcnzduschen, aus denen das hei\u00dfe Wasser str\u00f6mt. Um einen umfassenden Service zu gew\u00e4hrleisten, gibt es auf dem Campingplatz Cala d\u2019Ostia au\u00dferdem einen Raum mit Sp\u00fclbecken, in denen das Geschirr ges\u00e4ubert werden kann, sowie spezielle Wannen zum Waschen von W\u00e4sche.<\/p>\n<\/div>\n<\/div>\n<\/div><\/div>\n\n\n\n<div class=\"wp-block-group block_3\"><div class=\"wp-block-group__inner-container is-layout-constrained wp-block-group-is-layout-constrained\">\n<figure class=\"wp-block-image size-full\"><img loading=\"lazy\" decoding=\"async\" width=\"1920\" height=\"1280\" src=\"https:\/\/www.campingcaladostia.com\/wp-content\/uploads\/2016\/04\/servizi-igienici-3-1920.jpg\" alt=\"\" class=\"wp-image-1273\"\/><\/figure>\n\n\n\n<figure class=\"wp-block-image size-full\"><img loading=\"lazy\" decoding=\"async\" width=\"1920\" height=\"1280\" src=\"https:\/\/www.campingcaladostia.com\/wp-content\/uploads\/2016\/04\/servizi-igienici-2-1920-1.jpg\" alt=\"\" class=\"wp-image-1276\"\/><\/figure>\n\n\n\n<figure class=\"wp-block-image size-full\"><img loading=\"lazy\" decoding=\"async\" width=\"1920\" height=\"1280\" src=\"https:\/\/www.campingcaladostia.com\/wp-content\/uploads\/2016\/04\/servizi-igienici-4-1920.jpg\" alt=\"\" class=\"wp-image-1267\"\/><\/figure>\n\n\n\n<figure class=\"wp-block-image size-full\"><img loading=\"lazy\" decoding=\"async\" width=\"1920\" height=\"1280\" src=\"https:\/\/www.campingcaladostia.com\/wp-content\/uploads\/2025\/07\/CampingCalaDostia-23.jpg\" alt=\"\" class=\"wp-image-5618\"\/><\/figure>\n\n\n\n<figure class=\"wp-block-image size-full\"><img loading=\"lazy\" decoding=\"async\" width=\"1920\" height=\"1280\" src=\"https:\/\/www.campingcaladostia.com\/wp-content\/uploads\/2025\/07\/CampingCalaDostia-24.jpg\" alt=\"\" class=\"wp-image-5621\"\/><\/figure>\n\n\n\n<figure class=\"wp-block-image size-full\"><img loading=\"lazy\" decoding=\"async\" width=\"1920\" height=\"1280\" src=\"https:\/\/www.campingcaladostia.com\/wp-content\/uploads\/2025\/07\/CampingCalaDostia-64.jpg\" alt=\"\" class=\"wp-image-5625\"\/><\/figure>\n\n\n\n<figure class=\"wp-block-image size-full\"><img loading=\"lazy\" decoding=\"async\" width=\"1920\" height=\"1280\" src=\"https:\/\/www.campingcaladostia.com\/wp-content\/uploads\/2025\/07\/CampingCalaDostia-80.jpg\" alt=\"\" class=\"wp-image-5628\"\/><\/figure>\n\n\n\n<figure class=\"wp-block-image size-full\"><img loading=\"lazy\" decoding=\"async\" width=\"1920\" height=\"1280\" src=\"https:\/\/www.campingcaladostia.com\/wp-content\/uploads\/2025\/07\/CampingCalaDostia-81.jpg\" alt=\"\" class=\"wp-image-5631\"\/><\/figure>\n\n\n\n<figure class=\"wp-block-image size-full\"><img loading=\"lazy\" decoding=\"async\" width=\"1920\" height=\"1280\" src=\"https:\/\/www.campingcaladostia.com\/wp-content\/uploads\/2025\/07\/CampingCalaDostia-82.jpg\" alt=\"\" class=\"wp-image-5634\"\/><\/figure>\n\n\n\n<figure class=\"wp-block-image size-full\"><img loading=\"lazy\" decoding=\"async\" width=\"1920\" height=\"1280\" src=\"https:\/\/www.campingcaladostia.com\/wp-content\/uploads\/2025\/07\/CampingCalaDostia-87.jpg\" alt=\"\" class=\"wp-image-5637\"\/><\/figure>\n<\/div><\/div>\n\n\n\n<div class=\"wp-block-group block_4\"><div class=\"wp-block-group__inner-container is-layout-constrained wp-block-group-is-layout-constrained\">\n<div class=\"wp-block-group call_to_action_galleria\"><div class=\"wp-block-group__inner-container is-layout-constrained wp-block-group-is-layout-constrained\">\n<figure class=\"wp-block-image size-full\"><img loading=\"lazy\" decoding=\"async\" width=\"716\" height=\"640\" src=\"https:\/\/www.campingcaladostia.com\/wp-content\/uploads\/2025\/02\/Group-2782.png\" alt=\"\" class=\"wp-image-4127\"\/><\/figure>\n\n\n\n<p>Galerie\u00a0des campingplatzes und der umgebung<\/p>\n\n\n\n<div class=\"wp-block-buttons is-layout-flex wp-block-buttons-is-layout-flex\">\n<div class=\"wp-block-button\"><a class=\"wp-block-button__link wp-element-button\" href=\"https:\/\/www.campingcaladostia.com\/de\/galerie\/\">Siehe die gallerie<\/a><\/div>\n<\/div>\n<\/div><\/div>\n<\/div><\/div>\n\n\n\n<div class=\"wp-block-group block_5\"><div class=\"wp-block-group__inner-container is-layout-constrained wp-block-group-is-layout-constrained\">\n<div class=\"wp-block-group call_to_action_galleria\"><div class=\"wp-block-group__inner-container is-layout-constrained wp-block-group-is-layout-constrained\">\n<figure class=\"wp-block-image size-full\"><img loading=\"lazy\" decoding=\"async\" width=\"716\" height=\"640\" src=\"https:\/\/www.campingcaladostia.com\/wp-content\/uploads\/2025\/02\/Group-2782.png\" alt=\"\" class=\"wp-image-4127\"\/><\/figure>\n\n\n\n<p>Galerie\u00a0des campingplatzes und der umgebung<\/p>\n\n\n\n<div class=\"wp-block-buttons is-layout-flex wp-block-buttons-is-layout-flex\">\n<div class=\"wp-block-button\"><a class=\"wp-block-button__link wp-element-button\" href=\"https:\/\/www.campingcaladostia.com\/de\/galerie\/\">Siehe die gallerie<\/a><\/div>\n<\/div>\n<\/div><\/div>\n<\/div><\/div>\n","protected":false},"excerpt":{"rendered":"<p>Disseminati all&#8217;interno del campeggio, e divisi in tre blocchi, i servizi igienici sono zone comodamente&#8230;<\/p>\n","protected":false},"author":1,"featured_media":1263,"parent":1067,"menu_order":5,"comment_status":"closed","ping_status":"closed","template":"fullwith-without-title.php","meta":{"footnotes":""},"class_list":["post-1045","page","type-page","status-publish","has-post-thumbnail","hentry"],"yoast_head":"<!-- This site is optimized with the Yoast SEO plugin v27.1.1 - https:\/\/yoast.com\/product\/yoast-seo-wordpress\/ -->\n<title>Sanit\u00e4re Anlagen - Camping Cala d&#039;Ostia<\/title>\n<meta name=\"description\" content=\"Die sanit\u00e4ren Anlagen sind \u00fcberall auf dem Campingplatz verstreut und in drei Bl\u00f6cke aufgeteilt.\" \/>\n<meta name=\"robots\" content=\"index, follow, max-snippet:-1, max-image-preview:large, max-video-preview:-1\" \/>\n<link rel=\"canonical\" href=\"https:\/\/www.campingcaladostia.com\/de\/einrichtungen\/sanitare-anlagen\/\" \/>\n<meta property=\"og:locale\" content=\"de_DE\" \/>\n<meta property=\"og:type\" content=\"article\" \/>\n<meta property=\"og:title\" content=\"Sanit\u00e4re Anlagen - Camping Cala d&#039;Ostia\" \/>\n<meta property=\"og:description\" content=\"Die sanit\u00e4ren Anlagen sind \u00fcberall auf dem Campingplatz verstreut und in drei Bl\u00f6cke aufgeteilt.\" \/>\n<meta property=\"og:url\" content=\"https:\/\/www.campingcaladostia.com\/de\/einrichtungen\/sanitare-anlagen\/\" \/>\n<meta property=\"og:site_name\" content=\"Camping Cala d&#039;Ostia\" \/>\n<meta property=\"article:modified_time\" content=\"2025-07-22T17:01:42+00:00\" \/>\n<meta property=\"og:image\" content=\"https:\/\/www.campingcaladostia.com\/wp-content\/uploads\/2016\/04\/servizi-igienici-1-1920.jpg\" \/>\n\t<meta property=\"og:image:width\" content=\"1920\" \/>\n\t<meta property=\"og:image:height\" content=\"1280\" \/>\n\t<meta property=\"og:image:type\" content=\"image\/jpeg\" \/>\n<meta name=\"twitter:card\" content=\"summary_large_image\" \/>\n<meta name=\"twitter:label1\" content=\"Gesch\u00e4tzte Lesezeit\" \/>\n\t<meta name=\"twitter:data1\" content=\"9\u00a0Minuten\" \/>\n<script type=\"application\/ld+json\" class=\"yoast-schema-graph\">{\"@context\":\"https:\/\/schema.org\",\"@graph\":[{\"@type\":\"WebPage\",\"@id\":\"https:\/\/www.campingcaladostia.com\/de\/einrichtungen\/sanitare-anlagen\/\",\"url\":\"https:\/\/www.campingcaladostia.com\/de\/einrichtungen\/sanitare-anlagen\/\",\"name\":\"Sanit\u00e4re Anlagen - Camping Cala d'Ostia\",\"isPartOf\":{\"@id\":\"https:\/\/www.campingcaladostia.com\/de\/#website\"},\"primaryImageOfPage\":{\"@id\":\"https:\/\/www.campingcaladostia.com\/de\/einrichtungen\/sanitare-anlagen\/#primaryimage\"},\"image\":{\"@id\":\"https:\/\/www.campingcaladostia.com\/de\/einrichtungen\/sanitare-anlagen\/#primaryimage\"},\"thumbnailUrl\":\"https:\/\/www.campingcaladostia.com\/wp-content\/uploads\/2016\/04\/servizi-igienici-1-1920.jpg\",\"datePublished\":\"2016-02-25T09:28:59+00:00\",\"dateModified\":\"2025-07-22T17:01:42+00:00\",\"description\":\"Die sanit\u00e4ren Anlagen sind \u00fcberall auf dem Campingplatz verstreut und in drei Bl\u00f6cke aufgeteilt.\",\"breadcrumb\":{\"@id\":\"https:\/\/www.campingcaladostia.com\/de\/einrichtungen\/sanitare-anlagen\/#breadcrumb\"},\"inLanguage\":\"de\",\"potentialAction\":[{\"@type\":\"ReadAction\",\"target\":[\"https:\/\/www.campingcaladostia.com\/de\/einrichtungen\/sanitare-anlagen\/\"]}]},{\"@type\":\"ImageObject\",\"inLanguage\":\"de\",\"@id\":\"https:\/\/www.campingcaladostia.com\/de\/einrichtungen\/sanitare-anlagen\/#primaryimage\",\"url\":\"https:\/\/www.campingcaladostia.com\/wp-content\/uploads\/2016\/04\/servizi-igienici-1-1920.jpg\",\"contentUrl\":\"https:\/\/www.campingcaladostia.com\/wp-content\/uploads\/2016\/04\/servizi-igienici-1-1920.jpg\",\"width\":1920,\"height\":1280},{\"@type\":\"BreadcrumbList\",\"@id\":\"https:\/\/www.campingcaladostia.com\/de\/einrichtungen\/sanitare-anlagen\/#breadcrumb\",\"itemListElement\":[{\"@type\":\"ListItem\",\"position\":1,\"name\":\"Home\",\"item\":\"https:\/\/www.campingcaladostia.com\/de\/\"},{\"@type\":\"ListItem\",\"position\":2,\"name\":\"Einrichtungen\",\"item\":\"https:\/\/www.campingcaladostia.com\/de\/einrichtungen\/\"},{\"@type\":\"ListItem\",\"position\":3,\"name\":\"Sanit\u00e4re Anlagen\"}]},{\"@type\":\"WebSite\",\"@id\":\"https:\/\/www.campingcaladostia.com\/de\/#website\",\"url\":\"https:\/\/www.campingcaladostia.com\/de\/\",\"name\":\"Camping Cala d&#039;Ostia\",\"description\":\"Campeggio Sardegna sul mare a Pula\",\"potentialAction\":[{\"@type\":\"SearchAction\",\"target\":{\"@type\":\"EntryPoint\",\"urlTemplate\":\"https:\/\/www.campingcaladostia.com\/de\/?s={search_term_string}\"},\"query-input\":{\"@type\":\"PropertyValueSpecification\",\"valueRequired\":true,\"valueName\":\"search_term_string\"}}],\"inLanguage\":\"de\"}]}<\/script>\n<!-- \/ Yoast SEO plugin. -->","yoast_head_json":{"title":"Sanit\u00e4re Anlagen - Camping Cala d'Ostia","description":"Die sanit\u00e4ren Anlagen sind \u00fcberall auf dem Campingplatz verstreut und in drei Bl\u00f6cke aufgeteilt.","robots":{"index":"index","follow":"follow","max-snippet":"max-snippet:-1","max-image-preview":"max-image-preview:large","max-video-preview":"max-video-preview:-1"},"canonical":"https:\/\/www.campingcaladostia.com\/de\/einrichtungen\/sanitare-anlagen\/","og_locale":"de_DE","og_type":"article","og_title":"Sanit\u00e4re Anlagen - Camping Cala d'Ostia","og_description":"Die sanit\u00e4ren Anlagen sind \u00fcberall auf dem Campingplatz verstreut und in drei Bl\u00f6cke aufgeteilt.","og_url":"https:\/\/www.campingcaladostia.com\/de\/einrichtungen\/sanitare-anlagen\/","og_site_name":"Camping Cala d&#039;Ostia","article_modified_time":"2025-07-22T17:01:42+00:00","og_image":[{"width":1920,"height":1280,"url":"https:\/\/www.campingcaladostia.com\/wp-content\/uploads\/2016\/04\/servizi-igienici-1-1920.jpg","type":"image\/jpeg"}],"twitter_card":"summary_large_image","twitter_misc":{"Gesch\u00e4tzte Lesezeit":"9\u00a0Minuten"},"schema":{"@context":"https:\/\/schema.org","@graph":[{"@type":"WebPage","@id":"https:\/\/www.campingcaladostia.com\/de\/einrichtungen\/sanitare-anlagen\/","url":"https:\/\/www.campingcaladostia.com\/de\/einrichtungen\/sanitare-anlagen\/","name":"Sanit\u00e4re Anlagen - Camping Cala d'Ostia","isPartOf":{"@id":"https:\/\/www.campingcaladostia.com\/de\/#website"},"primaryImageOfPage":{"@id":"https:\/\/www.campingcaladostia.com\/de\/einrichtungen\/sanitare-anlagen\/#primaryimage"},"image":{"@id":"https:\/\/www.campingcaladostia.com\/de\/einrichtungen\/sanitare-anlagen\/#primaryimage"},"thumbnailUrl":"https:\/\/www.campingcaladostia.com\/wp-content\/uploads\/2016\/04\/servizi-igienici-1-1920.jpg","datePublished":"2016-02-25T09:28:59+00:00","dateModified":"2025-07-22T17:01:42+00:00","description":"Die sanit\u00e4ren Anlagen sind \u00fcberall auf dem Campingplatz verstreut und in drei Bl\u00f6cke aufgeteilt.","breadcrumb":{"@id":"https:\/\/www.campingcaladostia.com\/de\/einrichtungen\/sanitare-anlagen\/#breadcrumb"},"inLanguage":"de","potentialAction":[{"@type":"ReadAction","target":["https:\/\/www.campingcaladostia.com\/de\/einrichtungen\/sanitare-anlagen\/"]}]},{"@type":"ImageObject","inLanguage":"de","@id":"https:\/\/www.campingcaladostia.com\/de\/einrichtungen\/sanitare-anlagen\/#primaryimage","url":"https:\/\/www.campingcaladostia.com\/wp-content\/uploads\/2016\/04\/servizi-igienici-1-1920.jpg","contentUrl":"https:\/\/www.campingcaladostia.com\/wp-content\/uploads\/2016\/04\/servizi-igienici-1-1920.jpg","width":1920,"height":1280},{"@type":"BreadcrumbList","@id":"https:\/\/www.campingcaladostia.com\/de\/einrichtungen\/sanitare-anlagen\/#breadcrumb","itemListElement":[{"@type":"ListItem","position":1,"name":"Home","item":"https:\/\/www.campingcaladostia.com\/de\/"},{"@type":"ListItem","position":2,"name":"Einrichtungen","item":"https:\/\/www.campingcaladostia.com\/de\/einrichtungen\/"},{"@type":"ListItem","position":3,"name":"Sanit\u00e4re Anlagen"}]},{"@type":"WebSite","@id":"https:\/\/www.campingcaladostia.com\/de\/#website","url":"https:\/\/www.campingcaladostia.com\/de\/","name":"Camping Cala d&#039;Ostia","description":"Campeggio Sardegna sul mare a Pula","potentialAction":[{"@type":"SearchAction","target":{"@type":"EntryPoint","urlTemplate":"https:\/\/www.campingcaladostia.com\/de\/?s={search_term_string}"},"query-input":{"@type":"PropertyValueSpecification","valueRequired":true,"valueName":"search_term_string"}}],"inLanguage":"de"}]}},"_links":{"self":[{"href":"https:\/\/www.campingcaladostia.com\/de\/wp-json\/wp\/v2\/pages\/1045","targetHints":{"allow":["GET"]}}],"collection":[{"href":"https:\/\/www.campingcaladostia.com\/de\/wp-json\/wp\/v2\/pages"}],"about":[{"href":"https:\/\/www.campingcaladostia.com\/de\/wp-json\/wp\/v2\/types\/page"}],"author":[{"embeddable":true,"href":"https:\/\/www.campingcaladostia.com\/de\/wp-json\/wp\/v2\/users\/1"}],"replies":[{"embeddable":true,"href":"https:\/\/www.campingcaladostia.com\/de\/wp-json\/wp\/v2\/comments?post=1045"}],"version-history":[{"count":10,"href":"https:\/\/www.campingcaladostia.com\/de\/wp-json\/wp\/v2\/pages\/1045\/revisions"}],"predecessor-version":[{"id":5694,"href":"https:\/\/www.campingcaladostia.com\/de\/wp-json\/wp\/v2\/pages\/1045\/revisions\/5694"}],"up":[{"embeddable":true,"href":"https:\/\/www.campingcaladostia.com\/de\/wp-json\/wp\/v2\/pages\/1067"}],"wp:featuredmedia":[{"embeddable":true,"href":"https:\/\/www.campingcaladostia.com\/de\/wp-json\/wp\/v2\/media\/1263"}],"wp:attachment":[{"href":"https:\/\/www.campingcaladostia.com\/de\/wp-json\/wp\/v2\/media?parent=1045"}],"curies":[{"name":"wp","href":"https:\/\/api.w.org\/{rel}","templated":true}]}}