{"id":1027,"date":"2016-02-25T10:28:13","date_gmt":"2016-02-25T09:28:13","guid":{"rendered":"http:\/\/www.campingcaladostia.com\/de\/pizzeria\/"},"modified":"2025-07-22T19:03:29","modified_gmt":"2025-07-22T17:03:29","slug":"pizzeria","status":"publish","type":"page","link":"https:\/\/www.campingcaladostia.com\/de\/einrichtungen\/pizzeria\/","title":{"rendered":"Pizzeria"},"content":{"rendered":"\n<div class=\"wp-block-group block_1\"><div class=\"wp-block-group__inner-container is-layout-constrained wp-block-group-is-layout-constrained\">\n<div class=\"wp-block-cover is-light\"><img loading=\"lazy\" decoding=\"async\" width=\"1920\" height=\"984\" class=\"wp-block-cover__image-background wp-image-4252\" alt=\"\" src=\"https:\/\/www.campingcaladostia.com\/wp-content\/uploads\/2025\/02\/pizzeria.jpg\" data-object-fit=\"cover\"\/><span aria-hidden=\"true\" class=\"wp-block-cover__background has-background-dim-0 has-background-dim\"><\/span><div class=\"wp-block-cover__inner-container is-layout-constrained wp-block-cover-is-layout-constrained\">\n<h1 class=\"wp-block-heading has-text-align-center has-large-font-size\">Pizzeria<\/h1>\n<\/div><\/div>\n\n\n        <div class=\"prenota form-prenota\">\n            <div id=\"mysearchengine\" class=\"mgc-container mgc-wide\">&nbsp;<\/div>\n            <div class=\"aviso_agosto\">\n                                    Vom 1 bis 25 August werden Buchungen nur f\u00fcr mindestens 7 N\u00e4chte akzeptiert.\n                            <\/div>\n        <\/div>\n        \n<\/div><\/div>\n\n\n\n<div class=\"wp-block-group block_2\"><div class=\"wp-block-group__inner-container is-layout-constrained wp-block-group-is-layout-constrained\">\n<div class=\"wp-block-columns is-layout-flex wp-container-core-columns-is-layout-9d6595d7 wp-block-columns-is-layout-flex\">\n<div class=\"wp-block-column right is-layout-flow wp-block-column-is-layout-flow\">\n<h2 class=\"wp-block-heading\">Genie\u00dfen Sie eine leckere Pizza mit Freunden oder in aller Ruhe auf Ihrem eigenen Stellplatz.<\/h2>\n<\/div>\n\n\n\n<div class=\"wp-block-column left is-layout-flow wp-block-column-is-layout-flow\">\n<p>Im Urlaub in Italien sollte man eines auf keinen Fall verpassen \u2013 einen sch\u00f6nen Abend in einer <strong>Pizzeria<\/strong>. Genau deswegen bietet der Campingplatz Cala d\u2019Ostia seinen G\u00e4sten ein Pizza-Restaurant, in dem leckere Pizza in sch\u00f6nem Ambiente aufgetischt wird. Hier gibt es <strong>gro\u00dfe Pizzen<\/strong> in <strong>vielen Geschmacksrichtungen<\/strong>, die in den R\u00e4umlichkeiten der Pizzeria genossen werden k\u00f6nnen.<\/p>\n\n\n\n<p>Wenn Sie Ihre Pizza lieber in Ruhe genie\u00dfen m\u00f6chten, k\u00f6nnen Sie sie auch einfach nur bestellen und mit zu Ihrem Stellplatz nehmen. Die <strong>Pizzeria von Cala d\u2019Ostia<\/strong> fungiert n\u00e4mlich auch als <strong>Take-away-Restaurant<\/strong>. So wird sichergestellt, dass Sie in Ihrem Campingurlaub alles haben, was Sie brauchen, um einen perfekten Urlaub zu erleben.<\/p>\n<\/div>\n<\/div>\n<\/div><\/div>\n\n\n\n<div class=\"wp-block-group block_3\"><div class=\"wp-block-group__inner-container is-layout-constrained wp-block-group-is-layout-constrained\">\n<figure class=\"wp-block-image size-full\"><img loading=\"lazy\" decoding=\"async\" width=\"1920\" height=\"1054\" src=\"https:\/\/www.campingcaladostia.com\/wp-content\/uploads\/2025\/02\/pizzeria-1.jpg\" alt=\"\" class=\"wp-image-4259\"\/><\/figure>\n\n\n\n<figure class=\"wp-block-image size-large\"><img loading=\"lazy\" decoding=\"async\" width=\"1920\" height=\"1280\" src=\"https:\/\/www.campingcaladostia.com\/wp-content\/uploads\/2024\/11\/image00011.jpeg\" alt=\"\" class=\"wp-image-4024\"\/><\/figure>\n\n\n\n<figure class=\"wp-block-image size-large\"><img loading=\"lazy\" decoding=\"async\" width=\"1920\" height=\"1280\" src=\"https:\/\/www.campingcaladostia.com\/wp-content\/uploads\/2024\/11\/image00010.jpeg\" alt=\"\" class=\"wp-image-4021\"\/><\/figure>\n\n\n\n<figure class=\"wp-block-image size-full\"><img loading=\"lazy\" decoding=\"async\" width=\"1920\" height=\"1280\" src=\"https:\/\/www.campingcaladostia.com\/wp-content\/uploads\/2025\/07\/CampingCalaDostia-7.jpg\" alt=\"\" class=\"wp-image-5645\"\/><\/figure>\n<\/div><\/div>\n\n\n\n<div class=\"wp-block-group block_4\"><div class=\"wp-block-group__inner-container is-layout-constrained wp-block-group-is-layout-constrained\">\n<div class=\"wp-block-group call_to_action_galleria\"><div class=\"wp-block-group__inner-container is-layout-constrained wp-block-group-is-layout-constrained\">\n<figure class=\"wp-block-image size-full\"><img loading=\"lazy\" decoding=\"async\" width=\"716\" height=\"640\" src=\"https:\/\/www.campingcaladostia.com\/wp-content\/uploads\/2025\/02\/Group-2782.png\" alt=\"\" class=\"wp-image-4127\"\/><\/figure>\n\n\n\n<p>Galerie\u00a0des campingplatzes und der umgebung<\/p>\n\n\n\n<div class=\"wp-block-buttons is-layout-flex wp-block-buttons-is-layout-flex\">\n<div class=\"wp-block-button\"><a class=\"wp-block-button__link wp-element-button\" href=\"https:\/\/www.campingcaladostia.com\/de\/galerie\/\">Siehe die gallerie<\/a><\/div>\n<\/div>\n<\/div><\/div>\n<\/div><\/div>\n\n\n\n<div class=\"wp-block-group block_5\"><div class=\"wp-block-group__inner-container is-layout-constrained wp-block-group-is-layout-constrained\">\n<div class=\"wp-block-group nostri_partners\"><div class=\"wp-block-group__inner-container is-layout-constrained wp-block-group-is-layout-constrained\">\n<h2 class=\"wp-block-heading\">Unsere&nbsp;Partner<\/h2>\n\n\n\n<div class=\"wp-block-group images swiper-container\"><div class=\"wp-block-group__inner-container is-layout-constrained wp-block-group-is-layout-constrained\">\n<figure class=\"wp-block-image size-full \u00ecmage_1 swiper-slide\"><img loading=\"lazy\" decoding=\"async\" width=\"366\" height=\"316\" src=\"https:\/\/www.campingcaladostia.com\/wp-content\/uploads\/2019\/03\/logo-tripadvisor.png\" alt=\"\" class=\"wp-image-3344\"\/><\/figure>\n\n\n\n<figure class=\"wp-block-image size-full \u00ecmage_2 swiper-slide\"><img loading=\"lazy\" decoding=\"async\" width=\"366\" height=\"316\" src=\"https:\/\/www.campingcaladostia.com\/wp-content\/uploads\/2019\/03\/logo-koobcamp.png\" alt=\"\" class=\"wp-image-3341\"\/><\/figure>\n\n\n\n<figure class=\"wp-block-image size-full \u00ecmage_3 swiper-slide\"><img loading=\"lazy\" decoding=\"async\" width=\"365\" height=\"316\" src=\"https:\/\/www.campingcaladostia.com\/wp-content\/uploads\/2019\/03\/logo-grimaldi-lines.png\" alt=\"\" class=\"wp-image-3338\"\/><\/figure>\n\n\n\n<figure class=\"wp-block-image size-full \u00ecmage_4 swiper-slide\"><img loading=\"lazy\" decoding=\"async\" width=\"366\" height=\"316\" src=\"https:\/\/www.campingcaladostia.com\/wp-content\/uploads\/2019\/03\/logo-faita-federcamping-1.png\" alt=\"\" class=\"wp-image-3354\"\/><\/figure>\n\n\n\n<figure class=\"wp-block-image size-full \u00ecmage_5 swiper-slide\"><img loading=\"lazy\" decoding=\"async\" width=\"366\" height=\"316\" src=\"https:\/\/www.campingcaladostia.com\/wp-content\/uploads\/2019\/03\/logo-corsica-sardinia-ferries.png\" alt=\"\" class=\"wp-image-3332\"\/><\/figure>\n\n\n\n<figure class=\"wp-block-image size-full \u00ecmage_6 swiper-slide\"><img loading=\"lazy\" decoding=\"async\" width=\"366\" height=\"316\" src=\"https:\/\/www.campingcaladostia.com\/wp-content\/uploads\/2019\/03\/logo-camperisti-sardi.png\" alt=\"\" class=\"wp-image-3329\"\/><\/figure>\n\n\n\n<figure class=\"wp-block-image size-full \u00ecmage_7 swiper-slide\"><img loading=\"lazy\" decoding=\"async\" width=\"366\" height=\"316\" src=\"https:\/\/www.campingcaladostia.com\/wp-content\/uploads\/2019\/03\/logo-booking-com.png\" alt=\"\" class=\"wp-image-3326\"\/><\/figure>\n<\/div><\/div>\n<\/div><\/div>\n<\/div><\/div>\n","protected":false},"excerpt":{"rendered":"<p>Quando si \u00e8 in vacanza non pu\u00f2 mancare una bella serata in pizzeria. Proprio per questa ragione il Cala d&#8217;Ostia&#8230;<\/p>\n","protected":false},"author":1,"featured_media":658,"parent":1067,"menu_order":3,"comment_status":"closed","ping_status":"closed","template":"fullwith-without-title.php","meta":{"footnotes":""},"class_list":["post-1027","page","type-page","status-publish","has-post-thumbnail","hentry"],"yoast_head":"<!-- This site is optimized with the Yoast SEO plugin v27.1.1 - https:\/\/yoast.com\/product\/yoast-seo-wordpress\/ -->\n<title>Pizza in Sardinia - Camping Cala d&#039;Ostia<\/title>\n<meta name=\"description\" content=\"Im Urlaub in Italien sollte man eines auf keinen Fall verpassen \u2013 einen sch\u00f6nen Abend in einer Pizzeria!\" \/>\n<meta name=\"robots\" content=\"index, follow, max-snippet:-1, max-image-preview:large, max-video-preview:-1\" \/>\n<link rel=\"canonical\" href=\"https:\/\/www.campingcaladostia.com\/de\/einrichtungen\/pizzeria\/\" \/>\n<meta property=\"og:locale\" content=\"de_DE\" \/>\n<meta property=\"og:type\" content=\"article\" \/>\n<meta property=\"og:title\" content=\"Pizza in Sardinia - Camping Cala d&#039;Ostia\" \/>\n<meta property=\"og:description\" content=\"Im Urlaub in Italien sollte man eines auf keinen Fall verpassen \u2013 einen sch\u00f6nen Abend in einer Pizzeria!\" \/>\n<meta property=\"og:url\" content=\"https:\/\/www.campingcaladostia.com\/de\/einrichtungen\/pizzeria\/\" \/>\n<meta property=\"og:site_name\" content=\"Camping Cala d&#039;Ostia\" \/>\n<meta property=\"article:modified_time\" content=\"2025-07-22T17:03:29+00:00\" \/>\n<meta property=\"og:image\" content=\"https:\/\/www.campingcaladostia.com\/wp-content\/uploads\/2016\/03\/pizzeria-slide-1.jpg\" \/>\n\t<meta property=\"og:image:width\" content=\"1920\" \/>\n\t<meta property=\"og:image:height\" content=\"1329\" \/>\n\t<meta property=\"og:image:type\" content=\"image\/jpeg\" \/>\n<meta name=\"twitter:card\" content=\"summary_large_image\" \/>\n<meta name=\"twitter:label1\" content=\"Gesch\u00e4tzte Lesezeit\" \/>\n\t<meta name=\"twitter:data1\" content=\"6\u00a0Minuten\" \/>\n<script type=\"application\/ld+json\" class=\"yoast-schema-graph\">{\"@context\":\"https:\/\/schema.org\",\"@graph\":[{\"@type\":\"WebPage\",\"@id\":\"https:\/\/www.campingcaladostia.com\/de\/einrichtungen\/pizzeria\/\",\"url\":\"https:\/\/www.campingcaladostia.com\/de\/einrichtungen\/pizzeria\/\",\"name\":\"Pizza in Sardinia - Camping Cala d'Ostia\",\"isPartOf\":{\"@id\":\"https:\/\/www.campingcaladostia.com\/de\/#website\"},\"primaryImageOfPage\":{\"@id\":\"https:\/\/www.campingcaladostia.com\/de\/einrichtungen\/pizzeria\/#primaryimage\"},\"image\":{\"@id\":\"https:\/\/www.campingcaladostia.com\/de\/einrichtungen\/pizzeria\/#primaryimage\"},\"thumbnailUrl\":\"https:\/\/www.campingcaladostia.com\/wp-content\/uploads\/2016\/03\/pizzeria-slide-1.jpg\",\"datePublished\":\"2016-02-25T09:28:13+00:00\",\"dateModified\":\"2025-07-22T17:03:29+00:00\",\"description\":\"Im Urlaub in Italien sollte man eines auf keinen Fall verpassen \u2013 einen sch\u00f6nen Abend in einer Pizzeria!\",\"breadcrumb\":{\"@id\":\"https:\/\/www.campingcaladostia.com\/de\/einrichtungen\/pizzeria\/#breadcrumb\"},\"inLanguage\":\"de\",\"potentialAction\":[{\"@type\":\"ReadAction\",\"target\":[\"https:\/\/www.campingcaladostia.com\/de\/einrichtungen\/pizzeria\/\"]}]},{\"@type\":\"ImageObject\",\"inLanguage\":\"de\",\"@id\":\"https:\/\/www.campingcaladostia.com\/de\/einrichtungen\/pizzeria\/#primaryimage\",\"url\":\"https:\/\/www.campingcaladostia.com\/wp-content\/uploads\/2016\/03\/pizzeria-slide-1.jpg\",\"contentUrl\":\"https:\/\/www.campingcaladostia.com\/wp-content\/uploads\/2016\/03\/pizzeria-slide-1.jpg\",\"width\":1920,\"height\":1329},{\"@type\":\"BreadcrumbList\",\"@id\":\"https:\/\/www.campingcaladostia.com\/de\/einrichtungen\/pizzeria\/#breadcrumb\",\"itemListElement\":[{\"@type\":\"ListItem\",\"position\":1,\"name\":\"Home\",\"item\":\"https:\/\/www.campingcaladostia.com\/de\/\"},{\"@type\":\"ListItem\",\"position\":2,\"name\":\"Einrichtungen\",\"item\":\"https:\/\/www.campingcaladostia.com\/de\/einrichtungen\/\"},{\"@type\":\"ListItem\",\"position\":3,\"name\":\"Pizzeria\"}]},{\"@type\":\"WebSite\",\"@id\":\"https:\/\/www.campingcaladostia.com\/de\/#website\",\"url\":\"https:\/\/www.campingcaladostia.com\/de\/\",\"name\":\"Camping Cala d&#039;Ostia\",\"description\":\"Campeggio Sardegna sul mare a Pula\",\"potentialAction\":[{\"@type\":\"SearchAction\",\"target\":{\"@type\":\"EntryPoint\",\"urlTemplate\":\"https:\/\/www.campingcaladostia.com\/de\/?s={search_term_string}\"},\"query-input\":{\"@type\":\"PropertyValueSpecification\",\"valueRequired\":true,\"valueName\":\"search_term_string\"}}],\"inLanguage\":\"de\"}]}<\/script>\n<!-- \/ Yoast SEO plugin. -->","yoast_head_json":{"title":"Pizza in Sardinia - Camping Cala d'Ostia","description":"Im Urlaub in Italien sollte man eines auf keinen Fall verpassen \u2013 einen sch\u00f6nen Abend in einer Pizzeria!","robots":{"index":"index","follow":"follow","max-snippet":"max-snippet:-1","max-image-preview":"max-image-preview:large","max-video-preview":"max-video-preview:-1"},"canonical":"https:\/\/www.campingcaladostia.com\/de\/einrichtungen\/pizzeria\/","og_locale":"de_DE","og_type":"article","og_title":"Pizza in Sardinia - Camping Cala d'Ostia","og_description":"Im Urlaub in Italien sollte man eines auf keinen Fall verpassen \u2013 einen sch\u00f6nen Abend in einer Pizzeria!","og_url":"https:\/\/www.campingcaladostia.com\/de\/einrichtungen\/pizzeria\/","og_site_name":"Camping Cala d&#039;Ostia","article_modified_time":"2025-07-22T17:03:29+00:00","og_image":[{"width":1920,"height":1329,"url":"https:\/\/www.campingcaladostia.com\/wp-content\/uploads\/2016\/03\/pizzeria-slide-1.jpg","type":"image\/jpeg"}],"twitter_card":"summary_large_image","twitter_misc":{"Gesch\u00e4tzte Lesezeit":"6\u00a0Minuten"},"schema":{"@context":"https:\/\/schema.org","@graph":[{"@type":"WebPage","@id":"https:\/\/www.campingcaladostia.com\/de\/einrichtungen\/pizzeria\/","url":"https:\/\/www.campingcaladostia.com\/de\/einrichtungen\/pizzeria\/","name":"Pizza in Sardinia - Camping Cala d'Ostia","isPartOf":{"@id":"https:\/\/www.campingcaladostia.com\/de\/#website"},"primaryImageOfPage":{"@id":"https:\/\/www.campingcaladostia.com\/de\/einrichtungen\/pizzeria\/#primaryimage"},"image":{"@id":"https:\/\/www.campingcaladostia.com\/de\/einrichtungen\/pizzeria\/#primaryimage"},"thumbnailUrl":"https:\/\/www.campingcaladostia.com\/wp-content\/uploads\/2016\/03\/pizzeria-slide-1.jpg","datePublished":"2016-02-25T09:28:13+00:00","dateModified":"2025-07-22T17:03:29+00:00","description":"Im Urlaub in Italien sollte man eines auf keinen Fall verpassen \u2013 einen sch\u00f6nen Abend in einer Pizzeria!","breadcrumb":{"@id":"https:\/\/www.campingcaladostia.com\/de\/einrichtungen\/pizzeria\/#breadcrumb"},"inLanguage":"de","potentialAction":[{"@type":"ReadAction","target":["https:\/\/www.campingcaladostia.com\/de\/einrichtungen\/pizzeria\/"]}]},{"@type":"ImageObject","inLanguage":"de","@id":"https:\/\/www.campingcaladostia.com\/de\/einrichtungen\/pizzeria\/#primaryimage","url":"https:\/\/www.campingcaladostia.com\/wp-content\/uploads\/2016\/03\/pizzeria-slide-1.jpg","contentUrl":"https:\/\/www.campingcaladostia.com\/wp-content\/uploads\/2016\/03\/pizzeria-slide-1.jpg","width":1920,"height":1329},{"@type":"BreadcrumbList","@id":"https:\/\/www.campingcaladostia.com\/de\/einrichtungen\/pizzeria\/#breadcrumb","itemListElement":[{"@type":"ListItem","position":1,"name":"Home","item":"https:\/\/www.campingcaladostia.com\/de\/"},{"@type":"ListItem","position":2,"name":"Einrichtungen","item":"https:\/\/www.campingcaladostia.com\/de\/einrichtungen\/"},{"@type":"ListItem","position":3,"name":"Pizzeria"}]},{"@type":"WebSite","@id":"https:\/\/www.campingcaladostia.com\/de\/#website","url":"https:\/\/www.campingcaladostia.com\/de\/","name":"Camping Cala d&#039;Ostia","description":"Campeggio Sardegna sul mare a Pula","potentialAction":[{"@type":"SearchAction","target":{"@type":"EntryPoint","urlTemplate":"https:\/\/www.campingcaladostia.com\/de\/?s={search_term_string}"},"query-input":{"@type":"PropertyValueSpecification","valueRequired":true,"valueName":"search_term_string"}}],"inLanguage":"de"}]}},"_links":{"self":[{"href":"https:\/\/www.campingcaladostia.com\/de\/wp-json\/wp\/v2\/pages\/1027","targetHints":{"allow":["GET"]}}],"collection":[{"href":"https:\/\/www.campingcaladostia.com\/de\/wp-json\/wp\/v2\/pages"}],"about":[{"href":"https:\/\/www.campingcaladostia.com\/de\/wp-json\/wp\/v2\/types\/page"}],"author":[{"embeddable":true,"href":"https:\/\/www.campingcaladostia.com\/de\/wp-json\/wp\/v2\/users\/1"}],"replies":[{"embeddable":true,"href":"https:\/\/www.campingcaladostia.com\/de\/wp-json\/wp\/v2\/comments?post=1027"}],"version-history":[{"count":16,"href":"https:\/\/www.campingcaladostia.com\/de\/wp-json\/wp\/v2\/pages\/1027\/revisions"}],"predecessor-version":[{"id":5700,"href":"https:\/\/www.campingcaladostia.com\/de\/wp-json\/wp\/v2\/pages\/1027\/revisions\/5700"}],"up":[{"embeddable":true,"href":"https:\/\/www.campingcaladostia.com\/de\/wp-json\/wp\/v2\/pages\/1067"}],"wp:featuredmedia":[{"embeddable":true,"href":"https:\/\/www.campingcaladostia.com\/de\/wp-json\/wp\/v2\/media\/658"}],"wp:attachment":[{"href":"https:\/\/www.campingcaladostia.com\/de\/wp-json\/wp\/v2\/media?parent=1027"}],"curies":[{"name":"wp","href":"https:\/\/api.w.org\/{rel}","templated":true}]}}